{"id":2934,"date":"2023-03-06T16:23:24","date_gmt":"2023-03-06T15:23:24","guid":{"rendered":"https:\/\/leboutiquehotelscollection.com\/?page_id=2934"},"modified":"2026-02-12T14:36:01","modified_gmt":"2026-02-12T13:36:01","slug":"nuestra-politica-de-rse","status":"publish","type":"page","link":"https:\/\/leboutiquehotelscollection.com\/es\/nuestra-politica-de-rse\/","title":{"rendered":"Nuestra pol\u00edtica de RSE"},"content":{"rendered":"<div class=\"wpb-content-wrapper\">[vc_row][vc_column][vc_column_text]\n<h2 style=\"text-align: center;\">\u00bfQu\u00e9 es la RSE?<\/h2>\n[\/vc_column_text][vc_column_text]\n<p style=\"text-align: center;\">La RSE pretende integrar mejor las cuestiones sociales y poner en pr\u00e1ctica el desarrollo sostenible en la empresa.<br \/>\nConcretamente, consiste en esforzarse por proteger el medio ambiente y tomar iniciativas en el \u00e1mbito social.<\/p>\n[\/vc_column_text][\/vc_column][\/vc_row][vc_row][vc_column][vc_column_text]\n<h2>Nuestra pol\u00edtica medioambiental<\/h2>\n[\/vc_column_text][vc_column_text css=\u00bb\u00bb]\n<p data-start=\"0\" data-end=\"168\">En 2026, el grupo LBHC renov\u00f3 la certificaci\u00f3n Llave Verde para Le Palais Gallien H\u00f4tel &amp; Spa, Le Boutique H\u00f4tel &amp; Spa, Le Grand Large H\u00f4tel &amp; Spa y La Villa Mauresque.<\/p>\n<p data-start=\"170\" data-end=\"307\">La etiqueta Llave Verde es la principal certificaci\u00f3n medioambiental que reconoce las acciones implementadas en favor del medio ambiente.<\/p>\n<p data-start=\"309\" data-end=\"358\">Nuestras principales acciones son las siguientes:<\/p>\n<p data-start=\"360\" data-end=\"679\"><strong data-start=\"360\" data-end=\"399\">Compras sostenibles y responsables:<\/strong> Adem\u00e1s de contar con equipos el\u00e9ctricos de bajo consumo energ\u00e9tico, hemos equipado nuestros hoteles con sistemas de limpieza y desinfecci\u00f3n con vapor seco, contribuyendo a la eliminaci\u00f3n de productos qu\u00edmicos y a la reducci\u00f3n de la carga f\u00edsica para nuestros equipos de limpieza.<\/p>\n<p data-start=\"681\" data-end=\"926\"><strong data-start=\"681\" data-end=\"710\">Ahorro de agua y energ\u00eda:<\/strong> Hemos instalado temporizadores para la iluminaci\u00f3n y dispositivos de ahorro de agua. Asimismo, sensibilizamos a nuestros clientes sobre los gestos ecol\u00f3gicos, anim\u00e1ndolos a reducir su consumo de agua y electricidad.<\/p>\n<p data-start=\"928\" data-end=\"1199\"><strong data-start=\"928\" data-end=\"961\">Sensibilizaci\u00f3n del personal:<\/strong> Se han designado responsables de la Llave Verde y han recibido formaci\u00f3n sobre los retos del desarrollo sostenible. Todos los empleados reciben cada a\u00f1o una nota informativa sobre la estrategia sostenible adoptada por el establecimiento.<\/p>\n<p data-start=\"1201\" data-end=\"1520\" data-is-last-node=\"\" data-is-only-node=\"\"><strong data-start=\"1201\" data-end=\"1225\">Gesti\u00f3n de residuos:<\/strong> En Le Boutique H\u00f4tel &amp; Spa trabajamos con actores innovadores para redistribuir los alimentos no consumidos y as\u00ed luchar contra el desperdicio alimentario. En cada uno de nuestros establecimientos, velamos por el correcto reciclaje y medimos el volumen de residuos con el objetivo de reducirlo.<\/p>\n[\/vc_column_text][vc_empty_space][\/vc_column][\/vc_row][vc_row][vc_column][vc_column_text]\n<h2>Nuestra pol\u00edtica social<\/h2>\n[\/vc_column_text][vc_column_text]Nuestros valores son compartir, comprometerse, transmitir y ser generosos. La puesta en com\u00fan de nuestro saber hacer y nuestras competencias, la transmisi\u00f3n de nuestras ideas y nuestros conocimientos favorecen una relaci\u00f3n de confianza y permiten llevar a buen t\u00e9rmino cada proyecto. Los valores que encarnamos contribuyen a una acogida personalizada de nuestros hu\u00e9spedes, incluida una cierta proximidad con ellos, verdadera firma del grupo.<\/p>\n<p>LBHC es tambi\u00e9n un grupo en plena expansi\u00f3n, que ofrece a sus empleados oportunidades de desarrollo interno y geogr\u00e1fico. A diario, nuestros equipos se encargan de formar a aprendices y becarios para darles todas las herramientas necesarias, con la posibilidad de ser contratados.<br \/>\nNuestro nuevo proyecto, la apertura de la escuela de hosteler\u00eda EHCA en la Costa Azul, es un reflejo de nuestros valores: poner en valor las competencias de los j\u00f3venes talentos y hacer que contribuyan al desarrollo de nuestros proyectos.<\/p>\n<p>Para que nuestros empleados est\u00e9n bien integrados, organizamos eventos y actividades de team-building: verdaderas palancas para fomentar la cohesi\u00f3n del equipo. Adem\u00e1s, reforzar la cohesi\u00f3n a trav\u00e9s de una buena comunicaci\u00f3n es el objetivo del bolet\u00edn informativo distribuido internamente, para que todos puedan seguir la evoluci\u00f3n de los proyectos del grupo.<br \/>\nNuestro compromiso con el medio ambiente tambi\u00e9n contribuye a mejorar el bienestar de nuestros empleados en el trabajo, sobre todo mediante el uso de productos con certificaci\u00f3n ecol\u00f3gica, menos nocivos para la salud.<br \/>\nPara maximizar la organizaci\u00f3n y la gesti\u00f3n del tiempo, hemos implantado el software HRIS (Human Resources Information System). De este modo, se automatizan y facilitan determinadas tareas, como la actualizaci\u00f3n de los expedientes de RRHH de los empleados, la gesti\u00f3n de las vacaciones, etc. Este sistema permite un mejor seguimiento de los empleados, lo que mejora el rendimiento del equipo.<\/p>\n<p>Por \u00faltimo, a la hora de contratar, velamos por la inclusi\u00f3n y la diversidad en nuestros equipos. En particular, integramos a trabajadores discapacitados y empleados multiculturales: una baza fundamental en un grupo con una clientela internacional.[\/vc_column_text][vc_empty_space]<figure class=\"vcex-image vcex-module wpex-text-center\"><div class=\"vcex-image-inner wpex-relative wpex-inline-block\"><img width=\"500\" height=\"500\" src=\"https:\/\/leboutiquehotelscollection.com\/wp-content\/uploads\/2023\/03\/2.png\" class=\"vcex-image-img wpex-align-middle\" alt=\"\" loading=\"lazy\" decoding=\"async\" srcset=\"https:\/\/leboutiquehotelscollection.com\/wp-content\/uploads\/2023\/03\/2.png 500w, https:\/\/leboutiquehotelscollection.com\/wp-content\/uploads\/2023\/03\/2-300x300.png 300w, https:\/\/leboutiquehotelscollection.com\/wp-content\/uploads\/2023\/03\/2-150x150.png 150w\" sizes=\"auto, (max-width: 500px) 100vw, 500px\" \/><\/div><\/figure>[\/vc_column][\/vc_row]\n<\/div>","protected":false},"excerpt":{"rendered":"<p>[vc_row][vc_column][vc_column_text] \u00bfQu\u00e9 es la RSE? [\/vc_column_text][vc_column_text] La RSE pretende integrar mejor las cuestiones sociales y poner en pr\u00e1ctica el desarrollo sostenible en la empresa. Concretamente, consiste en esforzarse por proteger el medio ambiente y tomar iniciativas en el \u00e1mbito social. [\/vc_column_text][\/vc_column][\/vc_row][vc_row][vc_column][vc_column_text] Nuestra pol\u00edtica medioambiental [\/vc_column_text][vc_column_text css=\u00bb\u00bb] En 2026, el grupo LBHC renov\u00f3 la certificaci\u00f3n Llave&hellip;<\/p>\n","protected":false},"author":1024,"featured_media":0,"parent":0,"menu_order":0,"comment_status":"closed","ping_status":"closed","template":"","meta":{"_acf_changed":false,"inline_featured_image":false,"footnotes":""},"class_list":["post-2934","page","type-page","status-publish","hentry","entry","no-media"],"acf":[],"yoast_head":"<!-- This site is optimized with the Yoast SEO plugin v27.1.1 - https:\/\/yoast.com\/product\/yoast-seo-wordpress\/ -->\n<title>Nuestra pol\u00edtica de RSE - Boutique H\u00f4tels Collection<\/title>\n<meta name=\"robots\" content=\"index, follow, max-snippet:-1, max-image-preview:large, max-video-preview:-1\" \/>\n<link rel=\"canonical\" href=\"https:\/\/leboutiquehotelscollection.com\/es\/nuestra-politica-de-rse\/\" \/>\n<meta property=\"og:locale\" content=\"es_ES\" \/>\n<meta property=\"og:type\" content=\"article\" \/>\n<meta property=\"og:title\" content=\"Nuestra pol\u00edtica de RSE - Boutique H\u00f4tels Collection\" \/>\n<meta property=\"og:description\" content=\"[vc_row][vc_column][vc_column_text] \u00bfQu\u00e9 es la RSE? [\/vc_column_text][vc_column_text] La RSE pretende integrar mejor las cuestiones sociales y poner en pr\u00e1ctica el desarrollo sostenible en la empresa. Concretamente, consiste en esforzarse por proteger el medio ambiente y tomar iniciativas en el \u00e1mbito social. [\/vc_column_text][\/vc_column][\/vc_row][vc_row][vc_column][vc_column_text] Nuestra pol\u00edtica medioambiental [\/vc_column_text][vc_column_text css=\u00bb\u00bb] En 2026, el grupo LBHC renov\u00f3 la certificaci\u00f3n Llave&hellip;\" \/>\n<meta property=\"og:url\" content=\"https:\/\/leboutiquehotelscollection.com\/es\/nuestra-politica-de-rse\/\" \/>\n<meta property=\"og:site_name\" content=\"Boutique H\u00f4tels Collection\" \/>\n<meta property=\"article:modified_time\" content=\"2026-02-12T13:36:01+00:00\" \/>\n<meta name=\"twitter:card\" content=\"summary_large_image\" \/>\n<meta name=\"twitter:label1\" content=\"Tiempo de lectura\" \/>\n\t<meta name=\"twitter:data1\" content=\"4 minutos\" \/>\n<script type=\"application\/ld+json\" class=\"yoast-schema-graph\">{\"@context\":\"https:\/\/schema.org\",\"@graph\":[{\"@type\":\"WebPage\",\"@id\":\"https:\/\/leboutiquehotelscollection.com\/es\/nuestra-politica-de-rse\/\",\"url\":\"https:\/\/leboutiquehotelscollection.com\/es\/nuestra-politica-de-rse\/\",\"name\":\"Nuestra pol\u00edtica de RSE - Boutique H\u00f4tels Collection\",\"isPartOf\":{\"@id\":\"https:\/\/leboutiquehotelscollection.com\/#website\"},\"datePublished\":\"2023-03-06T15:23:24+00:00\",\"dateModified\":\"2026-02-12T13:36:01+00:00\",\"breadcrumb\":{\"@id\":\"https:\/\/leboutiquehotelscollection.com\/es\/nuestra-politica-de-rse\/#breadcrumb\"},\"inLanguage\":\"es\",\"potentialAction\":[{\"@type\":\"ReadAction\",\"target\":[\"https:\/\/leboutiquehotelscollection.com\/es\/nuestra-politica-de-rse\/\"]}]},{\"@type\":\"BreadcrumbList\",\"@id\":\"https:\/\/leboutiquehotelscollection.com\/es\/nuestra-politica-de-rse\/#breadcrumb\",\"itemListElement\":[{\"@type\":\"ListItem\",\"position\":1,\"name\":\"Accueil\",\"item\":\"https:\/\/leboutiquehotelscollection.com\/es\/\"},{\"@type\":\"ListItem\",\"position\":2,\"name\":\"Nuestra pol\u00edtica de RSE\"}]},{\"@type\":\"WebSite\",\"@id\":\"https:\/\/leboutiquehotelscollection.com\/#website\",\"url\":\"https:\/\/leboutiquehotelscollection.com\/\",\"name\":\"Boutique H\u00f4tels Collection\",\"description\":\"Exigez l&#039;exceptionnel\",\"publisher\":{\"@id\":\"https:\/\/leboutiquehotelscollection.com\/#organization\"},\"potentialAction\":[{\"@type\":\"SearchAction\",\"target\":{\"@type\":\"EntryPoint\",\"urlTemplate\":\"https:\/\/leboutiquehotelscollection.com\/?s={search_term_string}\"},\"query-input\":{\"@type\":\"PropertyValueSpecification\",\"valueRequired\":true,\"valueName\":\"search_term_string\"}}],\"inLanguage\":\"es\"},{\"@type\":\"Organization\",\"@id\":\"https:\/\/leboutiquehotelscollection.com\/#organization\",\"name\":\"Boutique H\u00f4tels Collection\",\"url\":\"https:\/\/leboutiquehotelscollection.com\/\",\"logo\":{\"@type\":\"ImageObject\",\"inLanguage\":\"es\",\"@id\":\"https:\/\/leboutiquehotelscollection.com\/#\/schema\/logo\/image\/\",\"url\":\"https:\/\/leboutiquehotelscollection.com\/wp-content\/uploads\/2021\/07\/boutique-hotels-collection-logo.svg\",\"contentUrl\":\"https:\/\/leboutiquehotelscollection.com\/wp-content\/uploads\/2021\/07\/boutique-hotels-collection-logo.svg\",\"caption\":\"Boutique H\u00f4tels Collection\"},\"image\":{\"@id\":\"https:\/\/leboutiquehotelscollection.com\/#\/schema\/logo\/image\/\"}}]}<\/script>\n<!-- \/ Yoast SEO plugin. -->","yoast_head_json":{"title":"Nuestra pol\u00edtica de RSE - Boutique H\u00f4tels Collection","robots":{"index":"index","follow":"follow","max-snippet":"max-snippet:-1","max-image-preview":"max-image-preview:large","max-video-preview":"max-video-preview:-1"},"canonical":"https:\/\/leboutiquehotelscollection.com\/es\/nuestra-politica-de-rse\/","og_locale":"es_ES","og_type":"article","og_title":"Nuestra pol\u00edtica de RSE - Boutique H\u00f4tels Collection","og_description":"[vc_row][vc_column][vc_column_text] \u00bfQu\u00e9 es la RSE? [\/vc_column_text][vc_column_text] La RSE pretende integrar mejor las cuestiones sociales y poner en pr\u00e1ctica el desarrollo sostenible en la empresa. Concretamente, consiste en esforzarse por proteger el medio ambiente y tomar iniciativas en el \u00e1mbito social. [\/vc_column_text][\/vc_column][\/vc_row][vc_row][vc_column][vc_column_text] Nuestra pol\u00edtica medioambiental [\/vc_column_text][vc_column_text css=\u00bb\u00bb] En 2026, el grupo LBHC renov\u00f3 la certificaci\u00f3n Llave&hellip;","og_url":"https:\/\/leboutiquehotelscollection.com\/es\/nuestra-politica-de-rse\/","og_site_name":"Boutique H\u00f4tels Collection","article_modified_time":"2026-02-12T13:36:01+00:00","twitter_card":"summary_large_image","twitter_misc":{"Tiempo de lectura":"4 minutos"},"schema":{"@context":"https:\/\/schema.org","@graph":[{"@type":"WebPage","@id":"https:\/\/leboutiquehotelscollection.com\/es\/nuestra-politica-de-rse\/","url":"https:\/\/leboutiquehotelscollection.com\/es\/nuestra-politica-de-rse\/","name":"Nuestra pol\u00edtica de RSE - Boutique H\u00f4tels Collection","isPartOf":{"@id":"https:\/\/leboutiquehotelscollection.com\/#website"},"datePublished":"2023-03-06T15:23:24+00:00","dateModified":"2026-02-12T13:36:01+00:00","breadcrumb":{"@id":"https:\/\/leboutiquehotelscollection.com\/es\/nuestra-politica-de-rse\/#breadcrumb"},"inLanguage":"es","potentialAction":[{"@type":"ReadAction","target":["https:\/\/leboutiquehotelscollection.com\/es\/nuestra-politica-de-rse\/"]}]},{"@type":"BreadcrumbList","@id":"https:\/\/leboutiquehotelscollection.com\/es\/nuestra-politica-de-rse\/#breadcrumb","itemListElement":[{"@type":"ListItem","position":1,"name":"Accueil","item":"https:\/\/leboutiquehotelscollection.com\/es\/"},{"@type":"ListItem","position":2,"name":"Nuestra pol\u00edtica de RSE"}]},{"@type":"WebSite","@id":"https:\/\/leboutiquehotelscollection.com\/#website","url":"https:\/\/leboutiquehotelscollection.com\/","name":"Boutique H\u00f4tels Collection","description":"Exigez l&#039;exceptionnel","publisher":{"@id":"https:\/\/leboutiquehotelscollection.com\/#organization"},"potentialAction":[{"@type":"SearchAction","target":{"@type":"EntryPoint","urlTemplate":"https:\/\/leboutiquehotelscollection.com\/?s={search_term_string}"},"query-input":{"@type":"PropertyValueSpecification","valueRequired":true,"valueName":"search_term_string"}}],"inLanguage":"es"},{"@type":"Organization","@id":"https:\/\/leboutiquehotelscollection.com\/#organization","name":"Boutique H\u00f4tels Collection","url":"https:\/\/leboutiquehotelscollection.com\/","logo":{"@type":"ImageObject","inLanguage":"es","@id":"https:\/\/leboutiquehotelscollection.com\/#\/schema\/logo\/image\/","url":"https:\/\/leboutiquehotelscollection.com\/wp-content\/uploads\/2021\/07\/boutique-hotels-collection-logo.svg","contentUrl":"https:\/\/leboutiquehotelscollection.com\/wp-content\/uploads\/2021\/07\/boutique-hotels-collection-logo.svg","caption":"Boutique H\u00f4tels Collection"},"image":{"@id":"https:\/\/leboutiquehotelscollection.com\/#\/schema\/logo\/image\/"}}]}},"_links":{"self":[{"href":"https:\/\/leboutiquehotelscollection.com\/es\/wp-json\/wp\/v2\/pages\/2934","targetHints":{"allow":["GET"]}}],"collection":[{"href":"https:\/\/leboutiquehotelscollection.com\/es\/wp-json\/wp\/v2\/pages"}],"about":[{"href":"https:\/\/leboutiquehotelscollection.com\/es\/wp-json\/wp\/v2\/types\/page"}],"author":[{"embeddable":true,"href":"https:\/\/leboutiquehotelscollection.com\/es\/wp-json\/wp\/v2\/users\/1024"}],"replies":[{"embeddable":true,"href":"https:\/\/leboutiquehotelscollection.com\/es\/wp-json\/wp\/v2\/comments?post=2934"}],"version-history":[{"count":5,"href":"https:\/\/leboutiquehotelscollection.com\/es\/wp-json\/wp\/v2\/pages\/2934\/revisions"}],"predecessor-version":[{"id":4356,"href":"https:\/\/leboutiquehotelscollection.com\/es\/wp-json\/wp\/v2\/pages\/2934\/revisions\/4356"}],"wp:attachment":[{"href":"https:\/\/leboutiquehotelscollection.com\/es\/wp-json\/wp\/v2\/media?parent=2934"}],"curies":[{"name":"wp","href":"https:\/\/api.w.org\/{rel}","templated":true}]}}