{"id":2048,"date":"2021-08-14T21:18:17","date_gmt":"2021-08-14T19:18:17","guid":{"rendered":"https:\/\/leboutiquehotelscollection.com\/lecole-hoteliere-de-la-cote-dazur\/"},"modified":"2023-04-19T10:18:48","modified_gmt":"2023-04-19T08:18:48","slug":"laescuela-hotelera-de-la-costa-azul","status":"publish","type":"page","link":"https:\/\/leboutiquehotelscollection.com\/es\/laescuela-hotelera-de-la-costa-azul\/","title":{"rendered":"La Escuela Hotelera de la Costa Azul, by EHL"},"content":{"rendered":"<div class=\"wpb-content-wrapper\">[vc_row full_width=\u00bbstretch_row\u00bb el_class=\u00bbbannier-top-image-big\u00bb css=\u00bb.vc_custom_1629384551477{background-image: url(https:\/\/leboutiquehotelscollection.com\/wp-content\/uploads\/2021\/08\/visuel-ecole-hotelier.jpg?id=679) !important;background-position: center !important;background-repeat: no-repeat !important;background-size: cover !important;}\u00bb][vc_column][\/vc_column][\/vc_row][vc_row el_class=\u00bbbannier-uptitle-title\u00bb][vc_column][vc_column_text text_align=\u00bbcenter\u00bb]\n<h1>La Escuela Hotelera de la Costa Azul, by EHL<\/h1>\n[\/vc_column_text][\/vc_column][\/vc_row][vc_row remove_bottom_col_margin=\u00bbtrue\u00bb][vc_column][vc_column_text el_class=\u00bbintro intro-top-page\u00bb]La Escuela Hotelera de la Costa Azul es el proyecto emblem\u00e1tico de Boutique Hotels Collection para este 2025.[\/vc_column_text][\/vc_column][\/vc_row][vc_row el_id=\u00bbpage-ecole-hoteliere-bannier-content\u00bb][vc_column css_animation=\u00bbleft-to-right\u00bb width=\u00bb1\/2&#8243;][vc_single_image image=\u00bb676&#8243;][\/vc_column][vc_column css_animation=\u00bbright-to-left\u00bb width=\u00bb1\/2&#8243; css_animation_delay=\u00bb0.3&#8243;][vc_column_text]\n<blockquote><p>Nunca dejar de ense\u00f1ar<\/p><\/blockquote>\n<p>El grupo, que cuenta con gran experiencia y conocimientos en el sector, ha advertido cierta falencia en la formaci\u00f3n en hoteler\u00eda y es por eso que ha decidido lanzarse en el desarrollo de una escuela hotelera, la EHCA, respaldada por grandes integrantes, como la <strong>\u00c9cole H\u00f4teli\u00e8re de Lausanne<\/strong> (Escuela Hotelera de Lausana). Desarrollar\u00e1 j\u00f3venes talentos que ingresar\u00e1n en la industria con el potencial de convertirse en futuros l\u00edderes de la hospitalidad.<\/p>\n<p>Este proyecto, que tiene toda la fuerza y ambici\u00f3n de un proyecto innovador, ver\u00e1 la luz durante el transcurso del 2025.<\/p>\n<blockquote><p>Formaremos a los mejores para garantizar el aumento y la continuidad de la calidad de los servicios en nuestro sector: la hoteler\u00eda de lujo, y encarnaremos los valores caracter\u00edsticos de la \u00c9cole H\u00f4teli\u00e8re de Lausanne, estableciendo un v\u00ednculo entre todas las generaciones de diplomados, tanto antiguos como futuros.<\/p><\/blockquote>\n<p><em>Bastien Deschamps \u2013 Presidente<\/em><br \/>\n<em>Christophe San Jos\u00e9 &#8211; Co-fondador<\/em>[\/vc_column_text]<div class=\"vcex-image-grid-wrap\"><div class=\"vcex-module vcex-image-grid grid-style-default wpex-row wpex-clr\"><div class=\"id-2151 vcex-image-grid-entry vcex-grid-item wpex-text-center span_1_of_1 span_1_of_1_tl span_1_of_1_tp span_1_of_1_pl span_1_of_1_pp col col-1\"><figure class=\"vcex-image-grid-entry-figure wpex-last-mb-0 wpex-clr\"><div class=\"vcex-image-grid-entry-img entry-media wpex-relative wpex-mb-20\"><a href=\"mailto:contact@ehca.fr\" class=\"vcex-image-grid-entry-link\"><img width=\"1\" height=\"1\" src=\"https:\/\/leboutiquehotelscollection.com\/wp-content\/uploads\/2021\/08\/mail.svg\" class=\"wpex-align-middle\" alt=\"\" loading=\"lazy\" decoding=\"async\" \/><\/a><\/div><\/figure><\/div><\/div><\/div>[\/vc_column][\/vc_row][vc_row][vc_column css=\u00bb.vc_custom_1628968661048{margin-bottom: 0px !important;}\u00bb][vc_empty_space height=\u00bb60px\u00bb]<div class=\"templatera_shortcode\"><style type=\"text\/css\" data-type=\"vc_shortcodes-custom-css\">.vc_custom_1632728575936{margin-top: 30px !important;}<\/style><div class=\"vc_row wpb_row vc_row-fluid bannier-uptitle-title wpex-vc-full-width-row wpex-vc-full-width-row--no-padding wpex-relative\"><div class=\"wpb_column vc_column_container vc_col-sm-12\"><div class=\"vc_column-inner\"><div class=\"wpb_wrapper\">\n\t<div class=\"wpb_text_column wpb_content_element\" >\n\t\t<div class=\"wpb_wrapper\">\n\t\t\t<p>HOTELES - APARTAMIENTOS - VILLAS<\/p>\n\n\t\t<\/div>\n\t<\/div>\n\n\t<div style=\"text-align:center;\" class=\"wpb_text_column wpb_content_element\" >\n\t\t<div class=\"wpb_wrapper\">\n\t\t\t<h2>Galeria<\/h2>\n\n\t\t<\/div>\n\t<\/div>\n<\/div><\/div><\/div><\/div><div id=\"template-bannier-galerie\" class=\"vc_row wpb_row vc_row-fluid wpex-vc-full-width-row wpex-vc-full-width-row--no-padding wpex-relative\"><div class=\"wpb_column vc_column_container vc_col-sm-12\"><div class=\"vc_column-inner\"><div class=\"wpb_wrapper\"><div class=\"theme-button-wrap textcenter wpex-clr\"><a href=\"https:\/\/leboutiquehotelscollection.com\/es\/galeria\/\" class=\"vcex-button theme-button align-center inline custom-button\"><span class=\"vcex-button-inner theme-button-inner wpex-flex wpex-flex-wrap wpex-items-center wpex-justify-center\">VER LA GALERIA<\/span><\/a><\/div> \n\t<div  class=\"wpb_single_image wpb_content_element vc_align_center wpb_content_element vc_custom_1632728575936\">\n\t\t\n\t\t<figure class=\"wpb_wrapper vc_figure\">\n\t\t\t<div class=\"vc_single_image-wrapper   vc_box_border_grey\"><img width=\"1200\" height=\"739\" src=\"https:\/\/leboutiquehotelscollection.com\/wp-content\/uploads\/2021\/08\/boutique-hotel-collection-galerie-photos.jpg\" class=\"vc_single_image-img attachment-full\" alt=\"\" title=\"boutique-hotel-collection-galerie-photos\" srcset=\"https:\/\/leboutiquehotelscollection.com\/wp-content\/uploads\/2021\/08\/boutique-hotel-collection-galerie-photos.jpg 1200w, https:\/\/leboutiquehotelscollection.com\/wp-content\/uploads\/2021\/08\/boutique-hotel-collection-galerie-photos-300x185.jpg 300w, https:\/\/leboutiquehotelscollection.com\/wp-content\/uploads\/2021\/08\/boutique-hotel-collection-galerie-photos-1024x631.jpg 1024w, https:\/\/leboutiquehotelscollection.com\/wp-content\/uploads\/2021\/08\/boutique-hotel-collection-galerie-photos-768x473.jpg 768w\" sizes=\"(max-width: 1200px) 100vw, 1200px\" \/><\/div>\n\t\t<\/figure>\n\t<\/div>\n<\/div><\/div><\/div><\/div><\/div>[\/vc_column][\/vc_row]\n<\/div>","protected":false},"excerpt":{"rendered":"","protected":false},"author":1024,"featured_media":0,"parent":0,"menu_order":0,"comment_status":"closed","ping_status":"closed","template":"","meta":{"_acf_changed":false,"inline_featured_image":false,"footnotes":""},"class_list":["post-2048","page","type-page","status-publish","hentry","entry","no-media"],"acf":[],"yoast_head":"<!-- This site is optimized with the Yoast SEO plugin v27.1.1 - https:\/\/yoast.com\/product\/yoast-seo-wordpress\/ -->\n<title>La Escuela Hotelera de la Costa Azul, by EHL - Boutique H\u00f4tels Collection<\/title>\n<meta name=\"robots\" content=\"index, follow, max-snippet:-1, max-image-preview:large, max-video-preview:-1\" \/>\n<link rel=\"canonical\" href=\"https:\/\/leboutiquehotelscollection.com\/es\/laescuela-hotelera-de-la-costa-azul\/\" \/>\n<meta property=\"og:locale\" content=\"es_ES\" \/>\n<meta property=\"og:type\" content=\"article\" \/>\n<meta property=\"og:title\" content=\"La Escuela Hotelera de la Costa Azul, by EHL - Boutique H\u00f4tels Collection\" \/>\n<meta property=\"og:url\" content=\"https:\/\/leboutiquehotelscollection.com\/es\/laescuela-hotelera-de-la-costa-azul\/\" \/>\n<meta property=\"og:site_name\" content=\"Boutique H\u00f4tels Collection\" \/>\n<meta property=\"article:modified_time\" content=\"2023-04-19T08:18:48+00:00\" \/>\n<meta name=\"twitter:card\" content=\"summary_large_image\" \/>\n<meta name=\"twitter:label1\" content=\"Tiempo de lectura\" \/>\n\t<meta name=\"twitter:data1\" content=\"1 minuto\" \/>\n<script type=\"application\/ld+json\" class=\"yoast-schema-graph\">{\"@context\":\"https:\/\/schema.org\",\"@graph\":[{\"@type\":\"WebPage\",\"@id\":\"https:\/\/leboutiquehotelscollection.com\/es\/laescuela-hotelera-de-la-costa-azul\/\",\"url\":\"https:\/\/leboutiquehotelscollection.com\/es\/laescuela-hotelera-de-la-costa-azul\/\",\"name\":\"La Escuela Hotelera de la Costa Azul, by EHL - Boutique H\u00f4tels Collection\",\"isPartOf\":{\"@id\":\"https:\/\/leboutiquehotelscollection.com\/#website\"},\"datePublished\":\"2021-08-14T19:18:17+00:00\",\"dateModified\":\"2023-04-19T08:18:48+00:00\",\"breadcrumb\":{\"@id\":\"https:\/\/leboutiquehotelscollection.com\/es\/laescuela-hotelera-de-la-costa-azul\/#breadcrumb\"},\"inLanguage\":\"es\",\"potentialAction\":[{\"@type\":\"ReadAction\",\"target\":[\"https:\/\/leboutiquehotelscollection.com\/es\/laescuela-hotelera-de-la-costa-azul\/\"]}]},{\"@type\":\"BreadcrumbList\",\"@id\":\"https:\/\/leboutiquehotelscollection.com\/es\/laescuela-hotelera-de-la-costa-azul\/#breadcrumb\",\"itemListElement\":[{\"@type\":\"ListItem\",\"position\":1,\"name\":\"Accueil\",\"item\":\"https:\/\/leboutiquehotelscollection.com\/es\/\"},{\"@type\":\"ListItem\",\"position\":2,\"name\":\"La Escuela Hotelera de la Costa Azul, by EHL\"}]},{\"@type\":\"WebSite\",\"@id\":\"https:\/\/leboutiquehotelscollection.com\/#website\",\"url\":\"https:\/\/leboutiquehotelscollection.com\/\",\"name\":\"Boutique H\u00f4tels Collection\",\"description\":\"Exigez l&#039;exceptionnel\",\"publisher\":{\"@id\":\"https:\/\/leboutiquehotelscollection.com\/#organization\"},\"potentialAction\":[{\"@type\":\"SearchAction\",\"target\":{\"@type\":\"EntryPoint\",\"urlTemplate\":\"https:\/\/leboutiquehotelscollection.com\/?s={search_term_string}\"},\"query-input\":{\"@type\":\"PropertyValueSpecification\",\"valueRequired\":true,\"valueName\":\"search_term_string\"}}],\"inLanguage\":\"es\"},{\"@type\":\"Organization\",\"@id\":\"https:\/\/leboutiquehotelscollection.com\/#organization\",\"name\":\"Boutique H\u00f4tels Collection\",\"url\":\"https:\/\/leboutiquehotelscollection.com\/\",\"logo\":{\"@type\":\"ImageObject\",\"inLanguage\":\"es\",\"@id\":\"https:\/\/leboutiquehotelscollection.com\/#\/schema\/logo\/image\/\",\"url\":\"https:\/\/leboutiquehotelscollection.com\/wp-content\/uploads\/2021\/07\/boutique-hotels-collection-logo.svg\",\"contentUrl\":\"https:\/\/leboutiquehotelscollection.com\/wp-content\/uploads\/2021\/07\/boutique-hotels-collection-logo.svg\",\"caption\":\"Boutique H\u00f4tels Collection\"},\"image\":{\"@id\":\"https:\/\/leboutiquehotelscollection.com\/#\/schema\/logo\/image\/\"}}]}<\/script>\n<!-- \/ Yoast SEO plugin. -->","yoast_head_json":{"title":"La Escuela Hotelera de la Costa Azul, by EHL - Boutique H\u00f4tels Collection","robots":{"index":"index","follow":"follow","max-snippet":"max-snippet:-1","max-image-preview":"max-image-preview:large","max-video-preview":"max-video-preview:-1"},"canonical":"https:\/\/leboutiquehotelscollection.com\/es\/laescuela-hotelera-de-la-costa-azul\/","og_locale":"es_ES","og_type":"article","og_title":"La Escuela Hotelera de la Costa Azul, by EHL - Boutique H\u00f4tels Collection","og_url":"https:\/\/leboutiquehotelscollection.com\/es\/laescuela-hotelera-de-la-costa-azul\/","og_site_name":"Boutique H\u00f4tels Collection","article_modified_time":"2023-04-19T08:18:48+00:00","twitter_card":"summary_large_image","twitter_misc":{"Tiempo de lectura":"1 minuto"},"schema":{"@context":"https:\/\/schema.org","@graph":[{"@type":"WebPage","@id":"https:\/\/leboutiquehotelscollection.com\/es\/laescuela-hotelera-de-la-costa-azul\/","url":"https:\/\/leboutiquehotelscollection.com\/es\/laescuela-hotelera-de-la-costa-azul\/","name":"La Escuela Hotelera de la Costa Azul, by EHL - Boutique H\u00f4tels Collection","isPartOf":{"@id":"https:\/\/leboutiquehotelscollection.com\/#website"},"datePublished":"2021-08-14T19:18:17+00:00","dateModified":"2023-04-19T08:18:48+00:00","breadcrumb":{"@id":"https:\/\/leboutiquehotelscollection.com\/es\/laescuela-hotelera-de-la-costa-azul\/#breadcrumb"},"inLanguage":"es","potentialAction":[{"@type":"ReadAction","target":["https:\/\/leboutiquehotelscollection.com\/es\/laescuela-hotelera-de-la-costa-azul\/"]}]},{"@type":"BreadcrumbList","@id":"https:\/\/leboutiquehotelscollection.com\/es\/laescuela-hotelera-de-la-costa-azul\/#breadcrumb","itemListElement":[{"@type":"ListItem","position":1,"name":"Accueil","item":"https:\/\/leboutiquehotelscollection.com\/es\/"},{"@type":"ListItem","position":2,"name":"La Escuela Hotelera de la Costa Azul, by EHL"}]},{"@type":"WebSite","@id":"https:\/\/leboutiquehotelscollection.com\/#website","url":"https:\/\/leboutiquehotelscollection.com\/","name":"Boutique H\u00f4tels Collection","description":"Exigez l&#039;exceptionnel","publisher":{"@id":"https:\/\/leboutiquehotelscollection.com\/#organization"},"potentialAction":[{"@type":"SearchAction","target":{"@type":"EntryPoint","urlTemplate":"https:\/\/leboutiquehotelscollection.com\/?s={search_term_string}"},"query-input":{"@type":"PropertyValueSpecification","valueRequired":true,"valueName":"search_term_string"}}],"inLanguage":"es"},{"@type":"Organization","@id":"https:\/\/leboutiquehotelscollection.com\/#organization","name":"Boutique H\u00f4tels Collection","url":"https:\/\/leboutiquehotelscollection.com\/","logo":{"@type":"ImageObject","inLanguage":"es","@id":"https:\/\/leboutiquehotelscollection.com\/#\/schema\/logo\/image\/","url":"https:\/\/leboutiquehotelscollection.com\/wp-content\/uploads\/2021\/07\/boutique-hotels-collection-logo.svg","contentUrl":"https:\/\/leboutiquehotelscollection.com\/wp-content\/uploads\/2021\/07\/boutique-hotels-collection-logo.svg","caption":"Boutique H\u00f4tels Collection"},"image":{"@id":"https:\/\/leboutiquehotelscollection.com\/#\/schema\/logo\/image\/"}}]}},"_links":{"self":[{"href":"https:\/\/leboutiquehotelscollection.com\/es\/wp-json\/wp\/v2\/pages\/2048","targetHints":{"allow":["GET"]}}],"collection":[{"href":"https:\/\/leboutiquehotelscollection.com\/es\/wp-json\/wp\/v2\/pages"}],"about":[{"href":"https:\/\/leboutiquehotelscollection.com\/es\/wp-json\/wp\/v2\/types\/page"}],"author":[{"embeddable":true,"href":"https:\/\/leboutiquehotelscollection.com\/es\/wp-json\/wp\/v2\/users\/1024"}],"replies":[{"embeddable":true,"href":"https:\/\/leboutiquehotelscollection.com\/es\/wp-json\/wp\/v2\/comments?post=2048"}],"version-history":[{"count":5,"href":"https:\/\/leboutiquehotelscollection.com\/es\/wp-json\/wp\/v2\/pages\/2048\/revisions"}],"predecessor-version":[{"id":3276,"href":"https:\/\/leboutiquehotelscollection.com\/es\/wp-json\/wp\/v2\/pages\/2048\/revisions\/3276"}],"wp:attachment":[{"href":"https:\/\/leboutiquehotelscollection.com\/es\/wp-json\/wp\/v2\/media?parent=2048"}],"curies":[{"name":"wp","href":"https:\/\/api.w.org\/{rel}","templated":true}]}}