{"id":2043,"date":"2021-08-13T15:58:55","date_gmt":"2021-08-13T13:58:55","guid":{"rendered":"https:\/\/leboutiquehotelscollection.com\/evenements-professionnels-prives\/"},"modified":"2025-12-05T09:33:15","modified_gmt":"2025-12-05T08:33:15","slug":"eventos-profesionales-privados","status":"publish","type":"page","link":"https:\/\/leboutiquehotelscollection.com\/es\/eventos-profesionales-privados\/","title":{"rendered":"Eventos profesionales &#038; privados"},"content":{"rendered":"<div class=\"wpb-content-wrapper\">[vc_row full_width=\u00bbstretch_row\u00bb css=\u00bb.vc_custom_1632211225960{background-image: url(https:\/\/leboutiquehotelscollection.com\/wp-content\/uploads\/2021\/09\/visuel-evenements.jpg?id=1438) !important;background-position: center !important;background-repeat: no-repeat !important;background-size: cover !important;}\u00bb el_class=\u00bbbannier-top-image-big\u00bb][vc_column][\/vc_column][\/vc_row][vc_row el_class=\u00bbbannier-uptitle-title\u00bb][vc_column][vc_column_text]EN EL CORAZON DE NUESTROS HOTELES[\/vc_column_text][vc_column_text text_align=\u00bbcenter\u00bb]\n<h1>Eventos profesionales &amp; privados<\/h1>\n[\/vc_column_text][\/vc_column][\/vc_row][vc_row remove_bottom_col_margin=\u00bbtrue\u00bb][vc_column][vc_column_text el_class=\u00bbintro intro-top-page\u00bb]\n<div><span lang=\"ES-TRAD\">Organice su evento profesional o privado en un marco excepcional y acogedor, dentro de nuestros hoteles. Para sus c\u00f3cteles, brunchs privados, reuniones de trabajo o cualquier otro evento, Le Boutique Hotels Collection le propone espacios at\u00edpicos y acordes a sus deseos.<\/span><\/div>\n[\/vc_column_text][\/vc_column][\/vc_row][vc_row][vc_column css=\u00bb.vc_custom_1630674560356{margin-bottom: 0px !important;}\u00bb][vc_empty_space height=\u00bb30px\u00bb]<div class=\"templatera_shortcode\"><div id=\"template-bannier-evenements\" class=\"vc_row wpb_row vc_row-fluid wpex-relative\"><div class=\"wpb_column vc_column_container vc_col-sm-12\"><div class=\"vc_column-inner\"><div class=\"wpb_wrapper\"><div class=\"vcex-module vcex-post-type-grid-wrap wpex-clr\"><div class=\"wpex-row vcex-post-type-grid entries wpex-clr vcex-isotope-grid wpex-overflow-hidden vcex-no-margin-grid match-height-grid\"><div class=\"vcex-post-type-entry vcex-grid-item wpex-clr col span_1_of_3 vcex-isotope-entry vcex-no-margin-entry col-1 entry post-2204 type-evenements has-media\"><div class=\"vcex-post-type-entry-inner entry-inner wpex-first-mt-0 wpex-last-mb-0 wpex-clr\"><div class=\"vcex-post-type-entry-media entry-media wpex-relative\"><img width=\"400\" height=\"400\" src=\"https:\/\/leboutiquehotelscollection.com\/wp-content\/uploads\/2021\/08\/salon-vert.jpg\" class=\"vcex-blog-entry-img wpex-align-middle skip-lazy\" alt=\"\" data-no-lazy=\"1\" srcset=\"https:\/\/leboutiquehotelscollection.com\/wp-content\/uploads\/2021\/08\/salon-vert.jpg 400w, https:\/\/leboutiquehotelscollection.com\/wp-content\/uploads\/2021\/08\/salon-vert-300x300.jpg 300w, https:\/\/leboutiquehotelscollection.com\/wp-content\/uploads\/2021\/08\/salon-vert-150x150.jpg 150w\" sizes=\"(max-width: 400px) 100vw, 400px\" \/><\/div><div class=\"vcex-post-type-entry-details entry-details wpex-bordered wpex-first-mt-0 wpex-last-mb-0 wpex-clr\"><div class=\"match-height-content\"><div class=\"vcex-post-type-entry-excerpt entry-excerpt wpex-my-15 wpex-text-pretty wpex-last-mb-0 wpex-clr\"><div class=\"wpb-content-wrapper\"><div class=\"vc_row wpb_row vc_row-fluid wpex-relative\"><div class=\"wpb_column vc_column_container vc_col-sm-12\"><div class=\"vc_column-inner\"><div class=\"wpb_wrapper\">\n\t<div class=\"wpb_text_column wpb_content_element\" >\n\t\t<div class=\"wpb_wrapper\">\n\t\t\t<h2>El Salon Vert<\/h2>\n<h3>Palais Gallien Bordeaux<\/h3>\n<div><span lang=\"ES-TRAD\">12 personas con disposici\u00f3n en U<\/span><\/div>\n<div><span lang=\"ES-TRAD\">25 personas en modo teatro<\/span><\/div>\n<div><span lang=\"ES-TRAD\">30 personas en modo c\u00f3ctel<\/span><\/div>\n\n\t\t<\/div>\n\t<\/div>\n\n\t<div  class=\"wpb_single_image wpb_content_element vc_align_ wpb_content_element\">\n\t\t\n\t\t<figure class=\"wpb_wrapper vc_figure\">\n\t\t\t<a href=\"mailto:events@palais-gallien.com\" target=\"_self\" class=\"vc_single_image-wrapper   vc_box_border_grey\"><img width=\"1\" height=\"1\" src=\"https:\/\/leboutiquehotelscollection.com\/wp-content\/uploads\/2021\/08\/mail.svg\" class=\"vc_single_image-img attachment-full\" alt=\"\" title=\"mail\" \/><\/a>\n\t\t<\/figure>\n\t<\/div>\n<\/div><\/div><\/div><\/div>\n<\/div><\/div><\/div><\/div><\/div><\/div><div class=\"vcex-post-type-entry vcex-grid-item wpex-clr col span_1_of_3 vcex-isotope-entry vcex-no-margin-entry col-2 entry post-2212 type-evenements has-media\"><div class=\"vcex-post-type-entry-inner entry-inner wpex-first-mt-0 wpex-last-mb-0 wpex-clr\"><div class=\"vcex-post-type-entry-media entry-media wpex-relative\"><img width=\"400\" height=\"400\" src=\"https:\/\/leboutiquehotelscollection.com\/wp-content\/uploads\/2021\/08\/salon-rouge.jpg\" class=\"vcex-blog-entry-img wpex-align-middle skip-lazy\" alt=\"\" data-no-lazy=\"1\" srcset=\"https:\/\/leboutiquehotelscollection.com\/wp-content\/uploads\/2021\/08\/salon-rouge.jpg 400w, https:\/\/leboutiquehotelscollection.com\/wp-content\/uploads\/2021\/08\/salon-rouge-300x300.jpg 300w, https:\/\/leboutiquehotelscollection.com\/wp-content\/uploads\/2021\/08\/salon-rouge-150x150.jpg 150w\" sizes=\"(max-width: 400px) 100vw, 400px\" \/><\/div><div class=\"vcex-post-type-entry-details entry-details wpex-bordered wpex-first-mt-0 wpex-last-mb-0 wpex-clr\"><div class=\"match-height-content\"><div class=\"vcex-post-type-entry-excerpt entry-excerpt wpex-my-15 wpex-text-pretty wpex-last-mb-0 wpex-clr\"><div class=\"wpb-content-wrapper\"><div class=\"vc_row wpb_row vc_row-fluid wpex-relative\"><div class=\"wpb_column vc_column_container vc_col-sm-12\"><div class=\"vc_column-inner\"><div class=\"wpb_wrapper\">\n\t<div class=\"wpb_text_column wpb_content_element\" >\n\t\t<div class=\"wpb_wrapper\">\n\t\t\t<h2>El Salon Rouge<\/h2>\n<h3>Palais Gallien Bordeaux<\/h3>\n<div><span lang=\"ES-TRAD\">10 personas con disposici\u00f3n en U<\/span><\/div>\n<div><span lang=\"ES-TRAD\">15 personas en modo teatro<\/span><\/div>\n<div><span lang=\"ES-TRAD\">20 personas en modo c\u00f3ctel<\/span><\/div>\n\n\t\t<\/div>\n\t<\/div>\n\n\t<div  class=\"wpb_single_image wpb_content_element vc_align_ wpb_content_element\">\n\t\t\n\t\t<figure class=\"wpb_wrapper vc_figure\">\n\t\t\t<a href=\"mailto:events@palais-gallien.com\" target=\"_self\" class=\"vc_single_image-wrapper   vc_box_border_grey\"><img width=\"1\" height=\"1\" src=\"https:\/\/leboutiquehotelscollection.com\/wp-content\/uploads\/2021\/08\/mail.svg\" class=\"vc_single_image-img attachment-full\" alt=\"\" title=\"mail\" \/><\/a>\n\t\t<\/figure>\n\t<\/div>\n<\/div><\/div><\/div><\/div>\n<\/div><\/div><\/div><\/div><\/div><\/div><div class=\"vcex-post-type-entry vcex-grid-item wpex-clr col span_1_of_3 vcex-isotope-entry vcex-no-margin-entry col-3 entry post-2214 type-evenements has-media\"><div class=\"vcex-post-type-entry-inner entry-inner wpex-first-mt-0 wpex-last-mb-0 wpex-clr\"><div class=\"vcex-post-type-entry-media entry-media wpex-relative\"><img width=\"400\" height=\"400\" src=\"https:\/\/leboutiquehotelscollection.com\/wp-content\/uploads\/2021\/08\/E525AoJE.jpg\" class=\"vcex-blog-entry-img wpex-align-middle skip-lazy\" alt=\"\" data-no-lazy=\"1\" srcset=\"https:\/\/leboutiquehotelscollection.com\/wp-content\/uploads\/2021\/08\/E525AoJE.jpg 400w, https:\/\/leboutiquehotelscollection.com\/wp-content\/uploads\/2021\/08\/E525AoJE-300x300.jpg 300w, https:\/\/leboutiquehotelscollection.com\/wp-content\/uploads\/2021\/08\/E525AoJE-150x150.jpg 150w\" sizes=\"(max-width: 400px) 100vw, 400px\" \/><\/div><div class=\"vcex-post-type-entry-details entry-details wpex-bordered wpex-first-mt-0 wpex-last-mb-0 wpex-clr\"><div class=\"match-height-content\"><div class=\"vcex-post-type-entry-excerpt entry-excerpt wpex-my-15 wpex-text-pretty wpex-last-mb-0 wpex-clr\"><div class=\"wpb-content-wrapper\"><div class=\"vc_row wpb_row vc_row-fluid wpex-relative\"><div class=\"wpb_column vc_column_container vc_col-sm-12\"><div class=\"vc_column-inner\"><div class=\"wpb_wrapper\">\n\t<div class=\"wpb_text_column wpb_content_element\" >\n\t\t<div class=\"wpb_wrapper\">\n\t\t\t<h2>El Salon Turenne &amp; su terraza<\/h2>\n<h3>Palais Gallien Bordeaux<\/h3>\n<p>18 personas con disposici\u00f3n en U<br \/>\n20 personas en modo teatro<br \/>\n30 personas en modo c\u00f3ctel<\/p>\n\n\t\t<\/div>\n\t<\/div>\n\n\t<div  class=\"wpb_single_image wpb_content_element vc_align_ wpb_content_element\">\n\t\t\n\t\t<figure class=\"wpb_wrapper vc_figure\">\n\t\t\t<a href=\"mailto:events@palais-gallien.com\" target=\"_self\" class=\"vc_single_image-wrapper   vc_box_border_grey\"><img width=\"1\" height=\"1\" src=\"https:\/\/leboutiquehotelscollection.com\/wp-content\/uploads\/2021\/08\/mail.svg\" class=\"vc_single_image-img attachment-full\" alt=\"\" title=\"mail\" \/><\/a>\n\t\t<\/figure>\n\t<\/div>\n<\/div><\/div><\/div><\/div>\n<\/div><\/div><\/div><\/div><\/div><\/div><div class=\"vcex-post-type-entry vcex-grid-item wpex-clr col span_1_of_3 vcex-isotope-entry vcex-no-margin-entry col-1 entry post-2217 type-evenements has-media\"><div class=\"vcex-post-type-entry-inner entry-inner wpex-first-mt-0 wpex-last-mb-0 wpex-clr\"><div class=\"vcex-post-type-entry-media entry-media wpex-relative\"><img width=\"400\" height=\"400\" src=\"https:\/\/leboutiquehotelscollection.com\/wp-content\/uploads\/2021\/08\/bibliotheque-saint-emilion.jpg\" class=\"vcex-blog-entry-img wpex-align-middle skip-lazy\" alt=\"\" data-no-lazy=\"1\" srcset=\"https:\/\/leboutiquehotelscollection.com\/wp-content\/uploads\/2021\/08\/bibliotheque-saint-emilion.jpg 400w, https:\/\/leboutiquehotelscollection.com\/wp-content\/uploads\/2021\/08\/bibliotheque-saint-emilion-300x300.jpg 300w, https:\/\/leboutiquehotelscollection.com\/wp-content\/uploads\/2021\/08\/bibliotheque-saint-emilion-150x150.jpg 150w\" sizes=\"(max-width: 400px) 100vw, 400px\" \/><\/div><div class=\"vcex-post-type-entry-details entry-details wpex-bordered wpex-first-mt-0 wpex-last-mb-0 wpex-clr\"><div class=\"match-height-content\"><div class=\"vcex-post-type-entry-excerpt entry-excerpt wpex-my-15 wpex-text-pretty wpex-last-mb-0 wpex-clr\"><div class=\"wpb-content-wrapper\"><div class=\"vc_row wpb_row vc_row-fluid wpex-relative\"><div class=\"wpb_column vc_column_container vc_col-sm-12\"><div class=\"vc_column-inner\"><div class=\"wpb_wrapper\">\n\t<div class=\"wpb_text_column wpb_content_element\" >\n\t\t<div class=\"wpb_wrapper\">\n\t\t\t<h2>La Verri\u00e8re &amp; son jardin<\/h2>\n<h3>Boutique H\u00f4tel Bordeaux<\/h3>\n<p>25 personas con disposici\u00f3n en U<br \/>\n15 personas en modo teatro<br \/>\n70 personas en modo c\u00f3ctel<\/p>\n\n\t\t<\/div>\n\t<\/div>\n\n\t<div  class=\"wpb_single_image wpb_content_element vc_align_ wpb_content_element\">\n\t\t\n\t\t<figure class=\"wpb_wrapper vc_figure\">\n\t\t\t<a href=\"mailto:events@lebhb.com\" target=\"_self\" class=\"vc_single_image-wrapper   vc_box_border_grey\"><img width=\"1\" height=\"1\" src=\"https:\/\/leboutiquehotelscollection.com\/wp-content\/uploads\/2021\/08\/mail.svg\" class=\"vc_single_image-img attachment-full\" alt=\"\" title=\"mail\" \/><\/a>\n\t\t<\/figure>\n\t<\/div>\n<\/div><\/div><\/div><\/div>\n<\/div><\/div><\/div><\/div><\/div><\/div><div class=\"vcex-post-type-entry vcex-grid-item wpex-clr col span_1_of_3 vcex-isotope-entry vcex-no-margin-entry col-2 entry post-2220 type-evenements has-media\"><div class=\"vcex-post-type-entry-inner entry-inner wpex-first-mt-0 wpex-last-mb-0 wpex-clr\"><div class=\"vcex-post-type-entry-media entry-media wpex-relative\"><img width=\"400\" height=\"400\" src=\"https:\/\/leboutiquehotelscollection.com\/wp-content\/uploads\/2021\/08\/jardin-villa-mauresque02.jpg\" class=\"vcex-blog-entry-img wpex-align-middle skip-lazy\" alt=\"\" data-no-lazy=\"1\" srcset=\"https:\/\/leboutiquehotelscollection.com\/wp-content\/uploads\/2021\/08\/jardin-villa-mauresque02.jpg 400w, https:\/\/leboutiquehotelscollection.com\/wp-content\/uploads\/2021\/08\/jardin-villa-mauresque02-300x300.jpg 300w, https:\/\/leboutiquehotelscollection.com\/wp-content\/uploads\/2021\/08\/jardin-villa-mauresque02-150x150.jpg 150w\" sizes=\"(max-width: 400px) 100vw, 400px\" \/><\/div><div class=\"vcex-post-type-entry-details entry-details wpex-bordered wpex-first-mt-0 wpex-last-mb-0 wpex-clr\"><div class=\"match-height-content\"><div class=\"vcex-post-type-entry-excerpt entry-excerpt wpex-my-15 wpex-text-pretty wpex-last-mb-0 wpex-clr\"><div class=\"wpb-content-wrapper\"><div class=\"vc_row wpb_row vc_row-fluid wpex-relative\"><div class=\"wpb_column vc_column_container vc_col-sm-12\"><div class=\"vc_column-inner\"><div class=\"wpb_wrapper\">\n\t<div class=\"wpb_text_column wpb_content_element\" >\n\t\t<div class=\"wpb_wrapper\">\n\t\t\t<h2>Les Jardins de la Villa Mauresque &amp; su restaurante, Le Bougainvillier<\/h2>\n<h3>Saint-Rapha\u00ebl<\/h3>\n<div><span lang=\"ES-TRAD\">Disposiciones disponibles a pedido<\/span><\/div>\n\n\t\t<\/div>\n\t<\/div>\n\n\t<div  class=\"wpb_single_image wpb_content_element vc_align_ wpb_content_element\">\n\t\t\n\t\t<figure class=\"wpb_wrapper vc_figure\">\n\t\t\t<a href=\"mailto:events@villa-mauresque.com\" target=\"_self\" class=\"vc_single_image-wrapper   vc_box_border_grey\"><img width=\"1\" height=\"1\" src=\"https:\/\/leboutiquehotelscollection.com\/wp-content\/uploads\/2021\/08\/mail.svg\" class=\"vc_single_image-img attachment-full\" alt=\"\" title=\"mail\" \/><\/a>\n\t\t<\/figure>\n\t<\/div>\n<\/div><\/div><\/div><\/div>\n<\/div><\/div><\/div><\/div><\/div><\/div><div class=\"vcex-post-type-entry vcex-grid-item wpex-clr col span_1_of_3 vcex-isotope-entry vcex-no-margin-entry col-3 entry post-4302 type-evenements has-media\"><div class=\"vcex-post-type-entry-inner entry-inner wpex-first-mt-0 wpex-last-mb-0 wpex-clr\"><div class=\"vcex-post-type-entry-media entry-media wpex-relative\"><img width=\"400\" height=\"400\" src=\"https:\/\/leboutiquehotelscollection.com\/wp-content\/uploads\/2025\/12\/boutique-hotel-collection-seminaires.jpg\" class=\"vcex-blog-entry-img wpex-align-middle skip-lazy\" alt=\"\" data-no-lazy=\"1\" srcset=\"https:\/\/leboutiquehotelscollection.com\/wp-content\/uploads\/2025\/12\/boutique-hotel-collection-seminaires.jpg 400w, https:\/\/leboutiquehotelscollection.com\/wp-content\/uploads\/2025\/12\/boutique-hotel-collection-seminaires-300x300.jpg 300w, https:\/\/leboutiquehotelscollection.com\/wp-content\/uploads\/2025\/12\/boutique-hotel-collection-seminaires-150x150.jpg 150w\" sizes=\"(max-width: 400px) 100vw, 400px\" \/><\/div><div class=\"vcex-post-type-entry-details entry-details wpex-bordered wpex-first-mt-0 wpex-last-mb-0 wpex-clr\"><div class=\"match-height-content\"><div class=\"vcex-post-type-entry-excerpt entry-excerpt wpex-my-15 wpex-text-pretty wpex-last-mb-0 wpex-clr\"><div class=\"wpb-content-wrapper\"><div class=\"vc_row wpb_row vc_row-fluid wpex-relative\"><div class=\"wpb_column vc_column_container vc_col-sm-12\"><div class=\"vc_column-inner\"><div class=\"wpb_wrapper\">\n\t<div class=\"wpb_text_column wpb_content_element\" >\n\t\t<div class=\"wpb_wrapper\">\n\t\t\t<h2>Salle de s\u00e9minaire<\/h2>\n<h3>Les Vagues H\u00f4tel &amp; Spa<\/h3>\n<p>30 personnes en disposition th\u00e9\u00e2tre<br \/>\n15 personnes en disposition U<br \/>\n70 personnes en disposition cocktail<\/p>\n\n\t\t<\/div>\n\t<\/div>\n\n\t<div  class=\"wpb_single_image wpb_content_element vc_align_ wpb_content_element\">\n\t\t\n\t\t<figure class=\"wpb_wrapper vc_figure\">\n\t\t\t<a href=\"mailto:events@lesvagues.fr\" target=\"_self\" class=\"vc_single_image-wrapper   vc_box_border_grey\"><img width=\"1\" height=\"1\" src=\"https:\/\/leboutiquehotelscollection.com\/wp-content\/uploads\/2021\/08\/mail.svg\" class=\"vc_single_image-img attachment-full\" alt=\"\" title=\"mail\" \/><\/a>\n\t\t<\/figure>\n\t<\/div>\n<\/div><\/div><\/div><\/div>\n<\/div><\/div><\/div><\/div><\/div><\/div><\/div><\/div><\/div><\/div><\/div><\/div><\/div>[vc_column_text css=\u00bb\u00bb text_align=\u00bbcenter\u00bb]Il est tout \u00e0 fait possible d\u2019organiser vos \u00e9v\u00e9nements priv\u00e9s ou professionnels dans nos villas.<br \/>\nDans tous nos h\u00f4tels, l\u2019ensemble du mat\u00e9riel n\u00e9cessaire \u00e0 votre r\u00e9union vous est fourni.<br \/>\n<strong>Pour toute demande ou r\u00e9servation, contactez nous<br \/>\n<\/strong><a href=\"mailto:villas@groupeatlas.fr\">villas@groupeatlas.fr<\/a>\u00a0\/ <a href=\"tel:+33649728718\">06 49 72 87 18<\/a>[\/vc_column_text][vc_empty_space height=\u00bb30px\u00bb][\/vc_column][\/vc_row][vc_row][vc_column css=\u00bb.vc_custom_1628957662741{margin-bottom: 0px !important;}\u00bb]<div class=\"templatera_shortcode\"><style type=\"text\/css\" data-type=\"vc_shortcodes-custom-css\">.vc_custom_1632728575936{margin-top: 30px !important;}<\/style><div class=\"vc_row wpb_row vc_row-fluid bannier-uptitle-title wpex-vc-full-width-row wpex-vc-full-width-row--no-padding wpex-relative\"><div class=\"wpb_column vc_column_container vc_col-sm-12\"><div class=\"vc_column-inner\"><div class=\"wpb_wrapper\">\n\t<div class=\"wpb_text_column wpb_content_element\" >\n\t\t<div class=\"wpb_wrapper\">\n\t\t\t<p>HOTELES - APARTAMIENTOS - VILLAS<\/p>\n\n\t\t<\/div>\n\t<\/div>\n\n\t<div style=\"text-align:center;\" class=\"wpb_text_column wpb_content_element\" >\n\t\t<div class=\"wpb_wrapper\">\n\t\t\t<h2>Galeria<\/h2>\n\n\t\t<\/div>\n\t<\/div>\n<\/div><\/div><\/div><\/div><div id=\"template-bannier-galerie\" class=\"vc_row wpb_row vc_row-fluid wpex-vc-full-width-row wpex-vc-full-width-row--no-padding wpex-relative\"><div class=\"wpb_column vc_column_container vc_col-sm-12\"><div class=\"vc_column-inner\"><div class=\"wpb_wrapper\"><div class=\"theme-button-wrap textcenter wpex-clr\"><a href=\"https:\/\/leboutiquehotelscollection.com\/es\/galeria\/\" class=\"vcex-button theme-button align-center inline custom-button\"><span class=\"vcex-button-inner theme-button-inner wpex-flex wpex-flex-wrap wpex-items-center wpex-justify-center\">VER LA GALERIA<\/span><\/a><\/div> \n\t<div  class=\"wpb_single_image wpb_content_element vc_align_center wpb_content_element vc_custom_1632728575936\">\n\t\t\n\t\t<figure class=\"wpb_wrapper vc_figure\">\n\t\t\t<div class=\"vc_single_image-wrapper   vc_box_border_grey\"><img width=\"1200\" height=\"739\" src=\"https:\/\/leboutiquehotelscollection.com\/wp-content\/uploads\/2021\/08\/boutique-hotel-collection-galerie-photos.jpg\" class=\"vc_single_image-img attachment-full\" alt=\"\" title=\"boutique-hotel-collection-galerie-photos\" srcset=\"https:\/\/leboutiquehotelscollection.com\/wp-content\/uploads\/2021\/08\/boutique-hotel-collection-galerie-photos.jpg 1200w, https:\/\/leboutiquehotelscollection.com\/wp-content\/uploads\/2021\/08\/boutique-hotel-collection-galerie-photos-300x185.jpg 300w, https:\/\/leboutiquehotelscollection.com\/wp-content\/uploads\/2021\/08\/boutique-hotel-collection-galerie-photos-1024x631.jpg 1024w, https:\/\/leboutiquehotelscollection.com\/wp-content\/uploads\/2021\/08\/boutique-hotel-collection-galerie-photos-768x473.jpg 768w\" sizes=\"(max-width: 1200px) 100vw, 1200px\" \/><\/div>\n\t\t<\/figure>\n\t<\/div>\n<\/div><\/div><\/div><\/div><\/div>[\/vc_column][\/vc_row]\n<\/div>","protected":false},"excerpt":{"rendered":"Salle de s\u00e9minaire Les Vagues H\u00f4tel &amp; Spa 30 personnes en disposition th\u00e9\u00e2tre 15 personnes en disposition U 70 personnes en disposition cocktail","protected":false},"author":1024,"featured_media":0,"parent":0,"menu_order":0,"comment_status":"closed","ping_status":"closed","template":"","meta":{"_acf_changed":false,"inline_featured_image":false,"footnotes":""},"class_list":["post-2043","page","type-page","status-publish","hentry","entry","has-media"],"acf":[],"yoast_head":"<!-- This site is optimized with the Yoast SEO plugin v27.1.1 - https:\/\/yoast.com\/product\/yoast-seo-wordpress\/ -->\n<title>Eventos profesionales &amp; privados - Boutique H\u00f4tels Collection<\/title>\n<meta name=\"robots\" content=\"index, follow, max-snippet:-1, max-image-preview:large, max-video-preview:-1\" \/>\n<link rel=\"canonical\" href=\"https:\/\/leboutiquehotelscollection.com\/es\/eventos-profesionales-privados\/\" \/>\n<meta property=\"og:locale\" content=\"es_ES\" \/>\n<meta property=\"og:type\" content=\"article\" \/>\n<meta property=\"og:title\" content=\"Eventos profesionales &amp; privados - Boutique H\u00f4tels Collection\" \/>\n<meta property=\"og:url\" content=\"https:\/\/leboutiquehotelscollection.com\/es\/eventos-profesionales-privados\/\" \/>\n<meta property=\"og:site_name\" content=\"Boutique H\u00f4tels Collection\" \/>\n<meta property=\"article:modified_time\" content=\"2025-12-05T08:33:15+00:00\" \/>\n<meta name=\"twitter:card\" content=\"summary_large_image\" \/>\n<meta name=\"twitter:label1\" content=\"Tiempo de lectura\" \/>\n\t<meta name=\"twitter:data1\" content=\"1 minuto\" \/>\n<script type=\"application\/ld+json\" class=\"yoast-schema-graph\">{\"@context\":\"https:\/\/schema.org\",\"@graph\":[{\"@type\":\"WebPage\",\"@id\":\"https:\/\/leboutiquehotelscollection.com\/es\/eventos-profesionales-privados\/\",\"url\":\"https:\/\/leboutiquehotelscollection.com\/es\/eventos-profesionales-privados\/\",\"name\":\"Eventos profesionales & privados - Boutique H\u00f4tels Collection\",\"isPartOf\":{\"@id\":\"https:\/\/leboutiquehotelscollection.com\/#website\"},\"datePublished\":\"2021-08-13T13:58:55+00:00\",\"dateModified\":\"2025-12-05T08:33:15+00:00\",\"breadcrumb\":{\"@id\":\"https:\/\/leboutiquehotelscollection.com\/es\/eventos-profesionales-privados\/#breadcrumb\"},\"inLanguage\":\"es\",\"potentialAction\":[{\"@type\":\"ReadAction\",\"target\":[\"https:\/\/leboutiquehotelscollection.com\/es\/eventos-profesionales-privados\/\"]}]},{\"@type\":\"BreadcrumbList\",\"@id\":\"https:\/\/leboutiquehotelscollection.com\/es\/eventos-profesionales-privados\/#breadcrumb\",\"itemListElement\":[{\"@type\":\"ListItem\",\"position\":1,\"name\":\"Accueil\",\"item\":\"https:\/\/leboutiquehotelscollection.com\/es\/\"},{\"@type\":\"ListItem\",\"position\":2,\"name\":\"Eventos profesionales &#038; privados\"}]},{\"@type\":\"WebSite\",\"@id\":\"https:\/\/leboutiquehotelscollection.com\/#website\",\"url\":\"https:\/\/leboutiquehotelscollection.com\/\",\"name\":\"Boutique H\u00f4tels Collection\",\"description\":\"Exigez l&#039;exceptionnel\",\"publisher\":{\"@id\":\"https:\/\/leboutiquehotelscollection.com\/#organization\"},\"potentialAction\":[{\"@type\":\"SearchAction\",\"target\":{\"@type\":\"EntryPoint\",\"urlTemplate\":\"https:\/\/leboutiquehotelscollection.com\/?s={search_term_string}\"},\"query-input\":{\"@type\":\"PropertyValueSpecification\",\"valueRequired\":true,\"valueName\":\"search_term_string\"}}],\"inLanguage\":\"es\"},{\"@type\":\"Organization\",\"@id\":\"https:\/\/leboutiquehotelscollection.com\/#organization\",\"name\":\"Boutique H\u00f4tels Collection\",\"url\":\"https:\/\/leboutiquehotelscollection.com\/\",\"logo\":{\"@type\":\"ImageObject\",\"inLanguage\":\"es\",\"@id\":\"https:\/\/leboutiquehotelscollection.com\/#\/schema\/logo\/image\/\",\"url\":\"https:\/\/leboutiquehotelscollection.com\/wp-content\/uploads\/2021\/07\/boutique-hotels-collection-logo.svg\",\"contentUrl\":\"https:\/\/leboutiquehotelscollection.com\/wp-content\/uploads\/2021\/07\/boutique-hotels-collection-logo.svg\",\"caption\":\"Boutique H\u00f4tels Collection\"},\"image\":{\"@id\":\"https:\/\/leboutiquehotelscollection.com\/#\/schema\/logo\/image\/\"}}]}<\/script>\n<!-- \/ Yoast SEO plugin. -->","yoast_head_json":{"title":"Eventos profesionales & privados - Boutique H\u00f4tels Collection","robots":{"index":"index","follow":"follow","max-snippet":"max-snippet:-1","max-image-preview":"max-image-preview:large","max-video-preview":"max-video-preview:-1"},"canonical":"https:\/\/leboutiquehotelscollection.com\/es\/eventos-profesionales-privados\/","og_locale":"es_ES","og_type":"article","og_title":"Eventos profesionales & privados - Boutique H\u00f4tels Collection","og_url":"https:\/\/leboutiquehotelscollection.com\/es\/eventos-profesionales-privados\/","og_site_name":"Boutique H\u00f4tels Collection","article_modified_time":"2025-12-05T08:33:15+00:00","twitter_card":"summary_large_image","twitter_misc":{"Tiempo de lectura":"1 minuto"},"schema":{"@context":"https:\/\/schema.org","@graph":[{"@type":"WebPage","@id":"https:\/\/leboutiquehotelscollection.com\/es\/eventos-profesionales-privados\/","url":"https:\/\/leboutiquehotelscollection.com\/es\/eventos-profesionales-privados\/","name":"Eventos profesionales & privados - Boutique H\u00f4tels Collection","isPartOf":{"@id":"https:\/\/leboutiquehotelscollection.com\/#website"},"datePublished":"2021-08-13T13:58:55+00:00","dateModified":"2025-12-05T08:33:15+00:00","breadcrumb":{"@id":"https:\/\/leboutiquehotelscollection.com\/es\/eventos-profesionales-privados\/#breadcrumb"},"inLanguage":"es","potentialAction":[{"@type":"ReadAction","target":["https:\/\/leboutiquehotelscollection.com\/es\/eventos-profesionales-privados\/"]}]},{"@type":"BreadcrumbList","@id":"https:\/\/leboutiquehotelscollection.com\/es\/eventos-profesionales-privados\/#breadcrumb","itemListElement":[{"@type":"ListItem","position":1,"name":"Accueil","item":"https:\/\/leboutiquehotelscollection.com\/es\/"},{"@type":"ListItem","position":2,"name":"Eventos profesionales &#038; privados"}]},{"@type":"WebSite","@id":"https:\/\/leboutiquehotelscollection.com\/#website","url":"https:\/\/leboutiquehotelscollection.com\/","name":"Boutique H\u00f4tels Collection","description":"Exigez l&#039;exceptionnel","publisher":{"@id":"https:\/\/leboutiquehotelscollection.com\/#organization"},"potentialAction":[{"@type":"SearchAction","target":{"@type":"EntryPoint","urlTemplate":"https:\/\/leboutiquehotelscollection.com\/?s={search_term_string}"},"query-input":{"@type":"PropertyValueSpecification","valueRequired":true,"valueName":"search_term_string"}}],"inLanguage":"es"},{"@type":"Organization","@id":"https:\/\/leboutiquehotelscollection.com\/#organization","name":"Boutique H\u00f4tels Collection","url":"https:\/\/leboutiquehotelscollection.com\/","logo":{"@type":"ImageObject","inLanguage":"es","@id":"https:\/\/leboutiquehotelscollection.com\/#\/schema\/logo\/image\/","url":"https:\/\/leboutiquehotelscollection.com\/wp-content\/uploads\/2021\/07\/boutique-hotels-collection-logo.svg","contentUrl":"https:\/\/leboutiquehotelscollection.com\/wp-content\/uploads\/2021\/07\/boutique-hotels-collection-logo.svg","caption":"Boutique H\u00f4tels Collection"},"image":{"@id":"https:\/\/leboutiquehotelscollection.com\/#\/schema\/logo\/image\/"}}]}},"_links":{"self":[{"href":"https:\/\/leboutiquehotelscollection.com\/es\/wp-json\/wp\/v2\/pages\/2043","targetHints":{"allow":["GET"]}}],"collection":[{"href":"https:\/\/leboutiquehotelscollection.com\/es\/wp-json\/wp\/v2\/pages"}],"about":[{"href":"https:\/\/leboutiquehotelscollection.com\/es\/wp-json\/wp\/v2\/types\/page"}],"author":[{"embeddable":true,"href":"https:\/\/leboutiquehotelscollection.com\/es\/wp-json\/wp\/v2\/users\/1024"}],"replies":[{"embeddable":true,"href":"https:\/\/leboutiquehotelscollection.com\/es\/wp-json\/wp\/v2\/comments?post=2043"}],"version-history":[{"count":4,"href":"https:\/\/leboutiquehotelscollection.com\/es\/wp-json\/wp\/v2\/pages\/2043\/revisions"}],"predecessor-version":[{"id":4315,"href":"https:\/\/leboutiquehotelscollection.com\/es\/wp-json\/wp\/v2\/pages\/2043\/revisions\/4315"}],"wp:attachment":[{"href":"https:\/\/leboutiquehotelscollection.com\/es\/wp-json\/wp\/v2\/media?parent=2043"}],"curies":[{"name":"wp","href":"https:\/\/api.w.org\/{rel}","templated":true}]}}