{"id":2030,"date":"2021-08-13T12:02:38","date_gmt":"2021-08-13T10:02:38","guid":{"rendered":"https:\/\/leboutiquehotelscollection.com\/cap-ferret\/"},"modified":"2023-09-26T16:09:00","modified_gmt":"2023-09-26T14:09:00","slug":"cap-ferret","status":"publish","type":"page","link":"https:\/\/leboutiquehotelscollection.com\/es\/cap-ferret\/","title":{"rendered":"Cap-Ferret"},"content":{"rendered":"<div class=\"wpb-content-wrapper\">[vc_row][vc_column]<div class=\"templatera_shortcode\"><div class=\"vc_row wpb_row vc_row-fluid bannier-uptitle-title wpex-relative\"><div class=\"wpb_column vc_column_container vc_col-sm-12\"><div class=\"vc_column-inner\"><div class=\"wpb_wrapper\"><div class=\"vc_empty_space\"   style=\"height: 30px\"><span class=\"vc_empty_space_inner\"><\/span><\/div>\n\t<div style=\"text-align:center;\" class=\"wpb_text_column wpb_content_element\" >\n\t\t<div class=\"wpb_wrapper\">\n\t\t\t<h1>LOS DESTINOS<\/h1>\n\n\t\t<\/div>\n\t<\/div>\n<\/div><\/div><\/div><\/div><div class=\"vc_row wpb_row vc_row-fluid wpex-relative no-bottom-margins\"><div class=\"wpb_column vc_column_container vc_col-sm-12\"><div class=\"vc_column-inner\"><div class=\"wpb_wrapper\">\n\t<div class=\"wpb_text_column wpb_content_element intro intro-top-page\" >\n\t\t<div class=\"wpb_wrapper\">\n\t\t\t<p>De Burdeos a San Bartolom\u00e9, pasando por la Costa Azul, elija el destino de su estancia en nuestros establecimientos, a su conveniencia.<\/p>\n\n\t\t<\/div>\n\t<\/div>\n<\/div><\/div><\/div><\/div><div id=\"template-menu-page-destinations\" class=\"vc_row wpb_row vc_row-fluid wpex-vc-full-width-row wpex-vc-full-width-row--no-padding wpex-relative no-bottom-margins\"><div class=\"wpb_column vc_column_container vc_col-sm-12\"><div class=\"vc_column-inner\"><div class=\"wpb_wrapper\"><nav class=\"vcex-navbar vcex-module vcex-navbar-sticky wpex-transition-opacity wpex-duration-300 vcex-navbar-sticky-offset wpex-ls-offset align-center wpex-text-center\" data-sticky-endpoint=\"#footer-builder\"><div class=\"vcex-navbar-inner wpex-clr wpex-last-mr-0\"><a href=\"https:\/\/leboutiquehotelscollection.com\/bordeaux\/\" class=\"vcex-navbar-link vcex-navbar-link--445 wpex-inline-block wpex-mr-5 wpex-mb-5 theme-txt-link\"><span class=\"vcex-navbar-link-text\">Bordeaux<\/span><\/a><a href=\"https:\/\/leboutiquehotelscollection.com\/arcachon\/\" class=\"vcex-navbar-link vcex-navbar-link--460 wpex-inline-block wpex-mr-5 wpex-mb-5 theme-txt-link\"><span class=\"vcex-navbar-link-text\">Arcachon<\/span><\/a><a href=\"https:\/\/leboutiquehotelscollection.com\/cap-ferret\/\" class=\"vcex-navbar-link vcex-navbar-link--462 wpex-inline-block wpex-mr-5 wpex-mb-5 theme-txt-link\"><span class=\"vcex-navbar-link-text\">Cap-Ferret<\/span><\/a><a href=\"https:\/\/leboutiquehotelscollection.com\/saint-raphael\/\" class=\"vcex-navbar-link vcex-navbar-link--464 wpex-inline-block wpex-mr-5 wpex-mb-5 theme-txt-link\"><span class=\"vcex-navbar-link-text\">Saint-Rapha\u00ebl<\/span><\/a><a href=\"https:\/\/leboutiquehotelscollection.com\/saint-barthelemy\/\" class=\"vcex-navbar-link vcex-navbar-link--466 wpex-inline-block wpex-mr-5 wpex-mb-5 theme-txt-link\"><span class=\"vcex-navbar-link-text\">Saint-Barth\u00e9l\u00e9my<\/span><\/a><a href=\"https:\/\/leboutiquehotelscollection.com\/iledoleron\/\" class=\"vcex-navbar-link vcex-navbar-link--2685 wpex-inline-block wpex-mr-5 wpex-mb-5 theme-txt-link\"><span class=\"vcex-navbar-link-text\">\u00cele d\u2019Ol\u00e9ron<\/span><\/a><\/div><\/nav><\/div><\/div><\/div><\/div><\/div>[\/vc_column][\/vc_row][vc_row content_placement=\u00bbmiddle\u00bb el_class=\u00bbpage-destinations-bannier\u00bb][vc_column width=\u00bb2\/3&#8243; css=\u00bb.vc_custom_1629467923236{background-image: url(https:\/\/leboutiquehotelscollection.com\/wp-content\/uploads\/2021\/08\/destination-hotellesdelices.jpg?id=692) !important;background-position: center !important;background-repeat: no-repeat !important;background-size: cover !important;}\u00bb][\/vc_column][vc_column width=\u00bb1\/3&#8243;][vc_single_image image=\u00bb3472&#8243;][vc_column_text]Villa Les D\u00e9lices[\/vc_column_text][vc_empty_space height=\u00bb20px\u00bb][vc_column_text]Cap-Ferret[\/vc_column_text][\/vc_column][\/vc_row][vc_row content_placement=\u00bbmiddle\u00bb columns_right=\u00bbyes\u00bb el_class=\u00bbpage-destinations-bannier\u00bb][vc_column width=\u00bb2\/3&#8243; css=\u00bb.vc_custom_1629467936441{background-image: url(https:\/\/leboutiquehotelscollection.com\/wp-content\/uploads\/2021\/08\/destination-villa-mimbeau.jpg?id=698) !important;background-position: center !important;background-repeat: no-repeat !important;background-size: cover !important;}\u00bb][\/vc_column][vc_column width=\u00bb1\/3&#8243;][vc_single_image image=\u00bb3472&#8243;][vc_column_text]Villa Mimbeau[\/vc_column_text][vc_empty_space height=\u00bb20px\u00bb][vc_column_text]Cap-Ferret[\/vc_column_text][\/vc_column][\/vc_row][vc_row content_placement=\u00bbmiddle\u00bb el_class=\u00bbpage-destinations-bannier\u00bb][vc_column width=\u00bb2\/3&#8243; css=\u00bb.vc_custom_1695737323421{background-image: url(https:\/\/leboutiquehotelscollection.com\/wp-content\/uploads\/2023\/09\/destination-ostrea.jpg?id=3560) !important;background-position: center !important;background-repeat: no-repeat !important;background-size: cover !important;}\u00bb][\/vc_column][vc_column width=\u00bb1\/3&#8243;][vc_single_image image=\u00bb3568&#8243;][vc_column_text]R\u00e9sidence Ostrea[\/vc_column_text][vc_empty_space height=\u00bb20px\u00bb][vc_column_text]Cap-Ferret[\/vc_column_text][\/vc_column][\/vc_row][vc_row content_placement=\u00bbmiddle\u00bb columns_right=\u00bbyes\u00bb el_class=\u00bbpage-destinations-bannier\u00bb][vc_column width=\u00bb2\/3&#8243; css=\u00bb.vc_custom_1695367741637{background-image: url(https:\/\/leboutiquehotelscollection.com\/wp-content\/uploads\/2023\/09\/destination-villa-hortense.jpg?id=3527) !important;background-position: center !important;background-repeat: no-repeat !important;background-size: cover !important;}\u00bb][\/vc_column][vc_column width=\u00bb1\/3&#8243;][vc_single_image image=\u00bb3472&#8243;][vc_column_text]Villa Hortense[\/vc_column_text][vc_empty_space height=\u00bb20px\u00bb][vc_column_text]Cap-Ferret[\/vc_column_text][\/vc_column][\/vc_row][vc_row][vc_column css=\u00bb.vc_custom_1628849301226{margin-bottom: 0px !important;}\u00bb][vc_empty_space height=\u00bb30px\u00bb]<div class=\"templatera_shortcode\"><div id=\"template-bannier-actualites-title\" class=\"vc_row wpb_row vc_row-fluid bannier-uptitle-title wpex-relative\"><div class=\"wpb_column vc_column_container vc_col-sm-12\"><div class=\"vc_column-inner\"><div class=\"wpb_wrapper\">\n\t<div class=\"wpb_text_column wpb_content_element\" >\n\t\t<div class=\"wpb_wrapper\">\n\t\t\t<p>MUNDO<\/p>\n\n\t\t<\/div>\n\t<\/div>\n\n\t<div style=\"text-align:center;\" class=\"wpb_text_column wpb_content_element\" >\n\t\t<div class=\"wpb_wrapper\">\n\t\t\t<h2>Noticias<\/h2>\n\n\t\t<\/div>\n\t<\/div>\n<\/div><\/div><\/div><\/div><div id=\"template-bannier-actualites\" class=\"vc_row wpb_row vc_row-fluid wpex-relative\"><div class=\"wpb_column vc_column_container vc_col-sm-12\"><div class=\"vc_column-inner\"><div class=\"wpb_wrapper\"><div class=\"vcex-module vcex-post-type-grid-wrap wpex-clr\"><div class=\"wpex-row vcex-post-type-grid entries wpex-clr\"><div class=\"vcex-post-type-entry vcex-grid-item wpex-clr col span_1_of_3 col-1 entry post-3694 type-post has-media cat-44 cat-42 translation_priority-72 translation_priority-75\"><div class=\"vcex-post-type-entry-inner entry-inner wpex-first-mt-0 wpex-last-mb-0 wpex-clr\"><div class=\"vcex-post-type-entry-media entry-media wpex-relative\"><a href=\"https:\/\/leboutiquehotelscollection.com\/es\/descubra-les-vagues-hotel-spa-una-joya-de-elegancia-contemporanea-a-orillas-de-arcachon\/\" title=\"Descubra Les Vagues H\u00f4tel &#038; Spa, una joya de elegancia contempor\u00e1nea a orillas de Arcachon\"><img width=\"1707\" height=\"2560\" src=\"https:\/\/leboutiquehotelscollection.com\/wp-content\/uploads\/2024\/03\/LesVagues-@foodiesbylouise-053-scaled.jpg\" class=\"vcex-blog-entry-img wpex-align-middle\" alt=\"\" loading=\"lazy\" decoding=\"async\" srcset=\"https:\/\/leboutiquehotelscollection.com\/wp-content\/uploads\/2024\/03\/LesVagues-@foodiesbylouise-053-scaled.jpg 1707w, https:\/\/leboutiquehotelscollection.com\/wp-content\/uploads\/2024\/03\/LesVagues-@foodiesbylouise-053-200x300.jpg 200w, https:\/\/leboutiquehotelscollection.com\/wp-content\/uploads\/2024\/03\/LesVagues-@foodiesbylouise-053-683x1024.jpg 683w, https:\/\/leboutiquehotelscollection.com\/wp-content\/uploads\/2024\/03\/LesVagues-@foodiesbylouise-053-768x1152.jpg 768w, https:\/\/leboutiquehotelscollection.com\/wp-content\/uploads\/2024\/03\/LesVagues-@foodiesbylouise-053-1024x1536.jpg 1024w, https:\/\/leboutiquehotelscollection.com\/wp-content\/uploads\/2024\/03\/LesVagues-@foodiesbylouise-053-1365x2048.jpg 1365w\" sizes=\"auto, (max-width: 1707px) 100vw, 1707px\" \/><\/a><\/div><div class=\"vcex-post-type-entry-details entry-details wpex-bordered wpex-first-mt-0 wpex-last-mb-0 wpex-clr\"><div class=\"vcex-post-type-entry-excerpt entry-excerpt wpex-my-15 wpex-text-pretty wpex-last-mb-0 wpex-clr\"><p><a class=\"custom_grid_excerpt\" href=\"https:\/\/leboutiquehotelscollection.com\/es\/descubra-les-vagues-hotel-spa-una-joya-de-elegancia-contemporanea-a-orillas-de-arcachon\/\"><span>Disfrute de unas vacaciones \u00fanicas frente al mar en el coraz\u00f3n de Arcachon<\/span>Descubra Les Vagues H\u00f4tel &#038; Spa, una joya de elegancia contempor\u00e1nea a orillas de Arcachon<\/a><\/p><\/div><\/div><\/div><\/div><\/div><\/div><div class=\"theme-button-wrap textcenter wpex-clr\"><a href=\"https:\/\/leboutiquehotelscollection.com\/es\/noticias\/\" class=\"vcex-button theme-button align-center inline custom-button\"><span class=\"vcex-button-inner theme-button-inner wpex-flex wpex-flex-wrap wpex-items-center wpex-justify-center\">+ NOTICIAS<\/span><\/a><\/div> <\/div><\/div><\/div><\/div><\/div>[\/vc_column][\/vc_row]\n<\/div>","protected":false},"excerpt":{"rendered":"<p><a class=\"custom_grid_excerpt\" href=\"https:\/\/leboutiquehotelscollection.com\/es\/descubra-les-vagues-hotel-spa-una-joya-de-elegancia-contemporanea-a-orillas-de-arcachon\/\"><span>Disfrute de unas vacaciones \u00fanicas frente al mar en el coraz\u00f3n de Arcachon<\/span>Descubra Les Vagues H\u00f4tel &#038; Spa, una joya de elegancia contempor\u00e1nea a orillas de Arcachon<\/a><\/p>\n","protected":false},"author":1024,"featured_media":0,"parent":0,"menu_order":0,"comment_status":"closed","ping_status":"closed","template":"","meta":{"_acf_changed":false,"inline_featured_image":false,"footnotes":""},"class_list":["post-2030","page","type-page","status-publish","hentry","entry","has-media"],"acf":[],"yoast_head":"<!-- This site is optimized with the Yoast SEO plugin v27.1.1 - https:\/\/yoast.com\/product\/yoast-seo-wordpress\/ -->\n<title>Cap-Ferret - Boutique H\u00f4tels Collection<\/title>\n<meta name=\"robots\" content=\"index, follow, max-snippet:-1, max-image-preview:large, max-video-preview:-1\" \/>\n<link rel=\"canonical\" href=\"https:\/\/leboutiquehotelscollection.com\/es\/cap-ferret\/\" \/>\n<meta property=\"og:locale\" content=\"es_ES\" \/>\n<meta property=\"og:type\" content=\"article\" \/>\n<meta property=\"og:title\" content=\"Cap-Ferret - Boutique H\u00f4tels Collection\" \/>\n<meta property=\"og:description\" content=\"Disfrute de unas vacaciones \u00fanicas frente al mar en el coraz\u00f3n de ArcachonDescubra Les Vagues H\u00f4tel &#038; Spa, una joya de elegancia contempor\u00e1nea a orillas de Arcachon\" \/>\n<meta property=\"og:url\" content=\"https:\/\/leboutiquehotelscollection.com\/es\/cap-ferret\/\" \/>\n<meta property=\"og:site_name\" content=\"Boutique H\u00f4tels Collection\" \/>\n<meta property=\"article:modified_time\" content=\"2023-09-26T14:09:00+00:00\" \/>\n<meta name=\"twitter:card\" content=\"summary_large_image\" \/>\n<meta name=\"twitter:label1\" content=\"Tiempo de lectura\" \/>\n\t<meta name=\"twitter:data1\" content=\"1 minuto\" \/>\n<script type=\"application\/ld+json\" class=\"yoast-schema-graph\">{\"@context\":\"https:\/\/schema.org\",\"@graph\":[{\"@type\":\"WebPage\",\"@id\":\"https:\/\/leboutiquehotelscollection.com\/es\/cap-ferret\/\",\"url\":\"https:\/\/leboutiquehotelscollection.com\/es\/cap-ferret\/\",\"name\":\"Cap-Ferret - Boutique H\u00f4tels Collection\",\"isPartOf\":{\"@id\":\"https:\/\/leboutiquehotelscollection.com\/#website\"},\"datePublished\":\"2021-08-13T10:02:38+00:00\",\"dateModified\":\"2023-09-26T14:09:00+00:00\",\"breadcrumb\":{\"@id\":\"https:\/\/leboutiquehotelscollection.com\/es\/cap-ferret\/#breadcrumb\"},\"inLanguage\":\"es\",\"potentialAction\":[{\"@type\":\"ReadAction\",\"target\":[\"https:\/\/leboutiquehotelscollection.com\/es\/cap-ferret\/\"]}]},{\"@type\":\"BreadcrumbList\",\"@id\":\"https:\/\/leboutiquehotelscollection.com\/es\/cap-ferret\/#breadcrumb\",\"itemListElement\":[{\"@type\":\"ListItem\",\"position\":1,\"name\":\"Accueil\",\"item\":\"https:\/\/leboutiquehotelscollection.com\/es\/\"},{\"@type\":\"ListItem\",\"position\":2,\"name\":\"Cap-Ferret\"}]},{\"@type\":\"WebSite\",\"@id\":\"https:\/\/leboutiquehotelscollection.com\/#website\",\"url\":\"https:\/\/leboutiquehotelscollection.com\/\",\"name\":\"Boutique H\u00f4tels Collection\",\"description\":\"Exigez l&#039;exceptionnel\",\"publisher\":{\"@id\":\"https:\/\/leboutiquehotelscollection.com\/#organization\"},\"potentialAction\":[{\"@type\":\"SearchAction\",\"target\":{\"@type\":\"EntryPoint\",\"urlTemplate\":\"https:\/\/leboutiquehotelscollection.com\/?s={search_term_string}\"},\"query-input\":{\"@type\":\"PropertyValueSpecification\",\"valueRequired\":true,\"valueName\":\"search_term_string\"}}],\"inLanguage\":\"es\"},{\"@type\":\"Organization\",\"@id\":\"https:\/\/leboutiquehotelscollection.com\/#organization\",\"name\":\"Boutique H\u00f4tels Collection\",\"url\":\"https:\/\/leboutiquehotelscollection.com\/\",\"logo\":{\"@type\":\"ImageObject\",\"inLanguage\":\"es\",\"@id\":\"https:\/\/leboutiquehotelscollection.com\/#\/schema\/logo\/image\/\",\"url\":\"https:\/\/leboutiquehotelscollection.com\/wp-content\/uploads\/2021\/07\/boutique-hotels-collection-logo.svg\",\"contentUrl\":\"https:\/\/leboutiquehotelscollection.com\/wp-content\/uploads\/2021\/07\/boutique-hotels-collection-logo.svg\",\"caption\":\"Boutique H\u00f4tels Collection\"},\"image\":{\"@id\":\"https:\/\/leboutiquehotelscollection.com\/#\/schema\/logo\/image\/\"}}]}<\/script>\n<!-- \/ Yoast SEO plugin. -->","yoast_head_json":{"title":"Cap-Ferret - Boutique H\u00f4tels Collection","robots":{"index":"index","follow":"follow","max-snippet":"max-snippet:-1","max-image-preview":"max-image-preview:large","max-video-preview":"max-video-preview:-1"},"canonical":"https:\/\/leboutiquehotelscollection.com\/es\/cap-ferret\/","og_locale":"es_ES","og_type":"article","og_title":"Cap-Ferret - Boutique H\u00f4tels Collection","og_description":"Disfrute de unas vacaciones \u00fanicas frente al mar en el coraz\u00f3n de ArcachonDescubra Les Vagues H\u00f4tel &#038; Spa, una joya de elegancia contempor\u00e1nea a orillas de Arcachon","og_url":"https:\/\/leboutiquehotelscollection.com\/es\/cap-ferret\/","og_site_name":"Boutique H\u00f4tels Collection","article_modified_time":"2023-09-26T14:09:00+00:00","twitter_card":"summary_large_image","twitter_misc":{"Tiempo de lectura":"1 minuto"},"schema":{"@context":"https:\/\/schema.org","@graph":[{"@type":"WebPage","@id":"https:\/\/leboutiquehotelscollection.com\/es\/cap-ferret\/","url":"https:\/\/leboutiquehotelscollection.com\/es\/cap-ferret\/","name":"Cap-Ferret - Boutique H\u00f4tels Collection","isPartOf":{"@id":"https:\/\/leboutiquehotelscollection.com\/#website"},"datePublished":"2021-08-13T10:02:38+00:00","dateModified":"2023-09-26T14:09:00+00:00","breadcrumb":{"@id":"https:\/\/leboutiquehotelscollection.com\/es\/cap-ferret\/#breadcrumb"},"inLanguage":"es","potentialAction":[{"@type":"ReadAction","target":["https:\/\/leboutiquehotelscollection.com\/es\/cap-ferret\/"]}]},{"@type":"BreadcrumbList","@id":"https:\/\/leboutiquehotelscollection.com\/es\/cap-ferret\/#breadcrumb","itemListElement":[{"@type":"ListItem","position":1,"name":"Accueil","item":"https:\/\/leboutiquehotelscollection.com\/es\/"},{"@type":"ListItem","position":2,"name":"Cap-Ferret"}]},{"@type":"WebSite","@id":"https:\/\/leboutiquehotelscollection.com\/#website","url":"https:\/\/leboutiquehotelscollection.com\/","name":"Boutique H\u00f4tels Collection","description":"Exigez l&#039;exceptionnel","publisher":{"@id":"https:\/\/leboutiquehotelscollection.com\/#organization"},"potentialAction":[{"@type":"SearchAction","target":{"@type":"EntryPoint","urlTemplate":"https:\/\/leboutiquehotelscollection.com\/?s={search_term_string}"},"query-input":{"@type":"PropertyValueSpecification","valueRequired":true,"valueName":"search_term_string"}}],"inLanguage":"es"},{"@type":"Organization","@id":"https:\/\/leboutiquehotelscollection.com\/#organization","name":"Boutique H\u00f4tels Collection","url":"https:\/\/leboutiquehotelscollection.com\/","logo":{"@type":"ImageObject","inLanguage":"es","@id":"https:\/\/leboutiquehotelscollection.com\/#\/schema\/logo\/image\/","url":"https:\/\/leboutiquehotelscollection.com\/wp-content\/uploads\/2021\/07\/boutique-hotels-collection-logo.svg","contentUrl":"https:\/\/leboutiquehotelscollection.com\/wp-content\/uploads\/2021\/07\/boutique-hotels-collection-logo.svg","caption":"Boutique H\u00f4tels Collection"},"image":{"@id":"https:\/\/leboutiquehotelscollection.com\/#\/schema\/logo\/image\/"}}]}},"_links":{"self":[{"href":"https:\/\/leboutiquehotelscollection.com\/es\/wp-json\/wp\/v2\/pages\/2030","targetHints":{"allow":["GET"]}}],"collection":[{"href":"https:\/\/leboutiquehotelscollection.com\/es\/wp-json\/wp\/v2\/pages"}],"about":[{"href":"https:\/\/leboutiquehotelscollection.com\/es\/wp-json\/wp\/v2\/types\/page"}],"author":[{"embeddable":true,"href":"https:\/\/leboutiquehotelscollection.com\/es\/wp-json\/wp\/v2\/users\/1024"}],"replies":[{"embeddable":true,"href":"https:\/\/leboutiquehotelscollection.com\/es\/wp-json\/wp\/v2\/comments?post=2030"}],"version-history":[{"count":6,"href":"https:\/\/leboutiquehotelscollection.com\/es\/wp-json\/wp\/v2\/pages\/2030\/revisions"}],"predecessor-version":[{"id":3571,"href":"https:\/\/leboutiquehotelscollection.com\/es\/wp-json\/wp\/v2\/pages\/2030\/revisions\/3571"}],"wp:attachment":[{"href":"https:\/\/leboutiquehotelscollection.com\/es\/wp-json\/wp\/v2\/media?parent=2030"}],"curies":[{"name":"wp","href":"https:\/\/api.w.org\/{rel}","templated":true}]}}