{"id":2013,"date":"2021-08-13T10:18:13","date_gmt":"2021-08-13T08:18:13","guid":{"rendered":"https:\/\/leboutiquehotelscollection.com\/nos-projets\/"},"modified":"2021-10-05T17:47:31","modified_gmt":"2021-10-05T15:47:31","slug":"nuestros-proyectos","status":"publish","type":"page","link":"https:\/\/leboutiquehotelscollection.com\/es\/nuestros-proyectos\/","title":{"rendered":"Nuestros proyectos"},"content":{"rendered":"<div class=\"wpb-content-wrapper\">[vc_row full_width=\u00bbstretch_row\u00bb css=\u00bb.vc_custom_1628843436939{background-image: url(https:\/\/leboutiquehotelscollection.com\/wp-content\/uploads\/2021\/08\/visuel-nosprojets.jpg?id=427) !important;background-position: center !important;background-repeat: no-repeat !important;background-size: cover !important;}\u00bb el_class=\u00bbbannier-top-image-small\u00bb][vc_column][\/vc_column][\/vc_row][vc_row el_class=\u00bbbannier-uptitle-title\u00bb][vc_column][vc_column_text text_align=\u00bbcenter\u00bb]\n<h1>Nuestros proyectos<\/h1>\n[\/vc_column_text][\/vc_column][\/vc_row][vc_row remove_bottom_col_margin=\u00bbtrue\u00bb el_id=\u00bbpage-projets-bannier-content\u00bb][vc_column]<div class=\"vcex-module vcex-post-type-grid-wrap wpex-clr\"><div class=\"wpex-row vcex-post-type-grid entries wpex-clr\"><div class=\"vcex-post-type-entry vcex-grid-item wpex-clr col span_1_of_3 col-1 entry post-3199 type-projets has-media\"><div class=\"vcex-post-type-entry-inner entry-inner wpex-first-mt-0 wpex-last-mb-0 wpex-clr\"><div class=\"vcex-post-type-entry-media entry-media wpex-relative\"><img width=\"1080\" height=\"1080\" src=\"https:\/\/leboutiquehotelscollection.com\/wp-content\/uploads\/2023\/03\/Sans-titre-6.png\" class=\"vcex-blog-entry-img wpex-align-middle\" alt=\"\" loading=\"lazy\" decoding=\"async\" srcset=\"https:\/\/leboutiquehotelscollection.com\/wp-content\/uploads\/2023\/03\/Sans-titre-6.png 1080w, https:\/\/leboutiquehotelscollection.com\/wp-content\/uploads\/2023\/03\/Sans-titre-6-300x300.png 300w, https:\/\/leboutiquehotelscollection.com\/wp-content\/uploads\/2023\/03\/Sans-titre-6-1024x1024.png 1024w, https:\/\/leboutiquehotelscollection.com\/wp-content\/uploads\/2023\/03\/Sans-titre-6-150x150.png 150w, https:\/\/leboutiquehotelscollection.com\/wp-content\/uploads\/2023\/03\/Sans-titre-6-768x768.png 768w\" sizes=\"auto, (max-width: 1080px) 100vw, 1080px\" \/><\/div><div class=\"vcex-post-type-entry-details entry-details wpex-bordered wpex-first-mt-0 wpex-last-mb-0 wpex-clr\"><h2 class=\"vcex-post-type-entry-title entry-title wpex-mb-5\">H\u00f4tel Saint-Lary<\/h2 ><div class=\"vcex-post-type-entry-excerpt entry-excerpt wpex-my-15 wpex-text-pretty wpex-last-mb-0 wpex-clr\"><div class=\"wpb-content-wrapper\">[vc_row][vc_column][vc_column_text]\n<h3>SAINT-LARY, PYR\u00c9N\u00c9ES<\/h3>\n[\/vc_column_text][vc_empty_space height=\u00bb15px\u00bb][vc_column_text]El pueblo de Saint-Lary-Soulan est\u00e1 situado en el valle de Aure, en la alta monta\u00f1a.<\/p>\n<p>Goza de una ubicaci\u00f3n ideal, situada en el camino de Santiago de Compostela, a las puertas del Parque de los Pirineos y a pocos kil\u00f3metros de Espa\u00f1a.<\/p>\n<p>Este antiguo hotel CCAS Le Sporting ser\u00e1 el primer hotel de 5 estrellas del municipio, con 36 habitaciones, un spa de 1000 m2 y un restaurante.[\/vc_column_text][vc_empty_space height=\u00bb15px\u00bb][vc_column_text css=\u00bb\u00bb text_align=\u00bbcenter\u00bb color=\u00bbaccent\u00bb font_weight=\u00bbbold\u00bb]PROXIMA<br \/>\nAPERTURA EN 2026[\/vc_column_text][\/vc_column][\/vc_row]\n<\/div><\/div><\/div><\/div><\/div><\/div><\/div>[\/vc_column][\/vc_row][vc_row][vc_column css=\u00bb.vc_custom_1628845372273{margin-bottom: 0px !important;}\u00bb]<div class=\"templatera_shortcode\"><div id=\"template-bannier-actualites-title\" class=\"vc_row wpb_row vc_row-fluid bannier-uptitle-title wpex-relative\"><div class=\"wpb_column vc_column_container vc_col-sm-12\"><div class=\"vc_column-inner\"><div class=\"wpb_wrapper\">\n\t<div class=\"wpb_text_column wpb_content_element\" >\n\t\t<div class=\"wpb_wrapper\">\n\t\t\t<p>MUNDO<\/p>\n\n\t\t<\/div>\n\t<\/div>\n\n\t<div style=\"text-align:center;\" class=\"wpb_text_column wpb_content_element\" >\n\t\t<div class=\"wpb_wrapper\">\n\t\t\t<h2>Noticias<\/h2>\n\n\t\t<\/div>\n\t<\/div>\n<\/div><\/div><\/div><\/div><div id=\"template-bannier-actualites\" class=\"vc_row wpb_row vc_row-fluid wpex-relative\"><div class=\"wpb_column vc_column_container vc_col-sm-12\"><div class=\"vc_column-inner\"><div class=\"wpb_wrapper\"><div class=\"vcex-module vcex-post-type-grid-wrap wpex-clr\"><div class=\"wpex-row vcex-post-type-grid entries wpex-clr\"><div class=\"vcex-post-type-entry vcex-grid-item wpex-clr col span_1_of_3 col-1 entry post-3694 type-post has-media cat-44 cat-42 translation_priority-72 translation_priority-75\"><div class=\"vcex-post-type-entry-inner entry-inner wpex-first-mt-0 wpex-last-mb-0 wpex-clr\"><div class=\"vcex-post-type-entry-media entry-media wpex-relative\"><a href=\"https:\/\/leboutiquehotelscollection.com\/es\/descubra-les-vagues-hotel-spa-una-joya-de-elegancia-contemporanea-a-orillas-de-arcachon\/\" title=\"Descubra Les Vagues H\u00f4tel &#038; Spa, una joya de elegancia contempor\u00e1nea a orillas de Arcachon\"><img width=\"1707\" height=\"2560\" src=\"https:\/\/leboutiquehotelscollection.com\/wp-content\/uploads\/2024\/03\/LesVagues-@foodiesbylouise-053-scaled.jpg\" class=\"vcex-blog-entry-img wpex-align-middle\" alt=\"\" loading=\"lazy\" decoding=\"async\" srcset=\"https:\/\/leboutiquehotelscollection.com\/wp-content\/uploads\/2024\/03\/LesVagues-@foodiesbylouise-053-scaled.jpg 1707w, https:\/\/leboutiquehotelscollection.com\/wp-content\/uploads\/2024\/03\/LesVagues-@foodiesbylouise-053-200x300.jpg 200w, https:\/\/leboutiquehotelscollection.com\/wp-content\/uploads\/2024\/03\/LesVagues-@foodiesbylouise-053-683x1024.jpg 683w, https:\/\/leboutiquehotelscollection.com\/wp-content\/uploads\/2024\/03\/LesVagues-@foodiesbylouise-053-768x1152.jpg 768w, https:\/\/leboutiquehotelscollection.com\/wp-content\/uploads\/2024\/03\/LesVagues-@foodiesbylouise-053-1024x1536.jpg 1024w, https:\/\/leboutiquehotelscollection.com\/wp-content\/uploads\/2024\/03\/LesVagues-@foodiesbylouise-053-1365x2048.jpg 1365w\" sizes=\"auto, (max-width: 1707px) 100vw, 1707px\" \/><\/a><\/div><div class=\"vcex-post-type-entry-details entry-details wpex-bordered wpex-first-mt-0 wpex-last-mb-0 wpex-clr\"><div class=\"vcex-post-type-entry-excerpt entry-excerpt wpex-my-15 wpex-text-pretty wpex-last-mb-0 wpex-clr\"><p><a class=\"custom_grid_excerpt\" href=\"https:\/\/leboutiquehotelscollection.com\/es\/descubra-les-vagues-hotel-spa-una-joya-de-elegancia-contemporanea-a-orillas-de-arcachon\/\"><span>Disfrute de unas vacaciones \u00fanicas frente al mar en el coraz\u00f3n de Arcachon<\/span>Descubra Les Vagues H\u00f4tel &#038; Spa, una joya de elegancia contempor\u00e1nea a orillas de Arcachon<\/a><\/p><\/div><\/div><\/div><\/div><\/div><\/div><div class=\"theme-button-wrap textcenter wpex-clr\"><a href=\"https:\/\/leboutiquehotelscollection.com\/es\/noticias\/\" class=\"vcex-button theme-button align-center inline custom-button\"><span class=\"vcex-button-inner theme-button-inner wpex-flex wpex-flex-wrap wpex-items-center wpex-justify-center\">+ NOTICIAS<\/span><\/a><\/div> <\/div><\/div><\/div><\/div><\/div>[\/vc_column][\/vc_row]\n<\/div>","protected":false},"excerpt":{"rendered":"<p><a class=\"custom_grid_excerpt\" href=\"https:\/\/leboutiquehotelscollection.com\/es\/descubra-les-vagues-hotel-spa-una-joya-de-elegancia-contemporanea-a-orillas-de-arcachon\/\"><span>Disfrute de unas vacaciones \u00fanicas frente al mar en el coraz\u00f3n de Arcachon<\/span>Descubra Les Vagues H\u00f4tel &#038; Spa, una joya de elegancia contempor\u00e1nea a orillas de Arcachon<\/a><\/p>\n","protected":false},"author":1024,"featured_media":0,"parent":0,"menu_order":0,"comment_status":"closed","ping_status":"closed","template":"","meta":{"_acf_changed":false,"inline_featured_image":false,"footnotes":""},"class_list":["post-2013","page","type-page","status-publish","hentry","entry","has-media"],"acf":[],"yoast_head":"<!-- This site is optimized with the Yoast SEO plugin v27.1.1 - https:\/\/yoast.com\/product\/yoast-seo-wordpress\/ -->\n<title>Nuestros proyectos - Boutique H\u00f4tels Collection<\/title>\n<meta name=\"robots\" content=\"index, follow, max-snippet:-1, max-image-preview:large, max-video-preview:-1\" \/>\n<link rel=\"canonical\" href=\"https:\/\/leboutiquehotelscollection.com\/es\/nuestros-proyectos\/\" \/>\n<meta property=\"og:locale\" content=\"es_ES\" \/>\n<meta property=\"og:type\" content=\"article\" \/>\n<meta property=\"og:title\" content=\"Nuestros proyectos - Boutique H\u00f4tels Collection\" \/>\n<meta property=\"og:description\" content=\"Disfrute de unas vacaciones \u00fanicas frente al mar en el coraz\u00f3n de ArcachonDescubra Les Vagues H\u00f4tel &#038; Spa, una joya de elegancia contempor\u00e1nea a orillas de Arcachon\" \/>\n<meta property=\"og:url\" content=\"https:\/\/leboutiquehotelscollection.com\/es\/nuestros-proyectos\/\" \/>\n<meta property=\"og:site_name\" content=\"Boutique H\u00f4tels Collection\" \/>\n<meta property=\"article:modified_time\" content=\"2021-10-05T15:47:31+00:00\" \/>\n<meta name=\"twitter:card\" content=\"summary_large_image\" \/>\n<meta name=\"twitter:label1\" content=\"Tiempo de lectura\" \/>\n\t<meta name=\"twitter:data1\" content=\"1 minuto\" \/>\n<script type=\"application\/ld+json\" class=\"yoast-schema-graph\">{\"@context\":\"https:\/\/schema.org\",\"@graph\":[{\"@type\":\"WebPage\",\"@id\":\"https:\/\/leboutiquehotelscollection.com\/es\/nuestros-proyectos\/\",\"url\":\"https:\/\/leboutiquehotelscollection.com\/es\/nuestros-proyectos\/\",\"name\":\"Nuestros proyectos - Boutique H\u00f4tels Collection\",\"isPartOf\":{\"@id\":\"https:\/\/leboutiquehotelscollection.com\/#website\"},\"datePublished\":\"2021-08-13T08:18:13+00:00\",\"dateModified\":\"2021-10-05T15:47:31+00:00\",\"breadcrumb\":{\"@id\":\"https:\/\/leboutiquehotelscollection.com\/es\/nuestros-proyectos\/#breadcrumb\"},\"inLanguage\":\"es\",\"potentialAction\":[{\"@type\":\"ReadAction\",\"target\":[\"https:\/\/leboutiquehotelscollection.com\/es\/nuestros-proyectos\/\"]}]},{\"@type\":\"BreadcrumbList\",\"@id\":\"https:\/\/leboutiquehotelscollection.com\/es\/nuestros-proyectos\/#breadcrumb\",\"itemListElement\":[{\"@type\":\"ListItem\",\"position\":1,\"name\":\"Accueil\",\"item\":\"https:\/\/leboutiquehotelscollection.com\/es\/\"},{\"@type\":\"ListItem\",\"position\":2,\"name\":\"Nuestros proyectos\"}]},{\"@type\":\"WebSite\",\"@id\":\"https:\/\/leboutiquehotelscollection.com\/#website\",\"url\":\"https:\/\/leboutiquehotelscollection.com\/\",\"name\":\"Boutique H\u00f4tels Collection\",\"description\":\"Exigez l&#039;exceptionnel\",\"publisher\":{\"@id\":\"https:\/\/leboutiquehotelscollection.com\/#organization\"},\"potentialAction\":[{\"@type\":\"SearchAction\",\"target\":{\"@type\":\"EntryPoint\",\"urlTemplate\":\"https:\/\/leboutiquehotelscollection.com\/?s={search_term_string}\"},\"query-input\":{\"@type\":\"PropertyValueSpecification\",\"valueRequired\":true,\"valueName\":\"search_term_string\"}}],\"inLanguage\":\"es\"},{\"@type\":\"Organization\",\"@id\":\"https:\/\/leboutiquehotelscollection.com\/#organization\",\"name\":\"Boutique H\u00f4tels Collection\",\"url\":\"https:\/\/leboutiquehotelscollection.com\/\",\"logo\":{\"@type\":\"ImageObject\",\"inLanguage\":\"es\",\"@id\":\"https:\/\/leboutiquehotelscollection.com\/#\/schema\/logo\/image\/\",\"url\":\"https:\/\/leboutiquehotelscollection.com\/wp-content\/uploads\/2021\/07\/boutique-hotels-collection-logo.svg\",\"contentUrl\":\"https:\/\/leboutiquehotelscollection.com\/wp-content\/uploads\/2021\/07\/boutique-hotels-collection-logo.svg\",\"caption\":\"Boutique H\u00f4tels Collection\"},\"image\":{\"@id\":\"https:\/\/leboutiquehotelscollection.com\/#\/schema\/logo\/image\/\"}}]}<\/script>\n<!-- \/ Yoast SEO plugin. -->","yoast_head_json":{"title":"Nuestros proyectos - Boutique H\u00f4tels Collection","robots":{"index":"index","follow":"follow","max-snippet":"max-snippet:-1","max-image-preview":"max-image-preview:large","max-video-preview":"max-video-preview:-1"},"canonical":"https:\/\/leboutiquehotelscollection.com\/es\/nuestros-proyectos\/","og_locale":"es_ES","og_type":"article","og_title":"Nuestros proyectos - Boutique H\u00f4tels Collection","og_description":"Disfrute de unas vacaciones \u00fanicas frente al mar en el coraz\u00f3n de ArcachonDescubra Les Vagues H\u00f4tel &#038; Spa, una joya de elegancia contempor\u00e1nea a orillas de Arcachon","og_url":"https:\/\/leboutiquehotelscollection.com\/es\/nuestros-proyectos\/","og_site_name":"Boutique H\u00f4tels Collection","article_modified_time":"2021-10-05T15:47:31+00:00","twitter_card":"summary_large_image","twitter_misc":{"Tiempo de lectura":"1 minuto"},"schema":{"@context":"https:\/\/schema.org","@graph":[{"@type":"WebPage","@id":"https:\/\/leboutiquehotelscollection.com\/es\/nuestros-proyectos\/","url":"https:\/\/leboutiquehotelscollection.com\/es\/nuestros-proyectos\/","name":"Nuestros proyectos - Boutique H\u00f4tels Collection","isPartOf":{"@id":"https:\/\/leboutiquehotelscollection.com\/#website"},"datePublished":"2021-08-13T08:18:13+00:00","dateModified":"2021-10-05T15:47:31+00:00","breadcrumb":{"@id":"https:\/\/leboutiquehotelscollection.com\/es\/nuestros-proyectos\/#breadcrumb"},"inLanguage":"es","potentialAction":[{"@type":"ReadAction","target":["https:\/\/leboutiquehotelscollection.com\/es\/nuestros-proyectos\/"]}]},{"@type":"BreadcrumbList","@id":"https:\/\/leboutiquehotelscollection.com\/es\/nuestros-proyectos\/#breadcrumb","itemListElement":[{"@type":"ListItem","position":1,"name":"Accueil","item":"https:\/\/leboutiquehotelscollection.com\/es\/"},{"@type":"ListItem","position":2,"name":"Nuestros proyectos"}]},{"@type":"WebSite","@id":"https:\/\/leboutiquehotelscollection.com\/#website","url":"https:\/\/leboutiquehotelscollection.com\/","name":"Boutique H\u00f4tels Collection","description":"Exigez l&#039;exceptionnel","publisher":{"@id":"https:\/\/leboutiquehotelscollection.com\/#organization"},"potentialAction":[{"@type":"SearchAction","target":{"@type":"EntryPoint","urlTemplate":"https:\/\/leboutiquehotelscollection.com\/?s={search_term_string}"},"query-input":{"@type":"PropertyValueSpecification","valueRequired":true,"valueName":"search_term_string"}}],"inLanguage":"es"},{"@type":"Organization","@id":"https:\/\/leboutiquehotelscollection.com\/#organization","name":"Boutique H\u00f4tels Collection","url":"https:\/\/leboutiquehotelscollection.com\/","logo":{"@type":"ImageObject","inLanguage":"es","@id":"https:\/\/leboutiquehotelscollection.com\/#\/schema\/logo\/image\/","url":"https:\/\/leboutiquehotelscollection.com\/wp-content\/uploads\/2021\/07\/boutique-hotels-collection-logo.svg","contentUrl":"https:\/\/leboutiquehotelscollection.com\/wp-content\/uploads\/2021\/07\/boutique-hotels-collection-logo.svg","caption":"Boutique H\u00f4tels Collection"},"image":{"@id":"https:\/\/leboutiquehotelscollection.com\/#\/schema\/logo\/image\/"}}]}},"_links":{"self":[{"href":"https:\/\/leboutiquehotelscollection.com\/es\/wp-json\/wp\/v2\/pages\/2013","targetHints":{"allow":["GET"]}}],"collection":[{"href":"https:\/\/leboutiquehotelscollection.com\/es\/wp-json\/wp\/v2\/pages"}],"about":[{"href":"https:\/\/leboutiquehotelscollection.com\/es\/wp-json\/wp\/v2\/types\/page"}],"author":[{"embeddable":true,"href":"https:\/\/leboutiquehotelscollection.com\/es\/wp-json\/wp\/v2\/users\/1024"}],"replies":[{"embeddable":true,"href":"https:\/\/leboutiquehotelscollection.com\/es\/wp-json\/wp\/v2\/comments?post=2013"}],"version-history":[{"count":2,"href":"https:\/\/leboutiquehotelscollection.com\/es\/wp-json\/wp\/v2\/pages\/2013\/revisions"}],"predecessor-version":[{"id":2431,"href":"https:\/\/leboutiquehotelscollection.com\/es\/wp-json\/wp\/v2\/pages\/2013\/revisions\/2431"}],"wp:attachment":[{"href":"https:\/\/leboutiquehotelscollection.com\/es\/wp-json\/wp\/v2\/media?parent=2013"}],"curies":[{"name":"wp","href":"https:\/\/api.w.org\/{rel}","templated":true}]}}