{"id":2009,"date":"2021-08-12T18:21:05","date_gmt":"2021-08-12T16:21:05","guid":{"rendered":"https:\/\/leboutiquehotelscollection.com\/le-groupe\/"},"modified":"2023-03-10T16:41:08","modified_gmt":"2023-03-10T15:41:08","slug":"el-grupo","status":"publish","type":"page","link":"https:\/\/leboutiquehotelscollection.com\/es\/el-grupo\/","title":{"rendered":"El grupo"},"content":{"rendered":"<div class=\"wpb-content-wrapper\">[vc_row el_class=\u00bbbannier-uptitle-title\u00bb][vc_column][vc_empty_space height=\u00bb30px\u00bb][vc_column_text]UNA NUEVA VISION[\/vc_column_text][vc_column_text text_align=\u00bbcenter\u00bb]\n<h1>El Grupo<\/h1>\n[\/vc_column_text][\/vc_column][\/vc_row][vc_row remove_bottom_col_margin=\u00bbtrue\u00bb][vc_column][vc_column_text el_class=\u00bbintro intro-top-page\u00bb]Le Boutique Hotels Collection tiene como concepto central el brindar a sus hu\u00e9spedes una acogida personalizada que les permita vivir una experiencia \u00fanica.[\/vc_column_text][\/vc_column][\/vc_row][vc_row el_id=\u00bbpage-groupe-bannier-content\u00bb][vc_column css_animation=\u00bbleft-to-right\u00bb width=\u00bb1\/2&#8243;][vc_single_image image=\u00bb1610&#8243;][\/vc_column][vc_column css_animation=\u00bbright-to-left\u00bb width=\u00bb1\/2&#8243; css_animation_delay=\u00bb0.3&#8243;][vc_column_text]Cada uno de sus hoteles, villas y apartamentos est\u00e1n ubicados en lugares excepcionales. Los inmuebles seleccionados cuentan con una decoraci\u00f3n en la que predomina el dise\u00f1o pero sin alterar el estilo caracter\u00edstico de las instalaciones. Entre encanto y comodidad, el refinamiento adquiere una nueva dimensi\u00f3n.<\/p>\n<blockquote><p>Lugares fabulosos que le permitir\u00e1n vivir momentos inolvidables.<\/p><\/blockquote>\n[\/vc_column_text][\/vc_column][\/vc_row][vc_row el_class=\u00bbbannier-uptitle-title\u00bb][vc_column][vc_empty_space height=\u00bb30px\u00bb][vc_column_text]NUESTRO EQUIPO[\/vc_column_text][vc_column_text text_align=\u00bbcenter\u00bb]\n<h1>El Grupo<\/h1>\n[\/vc_column_text][vc_empty_space height=\u00bb30px\u00bb][\/vc_column][\/vc_row][vc_row el_id=\u00bbpage-groupe-bannier-visages\u00bb][vc_column css=\u00bb.vc_custom_1628785415385{margin-bottom: 0px !important;}\u00bb]<style class=\"vcex-carousel-preload-css\">.vcex_69dec924cc8f1{--wpex-carousel-gap:30px;}.vcex_69dec924cc8f1{--wpex-carousel-columns:1;}.vcex_69dec924cc8f1.wpex-carousel:not(.wpex-carousel--loaded) > *:not(:nth-child(1n+2)){display:flex!important;}@media only screen and (min-width: 480px) {.vcex_69dec924cc8f1{--wpex-carousel-columns:2;}.vcex_69dec924cc8f1.wpex-carousel:not(.wpex-carousel--loaded) > *:not(:nth-child(1n+3)){display:flex!important;}}@media only screen and (min-width: 768px) {.vcex_69dec924cc8f1{--wpex-carousel-columns:3;}.vcex_69dec924cc8f1.wpex-carousel:not(.wpex-carousel--loaded) > *:not(:nth-child(1n+4)){display:flex!important;}}@media only screen and (min-width: 960px) {.vcex_69dec924cc8f1{--wpex-carousel-columns:3;}.vcex_69dec924cc8f1.wpex-carousel:not(.wpex-carousel--loaded) > *:not(:nth-child(1n+4)){display:flex!important;}}<\/style><div class=\"vcex-module wpex-carousel wpex-carousel-staff wpex-clr owl-carousel wpex-carousel--render-onload vcex_69dec924cc8f1 arrwstyle-border arrwpos-abs\" data-wpex-carousel=\"{&quot;slideBy&quot;:1,&quot;margin&quot;:30,&quot;items&quot;:3,&quot;responsive&quot;:{&quot;0&quot;:{&quot;items&quot;:&quot;1&quot;},&quot;480&quot;:{&quot;items&quot;:&quot;2&quot;},&quot;768&quot;:{&quot;items&quot;:&quot;3&quot;},&quot;960&quot;:{&quot;items&quot;:3}}}\"><div class=\"wpex-carousel-slide wpex-clr\"><div class=\"wpex-carousel-entry-media entry-media wpex-relative\"><img width=\"400\" height=\"400\" src=\"https:\/\/leboutiquehotelscollection.com\/wp-content\/uploads\/2021\/09\/christophe-san-jose.png\" class=\"wpex-carousel-entry-img wpex-align-middle skip-lazy\" alt=\"\" data-no-lazy=\"1\" srcset=\"https:\/\/leboutiquehotelscollection.com\/wp-content\/uploads\/2021\/09\/christophe-san-jose.png 400w, https:\/\/leboutiquehotelscollection.com\/wp-content\/uploads\/2021\/09\/christophe-san-jose-300x300.png 300w, https:\/\/leboutiquehotelscollection.com\/wp-content\/uploads\/2021\/09\/christophe-san-jose-150x150.png 150w\" sizes=\"(max-width: 400px) 100vw, 400px\" \/><\/div><div class=\"wpex-carousel-entry-details entry-details wpex-boxed wpex-first-mt-0 wpex-last-mb-0 wpex-clr\"><div class=\"wpex-carousel-entry-title entry-title wpex-mb-5\">Christophe San Jos\u00e9<\/div><div class=\"wpex-carousel-entry-excerpt entry-excerpt wpex-my-15 wpex-text-pretty wpex-last-mb-0 wpex-clr\"><div class=\"wpb-content-wrapper\">[vc_row][vc_column][vc_column_text el_class=\u00bbintro\u00bb]Propietarios de los establecimientos y Gerente del grupo Boutique Hotels Collection[\/vc_column_text][\/vc_column][\/vc_row]\n<\/div><\/div><\/div><\/div><div class=\"wpex-carousel-slide wpex-clr\"><div class=\"wpex-carousel-entry-media entry-media wpex-relative\"><img width=\"400\" height=\"400\" src=\"https:\/\/leboutiquehotelscollection.com\/wp-content\/uploads\/2021\/09\/bastien-deschamps.png\" class=\"wpex-carousel-entry-img wpex-align-middle skip-lazy\" alt=\"\" data-no-lazy=\"1\" srcset=\"https:\/\/leboutiquehotelscollection.com\/wp-content\/uploads\/2021\/09\/bastien-deschamps.png 400w, https:\/\/leboutiquehotelscollection.com\/wp-content\/uploads\/2021\/09\/bastien-deschamps-300x300.png 300w, https:\/\/leboutiquehotelscollection.com\/wp-content\/uploads\/2021\/09\/bastien-deschamps-150x150.png 150w\" sizes=\"(max-width: 400px) 100vw, 400px\" \/><\/div><div class=\"wpex-carousel-entry-details entry-details wpex-boxed wpex-first-mt-0 wpex-last-mb-0 wpex-clr\"><div class=\"wpex-carousel-entry-title entry-title wpex-mb-5\">Bastien Deschamps<\/div><div class=\"wpex-carousel-entry-excerpt entry-excerpt wpex-my-15 wpex-text-pretty wpex-last-mb-0 wpex-clr\"><div class=\"wpb-content-wrapper\">[vc_row][vc_column][vc_column_text el_class=\u00bbintro\u00bb]Presidente y CEO del grupo Boutique Hotels Collection[\/vc_column_text][\/vc_column][\/vc_row]\n<\/div><\/div><\/div><\/div><div class=\"wpex-carousel-slide wpex-clr\"><div class=\"wpex-carousel-entry-media entry-media wpex-relative\"><img width=\"400\" height=\"400\" src=\"https:\/\/leboutiquehotelscollection.com\/wp-content\/uploads\/2021\/09\/anais-san-jose.png\" class=\"wpex-carousel-entry-img wpex-align-middle skip-lazy\" alt=\"\" data-no-lazy=\"1\" srcset=\"https:\/\/leboutiquehotelscollection.com\/wp-content\/uploads\/2021\/09\/anais-san-jose.png 400w, https:\/\/leboutiquehotelscollection.com\/wp-content\/uploads\/2021\/09\/anais-san-jose-300x300.png 300w, https:\/\/leboutiquehotelscollection.com\/wp-content\/uploads\/2021\/09\/anais-san-jose-150x150.png 150w\" sizes=\"(max-width: 400px) 100vw, 400px\" \/><\/div><div class=\"wpex-carousel-entry-details entry-details wpex-boxed wpex-first-mt-0 wpex-last-mb-0 wpex-clr\"><div class=\"wpex-carousel-entry-title entry-title wpex-mb-5\">Ana\u00efs San Jos\u00e9<\/div><div class=\"wpex-carousel-entry-excerpt entry-excerpt wpex-my-15 wpex-text-pretty wpex-last-mb-0 wpex-clr\"><div class=\"wpb-content-wrapper\">[vc_row][vc_column][vc_column_text el_class=\u00bbintro\u00bb]Responsable Decoracion y Diseno para todos los establecimientos del grupo Boutique Hotels Collection[\/vc_column_text][\/vc_column][\/vc_row]\n<\/div><\/div><\/div><\/div><div class=\"wpex-carousel-slide wpex-clr\"><div class=\"wpex-carousel-entry-media entry-media wpex-relative\"><img width=\"1328\" height=\"1330\" src=\"https:\/\/leboutiquehotelscollection.com\/wp-content\/uploads\/2023\/03\/Capture-decran-2023-03-10-a-15.14.43.png\" class=\"wpex-carousel-entry-img wpex-align-middle skip-lazy\" alt=\"\" data-no-lazy=\"1\" srcset=\"https:\/\/leboutiquehotelscollection.com\/wp-content\/uploads\/2023\/03\/Capture-decran-2023-03-10-a-15.14.43.png 1328w, https:\/\/leboutiquehotelscollection.com\/wp-content\/uploads\/2023\/03\/Capture-decran-2023-03-10-a-15.14.43-300x300.png 300w, https:\/\/leboutiquehotelscollection.com\/wp-content\/uploads\/2023\/03\/Capture-decran-2023-03-10-a-15.14.43-1022x1024.png 1022w, https:\/\/leboutiquehotelscollection.com\/wp-content\/uploads\/2023\/03\/Capture-decran-2023-03-10-a-15.14.43-150x150.png 150w, https:\/\/leboutiquehotelscollection.com\/wp-content\/uploads\/2023\/03\/Capture-decran-2023-03-10-a-15.14.43-768x769.png 768w\" sizes=\"(max-width: 1328px) 100vw, 1328px\" \/><\/div><div class=\"wpex-carousel-entry-details entry-details wpex-boxed wpex-first-mt-0 wpex-last-mb-0 wpex-clr\"><div class=\"wpex-carousel-entry-title entry-title wpex-mb-5\">Carine Bayle<\/div><div class=\"wpex-carousel-entry-excerpt entry-excerpt wpex-my-15 wpex-text-pretty wpex-last-mb-0 wpex-clr\"><div class=\"wpb-content-wrapper\">[vc_row][vc_column][vc_column_text css=\u00bb\u00bb el_class=\u00bbintro\u00bb]Director de Finanzas y Desarrollo de Boutique Hotels Collection[\/vc_column_text][\/vc_column][\/vc_row]\n<\/div><\/div><\/div><\/div><div class=\"wpex-carousel-slide wpex-clr\"><div class=\"wpex-carousel-entry-media entry-media wpex-relative\"><img width=\"1080\" height=\"1080\" src=\"https:\/\/leboutiquehotelscollection.com\/wp-content\/uploads\/2023\/07\/Photos-site-LBHC.png\" class=\"wpex-carousel-entry-img wpex-align-middle skip-lazy\" alt=\"\" data-no-lazy=\"1\" srcset=\"https:\/\/leboutiquehotelscollection.com\/wp-content\/uploads\/2023\/07\/Photos-site-LBHC.png 1080w, https:\/\/leboutiquehotelscollection.com\/wp-content\/uploads\/2023\/07\/Photos-site-LBHC-300x300.png 300w, https:\/\/leboutiquehotelscollection.com\/wp-content\/uploads\/2023\/07\/Photos-site-LBHC-1024x1024.png 1024w, https:\/\/leboutiquehotelscollection.com\/wp-content\/uploads\/2023\/07\/Photos-site-LBHC-150x150.png 150w, https:\/\/leboutiquehotelscollection.com\/wp-content\/uploads\/2023\/07\/Photos-site-LBHC-768x768.png 768w\" sizes=\"(max-width: 1080px) 100vw, 1080px\" \/><\/div><div class=\"wpex-carousel-entry-details entry-details wpex-boxed wpex-first-mt-0 wpex-last-mb-0 wpex-clr\"><div class=\"wpex-carousel-entry-title entry-title wpex-mb-5\">Pauline Jolu<\/div><div class=\"wpex-carousel-entry-excerpt entry-excerpt wpex-my-15 wpex-text-pretty wpex-last-mb-0 wpex-clr\"><div class=\"wpb-content-wrapper\">[vc_row][vc_column][vc_column_text el_class=\u00bbintro\u00bb]Directora de Your Bordeaux Home[\/vc_column_text][\/vc_column][\/vc_row]\n<\/div><\/div><\/div><\/div><div class=\"wpex-carousel-slide wpex-clr\"><div class=\"wpex-carousel-entry-media entry-media wpex-relative\"><img width=\"1332\" height=\"1328\" src=\"https:\/\/leboutiquehotelscollection.com\/wp-content\/uploads\/2023\/03\/Capture-decran-2023-03-10-a-15.14.54.png\" class=\"wpex-carousel-entry-img wpex-align-middle skip-lazy\" alt=\"\" data-no-lazy=\"1\" srcset=\"https:\/\/leboutiquehotelscollection.com\/wp-content\/uploads\/2023\/03\/Capture-decran-2023-03-10-a-15.14.54.png 1332w, https:\/\/leboutiquehotelscollection.com\/wp-content\/uploads\/2023\/03\/Capture-decran-2023-03-10-a-15.14.54-300x300.png 300w, https:\/\/leboutiquehotelscollection.com\/wp-content\/uploads\/2023\/03\/Capture-decran-2023-03-10-a-15.14.54-1024x1021.png 1024w, https:\/\/leboutiquehotelscollection.com\/wp-content\/uploads\/2023\/03\/Capture-decran-2023-03-10-a-15.14.54-150x150.png 150w, https:\/\/leboutiquehotelscollection.com\/wp-content\/uploads\/2023\/03\/Capture-decran-2023-03-10-a-15.14.54-768x766.png 768w\" sizes=\"(max-width: 1332px) 100vw, 1332px\" \/><\/div><div class=\"wpex-carousel-entry-details entry-details wpex-boxed wpex-first-mt-0 wpex-last-mb-0 wpex-clr\"><div class=\"wpex-carousel-entry-title entry-title wpex-mb-5\">Laurence Boucard<\/div><div class=\"wpex-carousel-entry-excerpt entry-excerpt wpex-my-15 wpex-text-pretty wpex-last-mb-0 wpex-clr\"><div class=\"wpb-content-wrapper\">[vc_row][vc_column][vc_column_text el_class=\u00bbintro\u00bb]Subdirectora del Boutique Hotel &amp; Spa[\/vc_column_text][\/vc_column][\/vc_row]\n<\/div><\/div><\/div><\/div><div class=\"wpex-carousel-slide wpex-clr\"><div class=\"wpex-carousel-entry-media entry-media wpex-relative\"><img width=\"500\" height=\"500\" src=\"https:\/\/leboutiquehotelscollection.com\/wp-content\/uploads\/2023\/08\/JM-2.png\" class=\"wpex-carousel-entry-img wpex-align-middle skip-lazy\" alt=\"\" data-no-lazy=\"1\" srcset=\"https:\/\/leboutiquehotelscollection.com\/wp-content\/uploads\/2023\/08\/JM-2.png 500w, https:\/\/leboutiquehotelscollection.com\/wp-content\/uploads\/2023\/08\/JM-2-300x300.png 300w, https:\/\/leboutiquehotelscollection.com\/wp-content\/uploads\/2023\/08\/JM-2-150x150.png 150w\" sizes=\"(max-width: 500px) 100vw, 500px\" \/><\/div><div class=\"wpex-carousel-entry-details entry-details wpex-boxed wpex-first-mt-0 wpex-last-mb-0 wpex-clr\"><div class=\"wpex-carousel-entry-title entry-title wpex-mb-5\">Jean-Michel Sezalory<\/div><div class=\"wpex-carousel-entry-excerpt entry-excerpt wpex-my-15 wpex-text-pretty wpex-last-mb-0 wpex-clr\"><div class=\"wpb-content-wrapper\">[vc_row][vc_column][vc_column_text el_class=\u00bbintro\u00bb]Director del Grand Large[\/vc_column_text][\/vc_column][\/vc_row]\n<\/div><\/div><\/div><\/div><div class=\"wpex-carousel-slide wpex-clr\"><div class=\"wpex-carousel-entry-media entry-media wpex-relative\"><img width=\"1328\" height=\"1328\" src=\"https:\/\/leboutiquehotelscollection.com\/wp-content\/uploads\/2023\/03\/Capture-decran-2023-03-10-a-15.15.03.png\" class=\"wpex-carousel-entry-img wpex-align-middle skip-lazy\" alt=\"\" data-no-lazy=\"1\" srcset=\"https:\/\/leboutiquehotelscollection.com\/wp-content\/uploads\/2023\/03\/Capture-decran-2023-03-10-a-15.15.03.png 1328w, https:\/\/leboutiquehotelscollection.com\/wp-content\/uploads\/2023\/03\/Capture-decran-2023-03-10-a-15.15.03-300x300.png 300w, https:\/\/leboutiquehotelscollection.com\/wp-content\/uploads\/2023\/03\/Capture-decran-2023-03-10-a-15.15.03-1024x1024.png 1024w, https:\/\/leboutiquehotelscollection.com\/wp-content\/uploads\/2023\/03\/Capture-decran-2023-03-10-a-15.15.03-150x150.png 150w, https:\/\/leboutiquehotelscollection.com\/wp-content\/uploads\/2023\/03\/Capture-decran-2023-03-10-a-15.15.03-768x768.png 768w\" sizes=\"(max-width: 1328px) 100vw, 1328px\" \/><\/div><div class=\"wpex-carousel-entry-details entry-details wpex-boxed wpex-first-mt-0 wpex-last-mb-0 wpex-clr\"><div class=\"wpex-carousel-entry-title entry-title wpex-mb-5\">Niels N&#8217;Michi<\/div><div class=\"wpex-carousel-entry-excerpt entry-excerpt wpex-my-15 wpex-text-pretty wpex-last-mb-0 wpex-clr\"><div class=\"wpb-content-wrapper\">[vc_row][vc_column][vc_column_text el_class=\u00bbintro\u00bb]Director General del Palais Gallien Hotel &amp; Spa[\/vc_column_text][\/vc_column][\/vc_row]\n<\/div><\/div><\/div><\/div><div class=\"wpex-carousel-slide wpex-clr\"><div class=\"wpex-carousel-entry-media entry-media wpex-relative\"><img width=\"1324\" height=\"1320\" src=\"https:\/\/leboutiquehotelscollection.com\/wp-content\/uploads\/2021\/08\/Capture-decran-2023-03-10-a-15.05.44.png\" class=\"wpex-carousel-entry-img wpex-align-middle skip-lazy\" alt=\"\" data-no-lazy=\"1\" srcset=\"https:\/\/leboutiquehotelscollection.com\/wp-content\/uploads\/2021\/08\/Capture-decran-2023-03-10-a-15.05.44.png 1324w, https:\/\/leboutiquehotelscollection.com\/wp-content\/uploads\/2021\/08\/Capture-decran-2023-03-10-a-15.05.44-300x300.png 300w, https:\/\/leboutiquehotelscollection.com\/wp-content\/uploads\/2021\/08\/Capture-decran-2023-03-10-a-15.05.44-1024x1021.png 1024w, https:\/\/leboutiquehotelscollection.com\/wp-content\/uploads\/2021\/08\/Capture-decran-2023-03-10-a-15.05.44-150x150.png 150w, https:\/\/leboutiquehotelscollection.com\/wp-content\/uploads\/2021\/08\/Capture-decran-2023-03-10-a-15.05.44-768x766.png 768w\" sizes=\"(max-width: 1324px) 100vw, 1324px\" \/><\/div><div class=\"wpex-carousel-entry-details entry-details wpex-boxed wpex-first-mt-0 wpex-last-mb-0 wpex-clr\"><div class=\"wpex-carousel-entry-title entry-title wpex-mb-5\">Alice Kermorgant<\/div><div class=\"wpex-carousel-entry-excerpt entry-excerpt wpex-my-15 wpex-text-pretty wpex-last-mb-0 wpex-clr\"><div class=\"wpb-content-wrapper\">[vc_row][vc_column][vc_column_text el_class=\u00bbintro\u00bb]Subgerente del Palais Gallien Hotel &amp; Spa[\/vc_column_text][\/vc_column][\/vc_row]\n<\/div><\/div><\/div><\/div><\/div>[\/vc_column][\/vc_row]\n<\/div>","protected":false},"excerpt":{"rendered":"<p>[vc_row el_class=\u00bbbannier-uptitle-title\u00bb][vc_column][vc_empty_space height=\u00bb30px\u00bb][vc_column_text]UNA NUEVA VISION[\/vc_column_text][vc_column_text text_align=\u00bbcenter\u00bb] El Grupo [\/vc_column_text][\/vc_column][\/vc_row][vc_row remove_bottom_col_margin=\u00bbtrue\u00bb][vc_column][vc_column_text el_class=\u00bbintro intro-top-page\u00bb]Le Boutique Hotels Collection tiene como concepto central el brindar a sus hu\u00e9spedes una acogida personalizada que les permita vivir una experiencia \u00fanica.[\/vc_column_text][\/vc_column][\/vc_row][vc_row el_id=\u00bbpage-groupe-bannier-content\u00bb][vc_column css_animation=\u00bbleft-to-right\u00bb width=\u00bb1\/2&#8243;][vc_single_image image=\u00bb1610&#8243;][\/vc_column][vc_column css_animation=\u00bbright-to-left\u00bb width=\u00bb1\/2&#8243; css_animation_delay=\u00bb0.3&#8243;][vc_column_text]Cada uno de sus hoteles, villas y apartamentos est\u00e1n ubicados en lugares excepcionales. Los inmuebles&hellip;<\/p>\n","protected":false},"author":1024,"featured_media":0,"parent":0,"menu_order":0,"comment_status":"closed","ping_status":"closed","template":"","meta":{"_acf_changed":false,"inline_featured_image":false,"footnotes":""},"class_list":["post-2009","page","type-page","status-publish","hentry","entry","has-media"],"acf":[],"yoast_head":"<!-- This site is optimized with the Yoast SEO plugin v27.1.1 - https:\/\/yoast.com\/product\/yoast-seo-wordpress\/ -->\n<title>El grupo - Boutique H\u00f4tels Collection<\/title>\n<meta name=\"robots\" content=\"index, follow, max-snippet:-1, max-image-preview:large, max-video-preview:-1\" \/>\n<link rel=\"canonical\" href=\"https:\/\/leboutiquehotelscollection.com\/es\/el-grupo\/\" \/>\n<meta property=\"og:locale\" content=\"es_ES\" \/>\n<meta property=\"og:type\" content=\"article\" \/>\n<meta property=\"og:title\" content=\"El grupo - Boutique H\u00f4tels Collection\" \/>\n<meta property=\"og:description\" content=\"[vc_row el_class=\u00bbbannier-uptitle-title\u00bb][vc_column][vc_empty_space height=\u00bb30px\u00bb][vc_column_text]UNA NUEVA VISION[\/vc_column_text][vc_column_text text_align=\u00bbcenter\u00bb] El Grupo [\/vc_column_text][\/vc_column][\/vc_row][vc_row remove_bottom_col_margin=\u00bbtrue\u00bb][vc_column][vc_column_text el_class=\u00bbintro intro-top-page\u00bb]Le Boutique Hotels Collection tiene como concepto central el brindar a sus hu\u00e9spedes una acogida personalizada que les permita vivir una experiencia \u00fanica.[\/vc_column_text][\/vc_column][\/vc_row][vc_row el_id=\u00bbpage-groupe-bannier-content\u00bb][vc_column css_animation=\u00bbleft-to-right\u00bb width=\u00bb1\/2&#8243;][vc_single_image image=\u00bb1610&#8243;][\/vc_column][vc_column css_animation=\u00bbright-to-left\u00bb width=\u00bb1\/2&#8243; css_animation_delay=\u00bb0.3&#8243;][vc_column_text]Cada uno de sus hoteles, villas y apartamentos est\u00e1n ubicados en lugares excepcionales. Los inmuebles&hellip;\" \/>\n<meta property=\"og:url\" content=\"https:\/\/leboutiquehotelscollection.com\/es\/el-grupo\/\" \/>\n<meta property=\"og:site_name\" content=\"Boutique H\u00f4tels Collection\" \/>\n<meta property=\"article:modified_time\" content=\"2023-03-10T15:41:08+00:00\" \/>\n<meta name=\"twitter:card\" content=\"summary_large_image\" \/>\n<meta name=\"twitter:label1\" content=\"Tiempo de lectura\" \/>\n\t<meta name=\"twitter:data1\" content=\"1 minuto\" \/>\n<script type=\"application\/ld+json\" class=\"yoast-schema-graph\">{\"@context\":\"https:\/\/schema.org\",\"@graph\":[{\"@type\":\"WebPage\",\"@id\":\"https:\/\/leboutiquehotelscollection.com\/es\/el-grupo\/\",\"url\":\"https:\/\/leboutiquehotelscollection.com\/es\/el-grupo\/\",\"name\":\"El grupo - Boutique H\u00f4tels Collection\",\"isPartOf\":{\"@id\":\"https:\/\/leboutiquehotelscollection.com\/#website\"},\"datePublished\":\"2021-08-12T16:21:05+00:00\",\"dateModified\":\"2023-03-10T15:41:08+00:00\",\"breadcrumb\":{\"@id\":\"https:\/\/leboutiquehotelscollection.com\/es\/el-grupo\/#breadcrumb\"},\"inLanguage\":\"es\",\"potentialAction\":[{\"@type\":\"ReadAction\",\"target\":[\"https:\/\/leboutiquehotelscollection.com\/es\/el-grupo\/\"]}]},{\"@type\":\"BreadcrumbList\",\"@id\":\"https:\/\/leboutiquehotelscollection.com\/es\/el-grupo\/#breadcrumb\",\"itemListElement\":[{\"@type\":\"ListItem\",\"position\":1,\"name\":\"Accueil\",\"item\":\"https:\/\/leboutiquehotelscollection.com\/es\/\"},{\"@type\":\"ListItem\",\"position\":2,\"name\":\"El grupo\"}]},{\"@type\":\"WebSite\",\"@id\":\"https:\/\/leboutiquehotelscollection.com\/#website\",\"url\":\"https:\/\/leboutiquehotelscollection.com\/\",\"name\":\"Boutique H\u00f4tels Collection\",\"description\":\"Exigez l&#039;exceptionnel\",\"publisher\":{\"@id\":\"https:\/\/leboutiquehotelscollection.com\/#organization\"},\"potentialAction\":[{\"@type\":\"SearchAction\",\"target\":{\"@type\":\"EntryPoint\",\"urlTemplate\":\"https:\/\/leboutiquehotelscollection.com\/?s={search_term_string}\"},\"query-input\":{\"@type\":\"PropertyValueSpecification\",\"valueRequired\":true,\"valueName\":\"search_term_string\"}}],\"inLanguage\":\"es\"},{\"@type\":\"Organization\",\"@id\":\"https:\/\/leboutiquehotelscollection.com\/#organization\",\"name\":\"Boutique H\u00f4tels Collection\",\"url\":\"https:\/\/leboutiquehotelscollection.com\/\",\"logo\":{\"@type\":\"ImageObject\",\"inLanguage\":\"es\",\"@id\":\"https:\/\/leboutiquehotelscollection.com\/#\/schema\/logo\/image\/\",\"url\":\"https:\/\/leboutiquehotelscollection.com\/wp-content\/uploads\/2021\/07\/boutique-hotels-collection-logo.svg\",\"contentUrl\":\"https:\/\/leboutiquehotelscollection.com\/wp-content\/uploads\/2021\/07\/boutique-hotels-collection-logo.svg\",\"caption\":\"Boutique H\u00f4tels Collection\"},\"image\":{\"@id\":\"https:\/\/leboutiquehotelscollection.com\/#\/schema\/logo\/image\/\"}}]}<\/script>\n<!-- \/ Yoast SEO plugin. -->","yoast_head_json":{"title":"El grupo - Boutique H\u00f4tels Collection","robots":{"index":"index","follow":"follow","max-snippet":"max-snippet:-1","max-image-preview":"max-image-preview:large","max-video-preview":"max-video-preview:-1"},"canonical":"https:\/\/leboutiquehotelscollection.com\/es\/el-grupo\/","og_locale":"es_ES","og_type":"article","og_title":"El grupo - Boutique H\u00f4tels Collection","og_description":"[vc_row el_class=\u00bbbannier-uptitle-title\u00bb][vc_column][vc_empty_space height=\u00bb30px\u00bb][vc_column_text]UNA NUEVA VISION[\/vc_column_text][vc_column_text text_align=\u00bbcenter\u00bb] El Grupo [\/vc_column_text][\/vc_column][\/vc_row][vc_row remove_bottom_col_margin=\u00bbtrue\u00bb][vc_column][vc_column_text el_class=\u00bbintro intro-top-page\u00bb]Le Boutique Hotels Collection tiene como concepto central el brindar a sus hu\u00e9spedes una acogida personalizada que les permita vivir una experiencia \u00fanica.[\/vc_column_text][\/vc_column][\/vc_row][vc_row el_id=\u00bbpage-groupe-bannier-content\u00bb][vc_column css_animation=\u00bbleft-to-right\u00bb width=\u00bb1\/2&#8243;][vc_single_image image=\u00bb1610&#8243;][\/vc_column][vc_column css_animation=\u00bbright-to-left\u00bb width=\u00bb1\/2&#8243; css_animation_delay=\u00bb0.3&#8243;][vc_column_text]Cada uno de sus hoteles, villas y apartamentos est\u00e1n ubicados en lugares excepcionales. Los inmuebles&hellip;","og_url":"https:\/\/leboutiquehotelscollection.com\/es\/el-grupo\/","og_site_name":"Boutique H\u00f4tels Collection","article_modified_time":"2023-03-10T15:41:08+00:00","twitter_card":"summary_large_image","twitter_misc":{"Tiempo de lectura":"1 minuto"},"schema":{"@context":"https:\/\/schema.org","@graph":[{"@type":"WebPage","@id":"https:\/\/leboutiquehotelscollection.com\/es\/el-grupo\/","url":"https:\/\/leboutiquehotelscollection.com\/es\/el-grupo\/","name":"El grupo - Boutique H\u00f4tels Collection","isPartOf":{"@id":"https:\/\/leboutiquehotelscollection.com\/#website"},"datePublished":"2021-08-12T16:21:05+00:00","dateModified":"2023-03-10T15:41:08+00:00","breadcrumb":{"@id":"https:\/\/leboutiquehotelscollection.com\/es\/el-grupo\/#breadcrumb"},"inLanguage":"es","potentialAction":[{"@type":"ReadAction","target":["https:\/\/leboutiquehotelscollection.com\/es\/el-grupo\/"]}]},{"@type":"BreadcrumbList","@id":"https:\/\/leboutiquehotelscollection.com\/es\/el-grupo\/#breadcrumb","itemListElement":[{"@type":"ListItem","position":1,"name":"Accueil","item":"https:\/\/leboutiquehotelscollection.com\/es\/"},{"@type":"ListItem","position":2,"name":"El grupo"}]},{"@type":"WebSite","@id":"https:\/\/leboutiquehotelscollection.com\/#website","url":"https:\/\/leboutiquehotelscollection.com\/","name":"Boutique H\u00f4tels Collection","description":"Exigez l&#039;exceptionnel","publisher":{"@id":"https:\/\/leboutiquehotelscollection.com\/#organization"},"potentialAction":[{"@type":"SearchAction","target":{"@type":"EntryPoint","urlTemplate":"https:\/\/leboutiquehotelscollection.com\/?s={search_term_string}"},"query-input":{"@type":"PropertyValueSpecification","valueRequired":true,"valueName":"search_term_string"}}],"inLanguage":"es"},{"@type":"Organization","@id":"https:\/\/leboutiquehotelscollection.com\/#organization","name":"Boutique H\u00f4tels Collection","url":"https:\/\/leboutiquehotelscollection.com\/","logo":{"@type":"ImageObject","inLanguage":"es","@id":"https:\/\/leboutiquehotelscollection.com\/#\/schema\/logo\/image\/","url":"https:\/\/leboutiquehotelscollection.com\/wp-content\/uploads\/2021\/07\/boutique-hotels-collection-logo.svg","contentUrl":"https:\/\/leboutiquehotelscollection.com\/wp-content\/uploads\/2021\/07\/boutique-hotels-collection-logo.svg","caption":"Boutique H\u00f4tels Collection"},"image":{"@id":"https:\/\/leboutiquehotelscollection.com\/#\/schema\/logo\/image\/"}}]}},"_links":{"self":[{"href":"https:\/\/leboutiquehotelscollection.com\/es\/wp-json\/wp\/v2\/pages\/2009","targetHints":{"allow":["GET"]}}],"collection":[{"href":"https:\/\/leboutiquehotelscollection.com\/es\/wp-json\/wp\/v2\/pages"}],"about":[{"href":"https:\/\/leboutiquehotelscollection.com\/es\/wp-json\/wp\/v2\/types\/page"}],"author":[{"embeddable":true,"href":"https:\/\/leboutiquehotelscollection.com\/es\/wp-json\/wp\/v2\/users\/1024"}],"replies":[{"embeddable":true,"href":"https:\/\/leboutiquehotelscollection.com\/es\/wp-json\/wp\/v2\/comments?post=2009"}],"version-history":[{"count":3,"href":"https:\/\/leboutiquehotelscollection.com\/es\/wp-json\/wp\/v2\/pages\/2009\/revisions"}],"predecessor-version":[{"id":3143,"href":"https:\/\/leboutiquehotelscollection.com\/es\/wp-json\/wp\/v2\/pages\/2009\/revisions\/3143"}],"wp:attachment":[{"href":"https:\/\/leboutiquehotelscollection.com\/es\/wp-json\/wp\/v2\/media?parent=2009"}],"curies":[{"name":"wp","href":"https:\/\/api.w.org\/{rel}","templated":true}]}}