{"id":1991,"date":"2021-08-10T10:52:51","date_gmt":"2021-08-10T08:52:51","guid":{"rendered":"https:\/\/leboutiquehotelscollection.com\/mentions-legales\/"},"modified":"2021-10-04T14:51:29","modified_gmt":"2021-10-04T12:51:29","slug":"notas-legales","status":"publish","type":"page","link":"https:\/\/leboutiquehotelscollection.com\/es\/notas-legales\/","title":{"rendered":"Notas legales"},"content":{"rendered":"<div>\n<p>Conforme con las disposiciones de los Art\u00edculos 6-III y 19 de la Ley n.\u00ba 2004-575 de 21 de junio de 2004 para la Confianza en la econom\u00eda digital, conocida en franc\u00e9s como L.C.E.N., se pone en conocimiento de los usuarios del sitio Le Boutique Hotels Collection el presente aviso legal.<\/p>\n<p>La conexi\u00f3n y la navegaci\u00f3n en el sitio web (indicar el nombre del sitio) implican la aceptaci\u00f3n total y sin reservas por parte del Usuario de los presentes t\u00e9rminos legales.<\/p>\n<p>Se puede acceder a los mismos en la secci\u00f3n \u00abAviso legal\u00bb del sitio web.<\/p>\n<p><strong>ART\u00cdCULO 1: El editor<\/strong><\/p>\n<p>La edici\u00f3n del sitio web Le Boutique Hotels Collection est\u00e1 a cargo de la Sociedad SASU Boutique Hotels Collection, con un capital de 5000 euros, inscrita en el Registro mercantil de Burdeos bajo el n\u00famero 893477141, con domicilio social en 14 rue Emile Fourcand, n\u00famero de tel\u00e9fono: 0556488040, direcci\u00f3n de correo electr\u00f3nico: contact@le-bhc.com.<\/p>\n<p>N.\u00ba de IVA intracomunitario: FR74893477141<\/p>\n<p>El Director de la publicaci\u00f3n es Christophe San Jos\u00e9.<\/p>\n<p><strong>ART\u00cdCULO 2: El proveedor de hosting<\/strong><\/p>\n<p>El proveedor de hosting del sitio web Le Boutique Hotels Collection es la Sociedad OVH CLOUD, situada en Roubaix.<\/p>\n<p><strong>ART\u00cdCULO 3: Acceso al sitio<\/strong><\/p>\n<p>Se puede acceder al sitio web desde cualquier lugar, los 7 d\u00edas de la semana, las 24 horas del d\u00eda, salvo en caso de fuerza mayor o interrupci\u00f3n, planificada o no, que pueda deberse a la necesidad de mantenimiento.<\/p>\n<p>El sitio Le Boutique Hotels Collection no ser\u00e1 responsable por la modificaci\u00f3n, interrupci\u00f3n o suspensi\u00f3n de los servicios.<\/p>\n<p><strong>ART\u00cdCULO 4: Recopilaci\u00f3n de datos<\/strong><\/p>\n<p>El sitio web no est\u00e1 obligado a prestar declaraci\u00f3n a la Comisi\u00f3n Nacional de Inform\u00e1tica y Libertades (CNIL) en la medida que no recopila ning\u00fan dato referido a los usuarios.<\/p>\n<p><strong>ART\u00cdCULO 5: Cookies<\/strong><\/p>\n<p>Se informa al Usuario que al visitar el sitio web es posible que se instalen cookies autom\u00e1ticamente en su navegador.<\/p>\n<p>Al navegar en el sitio, est\u00e1 aceptando esas cookies.<\/p>\n<p>Una cookie es un elemento que no permite identificar al Usuario pero que sirve para guardar informaci\u00f3n relativa a la navegaci\u00f3n de este \u00faltimo en el sitio web. El Usuario podr\u00e1 desactivar esas cookies usando las opciones de configuraci\u00f3n que se encuentran dentro de su navegador.<\/p>\n<p><strong>ART\u00cdCULO 6: Propiedad intelectual<\/strong><\/p>\n<p>Todo uso, reproducci\u00f3n, difusi\u00f3n, comercializaci\u00f3n, modificaci\u00f3n total o parcial del sitio Le Boutique Hotels Collection, sin autorizaci\u00f3n del Editor est\u00e1 prohibida y podr\u00e1 dar lugar a acciones y reclamaciones judiciales, como las que se prev\u00e9n especialmente en el C\u00f3digo de propiedad intelectual y en el C\u00f3digo civil franceses.<\/p>\n<p>Para m\u00e1s informaci\u00f3n, consultar las Condiciones Generales de Venta (CGV) del sitio Le Boutique Hotels Collection, que se encuentran disponibles en la secci\u00f3n \u00abCGV\u00bb.<\/p>\n<p><strong>ART\u00cdCULO 7: Mediador de los consumidores<\/strong><\/p>\n<p>Mediador competente para reclamaciones o litigios asociados con los consumidores:<\/p>\n<p><em>Ver Art\u00edculo L.612-1 y Art\u00edculo R.616-1 del C\u00f3digo de Consumo franc\u00e9s.<\/em><\/p>\n<ul>\n<li>Resoluci\u00f3n de conflictos en l\u00ednea:<\/li>\n<\/ul>\n<p><a href=\"https:\/\/webgate.ec.europa.eu\/odr\/main\/index.cfm?event=main.home.show&amp;lng=FR\">https:\/\/webgate.ec.europa.eu\/odr\/main\/index.cfm?event=main.home.show&amp;lng=FR<\/a><\/p>\n<p><em>Ver Art\u00edculo L.616-2 del C\u00f3digo de Consumo franc\u00e9s y el Art\u00edculo 14 del reglamento n.\u00ba 524\/2013 del Parlamento europeo y del Consejo de 21 de mayo de 2013.<\/em><\/p>\n<ul>\n<li>Derecho de oponerse a la venta telef\u00f3nica<\/li>\n<\/ul>\n<p>Seg\u00fan el <em>Art\u00edculo L.223-2 del c\u00f3digo de Consumo franc\u00e9s<\/em>, todo consumidor que haya comunicado sus datos telef\u00f3nicos a un profesional, tiene derecho a inscribirse en la lista de oposici\u00f3n a la venta telef\u00f3nica.<\/p>\n<\/div>\n","protected":false},"excerpt":{"rendered":"<p>Conforme con las disposiciones de los Art\u00edculos 6-III y 19 de la Ley n.\u00ba 2004-575 de 21 de junio de 2004 para la Confianza en la econom\u00eda digital, conocida en franc\u00e9s como L.C.E.N., se pone en conocimiento de los usuarios del sitio Le Boutique Hotels Collection el presente aviso legal. La conexi\u00f3n y la navegaci\u00f3n&hellip;<\/p>\n","protected":false},"author":1024,"featured_media":0,"parent":0,"menu_order":0,"comment_status":"closed","ping_status":"closed","template":"","meta":{"_acf_changed":false,"inline_featured_image":false,"footnotes":""},"class_list":["post-1991","page","type-page","status-publish","hentry","entry","no-media"],"acf":[],"yoast_head":"<!-- This site is optimized with the Yoast SEO plugin v27.1.1 - https:\/\/yoast.com\/product\/yoast-seo-wordpress\/ -->\n<title>Notas legales - Boutique H\u00f4tels Collection<\/title>\n<meta name=\"robots\" content=\"index, follow, max-snippet:-1, max-image-preview:large, max-video-preview:-1\" \/>\n<link rel=\"canonical\" href=\"https:\/\/leboutiquehotelscollection.com\/es\/notas-legales\/\" \/>\n<meta property=\"og:locale\" content=\"es_ES\" \/>\n<meta property=\"og:type\" content=\"article\" \/>\n<meta property=\"og:title\" content=\"Notas legales - Boutique H\u00f4tels Collection\" \/>\n<meta property=\"og:description\" content=\"Conforme con las disposiciones de los Art\u00edculos 6-III y 19 de la Ley n.\u00ba 2004-575 de 21 de junio de 2004 para la Confianza en la econom\u00eda digital, conocida en franc\u00e9s como L.C.E.N., se pone en conocimiento de los usuarios del sitio Le Boutique Hotels Collection el presente aviso legal. La conexi\u00f3n y la navegaci\u00f3n&hellip;\" \/>\n<meta property=\"og:url\" content=\"https:\/\/leboutiquehotelscollection.com\/es\/notas-legales\/\" \/>\n<meta property=\"og:site_name\" content=\"Boutique H\u00f4tels Collection\" \/>\n<meta property=\"article:modified_time\" content=\"2021-10-04T12:51:29+00:00\" \/>\n<meta name=\"twitter:card\" content=\"summary_large_image\" \/>\n<meta name=\"twitter:label1\" content=\"Tiempo de lectura\" \/>\n\t<meta name=\"twitter:data1\" content=\"3 minutos\" \/>\n<script type=\"application\/ld+json\" class=\"yoast-schema-graph\">{\"@context\":\"https:\/\/schema.org\",\"@graph\":[{\"@type\":\"WebPage\",\"@id\":\"https:\/\/leboutiquehotelscollection.com\/es\/notas-legales\/\",\"url\":\"https:\/\/leboutiquehotelscollection.com\/es\/notas-legales\/\",\"name\":\"Notas legales - Boutique H\u00f4tels Collection\",\"isPartOf\":{\"@id\":\"https:\/\/leboutiquehotelscollection.com\/#website\"},\"datePublished\":\"2021-08-10T08:52:51+00:00\",\"dateModified\":\"2021-10-04T12:51:29+00:00\",\"breadcrumb\":{\"@id\":\"https:\/\/leboutiquehotelscollection.com\/es\/notas-legales\/#breadcrumb\"},\"inLanguage\":\"es\",\"potentialAction\":[{\"@type\":\"ReadAction\",\"target\":[\"https:\/\/leboutiquehotelscollection.com\/es\/notas-legales\/\"]}]},{\"@type\":\"BreadcrumbList\",\"@id\":\"https:\/\/leboutiquehotelscollection.com\/es\/notas-legales\/#breadcrumb\",\"itemListElement\":[{\"@type\":\"ListItem\",\"position\":1,\"name\":\"Accueil\",\"item\":\"https:\/\/leboutiquehotelscollection.com\/es\/\"},{\"@type\":\"ListItem\",\"position\":2,\"name\":\"Notas legales\"}]},{\"@type\":\"WebSite\",\"@id\":\"https:\/\/leboutiquehotelscollection.com\/#website\",\"url\":\"https:\/\/leboutiquehotelscollection.com\/\",\"name\":\"Boutique H\u00f4tels Collection\",\"description\":\"Exigez l&#039;exceptionnel\",\"publisher\":{\"@id\":\"https:\/\/leboutiquehotelscollection.com\/#organization\"},\"potentialAction\":[{\"@type\":\"SearchAction\",\"target\":{\"@type\":\"EntryPoint\",\"urlTemplate\":\"https:\/\/leboutiquehotelscollection.com\/?s={search_term_string}\"},\"query-input\":{\"@type\":\"PropertyValueSpecification\",\"valueRequired\":true,\"valueName\":\"search_term_string\"}}],\"inLanguage\":\"es\"},{\"@type\":\"Organization\",\"@id\":\"https:\/\/leboutiquehotelscollection.com\/#organization\",\"name\":\"Boutique H\u00f4tels Collection\",\"url\":\"https:\/\/leboutiquehotelscollection.com\/\",\"logo\":{\"@type\":\"ImageObject\",\"inLanguage\":\"es\",\"@id\":\"https:\/\/leboutiquehotelscollection.com\/#\/schema\/logo\/image\/\",\"url\":\"https:\/\/leboutiquehotelscollection.com\/wp-content\/uploads\/2021\/07\/boutique-hotels-collection-logo.svg\",\"contentUrl\":\"https:\/\/leboutiquehotelscollection.com\/wp-content\/uploads\/2021\/07\/boutique-hotels-collection-logo.svg\",\"caption\":\"Boutique H\u00f4tels Collection\"},\"image\":{\"@id\":\"https:\/\/leboutiquehotelscollection.com\/#\/schema\/logo\/image\/\"}}]}<\/script>\n<!-- \/ Yoast SEO plugin. -->","yoast_head_json":{"title":"Notas legales - Boutique H\u00f4tels Collection","robots":{"index":"index","follow":"follow","max-snippet":"max-snippet:-1","max-image-preview":"max-image-preview:large","max-video-preview":"max-video-preview:-1"},"canonical":"https:\/\/leboutiquehotelscollection.com\/es\/notas-legales\/","og_locale":"es_ES","og_type":"article","og_title":"Notas legales - Boutique H\u00f4tels Collection","og_description":"Conforme con las disposiciones de los Art\u00edculos 6-III y 19 de la Ley n.\u00ba 2004-575 de 21 de junio de 2004 para la Confianza en la econom\u00eda digital, conocida en franc\u00e9s como L.C.E.N., se pone en conocimiento de los usuarios del sitio Le Boutique Hotels Collection el presente aviso legal. La conexi\u00f3n y la navegaci\u00f3n&hellip;","og_url":"https:\/\/leboutiquehotelscollection.com\/es\/notas-legales\/","og_site_name":"Boutique H\u00f4tels Collection","article_modified_time":"2021-10-04T12:51:29+00:00","twitter_card":"summary_large_image","twitter_misc":{"Tiempo de lectura":"3 minutos"},"schema":{"@context":"https:\/\/schema.org","@graph":[{"@type":"WebPage","@id":"https:\/\/leboutiquehotelscollection.com\/es\/notas-legales\/","url":"https:\/\/leboutiquehotelscollection.com\/es\/notas-legales\/","name":"Notas legales - Boutique H\u00f4tels Collection","isPartOf":{"@id":"https:\/\/leboutiquehotelscollection.com\/#website"},"datePublished":"2021-08-10T08:52:51+00:00","dateModified":"2021-10-04T12:51:29+00:00","breadcrumb":{"@id":"https:\/\/leboutiquehotelscollection.com\/es\/notas-legales\/#breadcrumb"},"inLanguage":"es","potentialAction":[{"@type":"ReadAction","target":["https:\/\/leboutiquehotelscollection.com\/es\/notas-legales\/"]}]},{"@type":"BreadcrumbList","@id":"https:\/\/leboutiquehotelscollection.com\/es\/notas-legales\/#breadcrumb","itemListElement":[{"@type":"ListItem","position":1,"name":"Accueil","item":"https:\/\/leboutiquehotelscollection.com\/es\/"},{"@type":"ListItem","position":2,"name":"Notas legales"}]},{"@type":"WebSite","@id":"https:\/\/leboutiquehotelscollection.com\/#website","url":"https:\/\/leboutiquehotelscollection.com\/","name":"Boutique H\u00f4tels Collection","description":"Exigez l&#039;exceptionnel","publisher":{"@id":"https:\/\/leboutiquehotelscollection.com\/#organization"},"potentialAction":[{"@type":"SearchAction","target":{"@type":"EntryPoint","urlTemplate":"https:\/\/leboutiquehotelscollection.com\/?s={search_term_string}"},"query-input":{"@type":"PropertyValueSpecification","valueRequired":true,"valueName":"search_term_string"}}],"inLanguage":"es"},{"@type":"Organization","@id":"https:\/\/leboutiquehotelscollection.com\/#organization","name":"Boutique H\u00f4tels Collection","url":"https:\/\/leboutiquehotelscollection.com\/","logo":{"@type":"ImageObject","inLanguage":"es","@id":"https:\/\/leboutiquehotelscollection.com\/#\/schema\/logo\/image\/","url":"https:\/\/leboutiquehotelscollection.com\/wp-content\/uploads\/2021\/07\/boutique-hotels-collection-logo.svg","contentUrl":"https:\/\/leboutiquehotelscollection.com\/wp-content\/uploads\/2021\/07\/boutique-hotels-collection-logo.svg","caption":"Boutique H\u00f4tels Collection"},"image":{"@id":"https:\/\/leboutiquehotelscollection.com\/#\/schema\/logo\/image\/"}}]}},"_links":{"self":[{"href":"https:\/\/leboutiquehotelscollection.com\/es\/wp-json\/wp\/v2\/pages\/1991","targetHints":{"allow":["GET"]}}],"collection":[{"href":"https:\/\/leboutiquehotelscollection.com\/es\/wp-json\/wp\/v2\/pages"}],"about":[{"href":"https:\/\/leboutiquehotelscollection.com\/es\/wp-json\/wp\/v2\/types\/page"}],"author":[{"embeddable":true,"href":"https:\/\/leboutiquehotelscollection.com\/es\/wp-json\/wp\/v2\/users\/1024"}],"replies":[{"embeddable":true,"href":"https:\/\/leboutiquehotelscollection.com\/es\/wp-json\/wp\/v2\/comments?post=1991"}],"version-history":[{"count":2,"href":"https:\/\/leboutiquehotelscollection.com\/es\/wp-json\/wp\/v2\/pages\/1991\/revisions"}],"predecessor-version":[{"id":1993,"href":"https:\/\/leboutiquehotelscollection.com\/es\/wp-json\/wp\/v2\/pages\/1991\/revisions\/1993"}],"wp:attachment":[{"href":"https:\/\/leboutiquehotelscollection.com\/es\/wp-json\/wp\/v2\/media?parent=1991"}],"curies":[{"name":"wp","href":"https:\/\/api.w.org\/{rel}","templated":true}]}}