{"id":1973,"date":"2021-06-13T11:13:21","date_gmt":"2021-06-13T09:13:21","guid":{"rendered":"https:\/\/leboutiquehotelscollection.com\/politique-de-confidentialite\/"},"modified":"2021-10-04T14:35:48","modified_gmt":"2021-10-04T12:35:48","slug":"politica-de-confidentialidad","status":"publish","type":"page","link":"https:\/\/leboutiquehotelscollection.com\/es\/politica-de-confidentialidad\/","title":{"rendered":"Pol\u00edtica de confidencialidad"},"content":{"rendered":"\r\n<div>\r\n<h2 class=\"wp-block-heading\"><b><span lang=\"ES-TRAD\">\u00bfQui\u00e9nes somos?<\/span><\/b><\/h2>\r\n<\/div>\r\n<div>\r\n<p><span lang=\"ES-TRAD\">La direcci\u00f3n de nuestro sitio web es: <a href=\"http:\/\/boutiquehotelscollection.com\/\">http:\/\/boutiquehotelscollection.com<\/a><\/span><\/p>\r\n<\/div>\r\n<div>\r\n<h2><b><span lang=\"ES-TRAD\">Comentarios<\/span><\/b><\/h2>\r\n<\/div>\r\n<div>\r\n<p><span lang=\"ES-TRAD\">Cuando deja un comentario en nuestro sitio web, los datos registrados en el formulario de comentario, pero tambi\u00e9n su direcci\u00f3n IP y el agente de usuario de su navegador se recopilan para ayudarnos a identificar comentarios no deseados.<\/span><\/p>\r\n<\/div>\r\n<div>\r\n<p><span lang=\"ES-TRAD\">Una cadena anonimizada, creada a partir de su direcci\u00f3n de e-mail (tambi\u00e9n llamada hash) puede enviarse al servicio Gravatar para comprobar si usted es usuario de este \u00faltimo. Las cl\u00e1usulas de confidencialidad del servicio Gravatar se encuentran disponibles aqu\u00ed: https:\/\/automattic.com\/privacy\/. Una vez que su comentario sea aprobado, el p\u00fablico podr\u00e1 ver su foto de perfil junto al mismo.<\/span><\/p>\r\n<\/div>\r\n<div>\r\n<h2><b><span lang=\"ES-TRAD\">Medios<\/span><\/b><\/h2>\r\n<\/div>\r\n<div>\r\n<p><span lang=\"ES-TRAD\">Si carga im\u00e1genes en el sitio web, le recomendamos que no cargue im\u00e1genes que contengan datos EXIF de coordenadas GPS. Las personas que visiten su sitio web pueden descargar y extraer datos de localizaci\u00f3n a partir de esas im\u00e1genes.<\/span><\/p>\r\n<\/div>\r\n<div>\r\n<h2><b><span lang=\"ES-TRAD\">Cookies<\/span><\/b><\/h2>\r\n<\/div>\r\n<div>\r\n<p><span lang=\"ES-TRAD\">Si deja un comentario en nuestro sitio, le propondremos que su nombre, direcci\u00f3n de correo electr\u00f3nico y sitio web queden guardados en cookies. Es solo para su comodidad, para que no tenga que volver a introducir esos datos si desea dejar otro comentario en el futuro. Esas cookies caducan al cabo de un a\u00f1o.<\/span><\/p>\r\n<\/div>\r\n<div>\r\n<p><span lang=\"ES-TRAD\">Si ingresa a la p\u00e1gina de inicio de sesi\u00f3n, se crear\u00e1 una cookie temporal para determinar si su navegador acepta las cookies. No contiene datos personales y ser\u00e1 eliminada autom\u00e1ticamente al cerrar su navegador.<\/span><\/p>\r\n<\/div>\r\n<div>\r\n<p><span lang=\"ES-TRAD\">Cuando inicie sesi\u00f3n, implementaremos cierto n\u00famero de cookies para guardar su informaci\u00f3n de conexi\u00f3n y sus preferencias de pantalla. El plazo de vigencia de una cookie de conexi\u00f3n es de dos d\u00edas, el de una cookie de opci\u00f3n de pantalla es de un a\u00f1o. Si marca la opci\u00f3n \u00abRecordarme\u00bb, su cookie de conexi\u00f3n se conservar\u00e1 durante dos semanas. Si cierra sesi\u00f3n en su cuenta, la cookie de conexi\u00f3n ser\u00e1 eliminada.<\/span><\/p>\r\n<\/div>\r\n<div>\r\n<p><span lang=\"ES-TRAD\">Al modificar o realizar una publicaci\u00f3n, una cookie adicional se guardar\u00e1 en su navegador. Esa cookie no incluye ning\u00fan dato personal. Simplemente indica el ID de la publicaci\u00f3n que acaba de modificar. Expira al cabo de un d\u00eda.<\/span><\/p>\r\n<\/div>\r\n<div>\r\n<h2><b><span lang=\"ES-TRAD\">Contenido incorporado de otros sitios web<\/span><\/b><\/h2>\r\n<\/div>\r\n<div>\r\n<p><span lang=\"ES-TRAD\">Los art\u00edculos de este sitio pueden incluir contenido incrustado (por ejemplo: v\u00eddeos, im\u00e1genes, art\u00edculos\u2026). El contenido incorporado de otros sitios web se comporta de la misma manera que si el visitante ingresara a ese sitio web de terceros.<\/span><\/p>\r\n<\/div>\r\n<div>\r\n<p><span lang=\"ES-TRAD\">Dichos sitios web podr\u00edan recopilar datos sobre usted, utilizar cookies, incorporar herramientas de seguimiento ajenas, seguir sus interacciones con ese contenido incrustado en caso de que tenga una cuenta conectada a ese sitio web de terceros.<\/span><\/p>\r\n<\/div>\r\n<div>\r\n<h2><b><span lang=\"ES-TRAD\">Uso y transmisi\u00f3n de sus datos personales<\/span><\/b><\/h2>\r\n<\/div>\r\n<div>\r\n<p><span lang=\"ES-TRAD\">Si solicita un reseteo de su contrase\u00f1a, su direcci\u00f3n IP se incluir\u00e1 en el e-mail de reinicializaci\u00f3n.<\/span><\/p>\r\n<\/div>\r\n<div>\r\n<h2><b><span lang=\"ES-TRAD\">Plazo de almacenamiento de sus datos<\/span><\/b><\/h2>\r\n<\/div>\r\n<div>\r\n<p><span lang=\"ES-TRAD\">Si deja un comentario, el comentario y sus metadatos se conservar\u00e1n indefinidamente. Esto permite reconocer y aprobar autom\u00e1ticamente los comentarios siguientes en lugar de dejarlos en la fila de moderaci\u00f3n.<\/span><\/p>\r\n<\/div>\r\n<div>\r\n<p><span lang=\"ES-TRAD\">Para las cuentas que se registran en nuestro sitio web (de corresponder), tambi\u00e9n almacenamos los datos personales que se indican en su perfil. Todas las cuentas permiten ver, modificar o suprimir su informaci\u00f3n personal en cualquier momento (con excepci\u00f3n de su usuario). Los administradores del sitio tambi\u00e9n pueden ver y modificar esos datos.<\/span><\/p>\r\n<\/div>\r\n<div>\r\n<h2><b><span lang=\"ES-TRAD\">Los derechos que tiene sobre sus datos<\/span><\/b><\/h2>\r\n<\/div>\r\n<div>\r\n<p><span lang=\"ES-TRAD\">Si tiene una cuenta o si ha dejado comentarios en el sitio web, puede solicitar que se le env\u00ede un archivo que contenga todos los datos personales que tenemos respecto de su persona, incluyendo los que usted mismo nos ha proporcionado. Tambi\u00e9n puede solicitar la supresi\u00f3n de los datos personales que le conciernen. Esto no incluye los datos almacenados con fines administrativos, legales o por razones de seguridad.<\/span><\/p>\r\n<\/div>\r\n<div>\r\n<h2><b><span lang=\"ES-TRAD\">Transmisi\u00f3n de sus datos personales<\/span><\/b><\/h2>\r\n<\/div>\r\n<div>\r\n<p><span lang=\"ES-TRAD\">Los comentarios de los visitantes pueden ser controlados a trav\u00e9s de un servicio automatizado de detecci\u00f3n de comentarios no deseados.<\/span><\/p>\r\n<\/div>\r\n","protected":false},"excerpt":{"rendered":"<p>\u00bfQui\u00e9nes somos? La direcci\u00f3n de nuestro sitio web es: http:\/\/boutiquehotelscollection.com Comentarios Cuando deja un comentario en nuestro sitio web, los datos registrados en el formulario de comentario, pero tambi\u00e9n su direcci\u00f3n IP y el agente de usuario de su navegador se recopilan para ayudarnos a identificar comentarios no deseados. Una cadena anonimizada, creada a partir&hellip;<\/p>\n","protected":false},"author":1024,"featured_media":0,"parent":0,"menu_order":0,"comment_status":"closed","ping_status":"closed","template":"","meta":{"_acf_changed":false,"inline_featured_image":false,"footnotes":""},"class_list":["post-1973","page","type-page","status-publish","hentry","entry","no-media"],"acf":[],"yoast_head":"<!-- This site is optimized with the Yoast SEO plugin v27.1.1 - https:\/\/yoast.com\/product\/yoast-seo-wordpress\/ -->\n<title>Pol\u00edtica de confidencialidad - Boutique H\u00f4tels Collection<\/title>\n<meta name=\"robots\" content=\"index, follow, max-snippet:-1, max-image-preview:large, max-video-preview:-1\" \/>\n<link rel=\"canonical\" href=\"https:\/\/leboutiquehotelscollection.com\/es\/politica-de-confidentialidad\/\" \/>\n<meta property=\"og:locale\" content=\"es_ES\" \/>\n<meta property=\"og:type\" content=\"article\" \/>\n<meta property=\"og:title\" content=\"Pol\u00edtica de confidencialidad - Boutique H\u00f4tels Collection\" \/>\n<meta property=\"og:description\" content=\"\u00bfQui\u00e9nes somos? La direcci\u00f3n de nuestro sitio web es: http:\/\/boutiquehotelscollection.com Comentarios Cuando deja un comentario en nuestro sitio web, los datos registrados en el formulario de comentario, pero tambi\u00e9n su direcci\u00f3n IP y el agente de usuario de su navegador se recopilan para ayudarnos a identificar comentarios no deseados. Una cadena anonimizada, creada a partir&hellip;\" \/>\n<meta property=\"og:url\" content=\"https:\/\/leboutiquehotelscollection.com\/es\/politica-de-confidentialidad\/\" \/>\n<meta property=\"og:site_name\" content=\"Boutique H\u00f4tels Collection\" \/>\n<meta property=\"article:modified_time\" content=\"2021-10-04T12:35:48+00:00\" \/>\n<meta name=\"twitter:card\" content=\"summary_large_image\" \/>\n<meta name=\"twitter:label1\" content=\"Tiempo de lectura\" \/>\n\t<meta name=\"twitter:data1\" content=\"3 minutos\" \/>\n<script type=\"application\/ld+json\" class=\"yoast-schema-graph\">{\"@context\":\"https:\/\/schema.org\",\"@graph\":[{\"@type\":\"WebPage\",\"@id\":\"https:\/\/leboutiquehotelscollection.com\/es\/politica-de-confidentialidad\/\",\"url\":\"https:\/\/leboutiquehotelscollection.com\/es\/politica-de-confidentialidad\/\",\"name\":\"Pol\u00edtica de confidencialidad - Boutique H\u00f4tels Collection\",\"isPartOf\":{\"@id\":\"https:\/\/leboutiquehotelscollection.com\/#website\"},\"datePublished\":\"2021-06-13T09:13:21+00:00\",\"dateModified\":\"2021-10-04T12:35:48+00:00\",\"breadcrumb\":{\"@id\":\"https:\/\/leboutiquehotelscollection.com\/es\/politica-de-confidentialidad\/#breadcrumb\"},\"inLanguage\":\"es\",\"potentialAction\":[{\"@type\":\"ReadAction\",\"target\":[\"https:\/\/leboutiquehotelscollection.com\/es\/politica-de-confidentialidad\/\"]}]},{\"@type\":\"BreadcrumbList\",\"@id\":\"https:\/\/leboutiquehotelscollection.com\/es\/politica-de-confidentialidad\/#breadcrumb\",\"itemListElement\":[{\"@type\":\"ListItem\",\"position\":1,\"name\":\"Accueil\",\"item\":\"https:\/\/leboutiquehotelscollection.com\/es\/\"},{\"@type\":\"ListItem\",\"position\":2,\"name\":\"Pol\u00edtica de confidencialidad\"}]},{\"@type\":\"WebSite\",\"@id\":\"https:\/\/leboutiquehotelscollection.com\/#website\",\"url\":\"https:\/\/leboutiquehotelscollection.com\/\",\"name\":\"Boutique H\u00f4tels Collection\",\"description\":\"Exigez l&#039;exceptionnel\",\"publisher\":{\"@id\":\"https:\/\/leboutiquehotelscollection.com\/#organization\"},\"potentialAction\":[{\"@type\":\"SearchAction\",\"target\":{\"@type\":\"EntryPoint\",\"urlTemplate\":\"https:\/\/leboutiquehotelscollection.com\/?s={search_term_string}\"},\"query-input\":{\"@type\":\"PropertyValueSpecification\",\"valueRequired\":true,\"valueName\":\"search_term_string\"}}],\"inLanguage\":\"es\"},{\"@type\":\"Organization\",\"@id\":\"https:\/\/leboutiquehotelscollection.com\/#organization\",\"name\":\"Boutique H\u00f4tels Collection\",\"url\":\"https:\/\/leboutiquehotelscollection.com\/\",\"logo\":{\"@type\":\"ImageObject\",\"inLanguage\":\"es\",\"@id\":\"https:\/\/leboutiquehotelscollection.com\/#\/schema\/logo\/image\/\",\"url\":\"https:\/\/leboutiquehotelscollection.com\/wp-content\/uploads\/2021\/07\/boutique-hotels-collection-logo.svg\",\"contentUrl\":\"https:\/\/leboutiquehotelscollection.com\/wp-content\/uploads\/2021\/07\/boutique-hotels-collection-logo.svg\",\"caption\":\"Boutique H\u00f4tels Collection\"},\"image\":{\"@id\":\"https:\/\/leboutiquehotelscollection.com\/#\/schema\/logo\/image\/\"}}]}<\/script>\n<!-- \/ Yoast SEO plugin. -->","yoast_head_json":{"title":"Pol\u00edtica de confidencialidad - Boutique H\u00f4tels Collection","robots":{"index":"index","follow":"follow","max-snippet":"max-snippet:-1","max-image-preview":"max-image-preview:large","max-video-preview":"max-video-preview:-1"},"canonical":"https:\/\/leboutiquehotelscollection.com\/es\/politica-de-confidentialidad\/","og_locale":"es_ES","og_type":"article","og_title":"Pol\u00edtica de confidencialidad - Boutique H\u00f4tels Collection","og_description":"\u00bfQui\u00e9nes somos? La direcci\u00f3n de nuestro sitio web es: http:\/\/boutiquehotelscollection.com Comentarios Cuando deja un comentario en nuestro sitio web, los datos registrados en el formulario de comentario, pero tambi\u00e9n su direcci\u00f3n IP y el agente de usuario de su navegador se recopilan para ayudarnos a identificar comentarios no deseados. Una cadena anonimizada, creada a partir&hellip;","og_url":"https:\/\/leboutiquehotelscollection.com\/es\/politica-de-confidentialidad\/","og_site_name":"Boutique H\u00f4tels Collection","article_modified_time":"2021-10-04T12:35:48+00:00","twitter_card":"summary_large_image","twitter_misc":{"Tiempo de lectura":"3 minutos"},"schema":{"@context":"https:\/\/schema.org","@graph":[{"@type":"WebPage","@id":"https:\/\/leboutiquehotelscollection.com\/es\/politica-de-confidentialidad\/","url":"https:\/\/leboutiquehotelscollection.com\/es\/politica-de-confidentialidad\/","name":"Pol\u00edtica de confidencialidad - Boutique H\u00f4tels Collection","isPartOf":{"@id":"https:\/\/leboutiquehotelscollection.com\/#website"},"datePublished":"2021-06-13T09:13:21+00:00","dateModified":"2021-10-04T12:35:48+00:00","breadcrumb":{"@id":"https:\/\/leboutiquehotelscollection.com\/es\/politica-de-confidentialidad\/#breadcrumb"},"inLanguage":"es","potentialAction":[{"@type":"ReadAction","target":["https:\/\/leboutiquehotelscollection.com\/es\/politica-de-confidentialidad\/"]}]},{"@type":"BreadcrumbList","@id":"https:\/\/leboutiquehotelscollection.com\/es\/politica-de-confidentialidad\/#breadcrumb","itemListElement":[{"@type":"ListItem","position":1,"name":"Accueil","item":"https:\/\/leboutiquehotelscollection.com\/es\/"},{"@type":"ListItem","position":2,"name":"Pol\u00edtica de confidencialidad"}]},{"@type":"WebSite","@id":"https:\/\/leboutiquehotelscollection.com\/#website","url":"https:\/\/leboutiquehotelscollection.com\/","name":"Boutique H\u00f4tels Collection","description":"Exigez l&#039;exceptionnel","publisher":{"@id":"https:\/\/leboutiquehotelscollection.com\/#organization"},"potentialAction":[{"@type":"SearchAction","target":{"@type":"EntryPoint","urlTemplate":"https:\/\/leboutiquehotelscollection.com\/?s={search_term_string}"},"query-input":{"@type":"PropertyValueSpecification","valueRequired":true,"valueName":"search_term_string"}}],"inLanguage":"es"},{"@type":"Organization","@id":"https:\/\/leboutiquehotelscollection.com\/#organization","name":"Boutique H\u00f4tels Collection","url":"https:\/\/leboutiquehotelscollection.com\/","logo":{"@type":"ImageObject","inLanguage":"es","@id":"https:\/\/leboutiquehotelscollection.com\/#\/schema\/logo\/image\/","url":"https:\/\/leboutiquehotelscollection.com\/wp-content\/uploads\/2021\/07\/boutique-hotels-collection-logo.svg","contentUrl":"https:\/\/leboutiquehotelscollection.com\/wp-content\/uploads\/2021\/07\/boutique-hotels-collection-logo.svg","caption":"Boutique H\u00f4tels Collection"},"image":{"@id":"https:\/\/leboutiquehotelscollection.com\/#\/schema\/logo\/image\/"}}]}},"_links":{"self":[{"href":"https:\/\/leboutiquehotelscollection.com\/es\/wp-json\/wp\/v2\/pages\/1973","targetHints":{"allow":["GET"]}}],"collection":[{"href":"https:\/\/leboutiquehotelscollection.com\/es\/wp-json\/wp\/v2\/pages"}],"about":[{"href":"https:\/\/leboutiquehotelscollection.com\/es\/wp-json\/wp\/v2\/types\/page"}],"author":[{"embeddable":true,"href":"https:\/\/leboutiquehotelscollection.com\/es\/wp-json\/wp\/v2\/users\/1024"}],"replies":[{"embeddable":true,"href":"https:\/\/leboutiquehotelscollection.com\/es\/wp-json\/wp\/v2\/comments?post=1973"}],"version-history":[{"count":2,"href":"https:\/\/leboutiquehotelscollection.com\/es\/wp-json\/wp\/v2\/pages\/1973\/revisions"}],"predecessor-version":[{"id":1975,"href":"https:\/\/leboutiquehotelscollection.com\/es\/wp-json\/wp\/v2\/pages\/1973\/revisions\/1975"}],"wp:attachment":[{"href":"https:\/\/leboutiquehotelscollection.com\/es\/wp-json\/wp\/v2\/media?parent=1973"}],"curies":[{"name":"wp","href":"https:\/\/api.w.org\/{rel}","templated":true}]}}