{"id":2933,"date":"2023-03-06T16:09:00","date_gmt":"2023-03-06T15:09:00","guid":{"rendered":"https:\/\/leboutiquehotelscollection.com\/?page_id=2933"},"modified":"2026-02-12T14:34:28","modified_gmt":"2026-02-12T13:34:28","slug":"our-csr-policy","status":"publish","type":"page","link":"https:\/\/leboutiquehotelscollection.com\/en\/our-csr-policy\/","title":{"rendered":"Our CSR policy"},"content":{"rendered":"<div class=\"wpb-content-wrapper\">[vc_row][vc_column][vc_column_text]\n<h2 style=\"text-align: center;\">What is CSR ?<\/h2>\n[\/vc_column_text][vc_column_text]\n<p style=\"text-align: center;\">CSR aims to better integrate social issues and put sustainable development into practice at the company level.<br \/>\nIn concrete terms, it consists of making efforts to protect the environment and taking initiatives in the social field.<\/p>\n[\/vc_column_text][\/vc_column][\/vc_row][vc_row][vc_column][vc_column_text]\n<h2>Our environmental policy<\/h2>\n[\/vc_column_text][vc_column_text css=&#8221;&#8221;]\n<article class=\"text-token-text-primary w-full focus:outline-none [--shadow-height:45px] has-data-writing-block:pointer-events-none has-data-writing-block:-mt-(--shadow-height) has-data-writing-block:pt-(--shadow-height) [&amp;:has([data-writing-block])&gt;*]:pointer-events-auto scroll-mt-(--header-height)\" dir=\"auto\" tabindex=\"-1\" data-turn-id=\"b78f43d1-41ee-4520-bcad-2256d932c1da\" data-testid=\"conversation-turn-1\" data-scroll-anchor=\"false\" data-turn=\"user\"><\/article>\n<article class=\"text-token-text-primary w-full focus:outline-none [--shadow-height:45px] has-data-writing-block:pointer-events-none has-data-writing-block:-mt-(--shadow-height) has-data-writing-block:pt-(--shadow-height) [&amp;:has([data-writing-block])&gt;*]:pointer-events-auto scroll-mt-[calc(var(--header-height)+min(200px,max(70px,20svh)))]\" dir=\"auto\" tabindex=\"-1\" data-turn-id=\"bd1257dc-101e-412c-beed-b5b9b411e27a\" data-testid=\"conversation-turn-2\" data-scroll-anchor=\"true\" data-turn=\"assistant\">\n<div class=\"text-base my-auto mx-auto pb-10 [--thread-content-margin:--spacing(4)] @w-sm\/main:[--thread-content-margin:--spacing(6)] @w-lg\/main:[--thread-content-margin:--spacing(16)] px-(--thread-content-margin)\">\n<div class=\"[--thread-content-max-width:40rem] @w-lg\/main:[--thread-content-max-width:48rem] mx-auto max-w-(--thread-content-max-width) flex-1 group\/turn-messages focus-visible:outline-hidden relative flex w-full min-w-0 flex-col agent-turn\" tabindex=\"-1\">\n<div class=\"flex max-w-full flex-col grow\">\n<div class=\"min-h-8 text-message relative flex w-full flex-col items-end gap-2 text-start break-words whitespace-normal [.text-message+&amp;]:mt-1\" dir=\"auto\" data-message-author-role=\"assistant\" data-message-id=\"76828988-b31f-4cb6-8463-1c398a981255\" data-message-model-slug=\"gpt-5-2\">\n<div class=\"flex w-full flex-col gap-1 empty:hidden first:pt-[1px]\">\n<div class=\"markdown prose dark:prose-invert w-full wrap-break-word light markdown-new-styling\">\n<p data-start=\"0\" data-end=\"170\">In 2026, the LBHC Group renewed the Green Key certification for Le Palais Gallien H\u00f4tel &amp; Spa, Le Boutique H\u00f4tel &amp; Spa, Le Grand Large H\u00f4tel &amp; Spa and La Villa Mauresque.<\/p>\n<p data-start=\"172\" data-end=\"304\">The Green Key label is the leading environmental certification recognizing actions implemented in favor of environmental protection.<\/p>\n<p data-start=\"306\" data-end=\"342\">Our main initiatives are as follows:<\/p>\n<p data-start=\"344\" data-end=\"617\"><strong data-start=\"344\" data-end=\"387\">Sustainable and responsible purchasing:<\/strong> In addition to energy-efficient electrical appliances, we have equipped our hotels with dry steam cleaning and disinfection systems, helping to eliminate chemical products and reduce the physical strain on our housekeeping teams.<\/p>\n<p data-start=\"619\" data-end=\"847\"><strong data-start=\"619\" data-end=\"648\">Water and energy savings:<\/strong> We have installed lighting timers and water-saving devices. We also raise awareness among our guests about eco-friendly practices, encouraging them to reduce their water and electricity consumption.<\/p>\n<p data-start=\"849\" data-end=\"1065\"><strong data-start=\"849\" data-end=\"869\">Staff awareness:<\/strong> Green Key representatives have been appointed and trained in sustainable development issues. All employees receive an annual information update outlining the establishment\u2019s sustainable approach.<\/p>\n<p data-start=\"1067\" data-end=\"1331\" data-is-last-node=\"\" data-is-only-node=\"\"><strong data-start=\"1067\" data-end=\"1088\">Waste management:<\/strong> At Le Boutique H\u00f4tel &amp; Spa, we work with innovative partners to redistribute uneaten food and help combat food waste. In each of our establishments, we ensure proper waste sorting and measure waste volumes with the objective of reducing them.<\/p>\n<\/div>\n<\/div>\n<\/div>\n<\/div>\n<\/div>\n<\/div>\n<\/article>\n[\/vc_column_text][vc_empty_space][\/vc_column][\/vc_row][vc_row][vc_column][vc_column_text]\n<h2>Our social policy<\/h2>\n[\/vc_column_text][vc_column_text]We claim values of sharing, commitment, transmission and generosity. The sharing of our know-how and skills, the transmission of our ideas and knowledge foster a relationship of trust and allow us to successfully complete each project. The values we embody contribute to a personalized welcome for our guests, including a certain closeness to them, a true signature of the group.<\/p>\n<p>LBHC is also a group in full expansion, which offers its collaborators internal and geographical evolution perspectives. On a daily basis, our teams take care to train apprentices and trainees in order to give them all the tools they need, with the possibility of being hired.<br \/>\nOur new project, the opening of the EHCA hotel school on the C\u00f4te d&#8217;Azur, is a reflection of our values: to promote the skills of young talents and to have them contribute to the development of our projects.<\/p>\n<p>In order to watch over our employees and their integration, we set up events and team building: real levers to promote team cohesion. In addition, strengthening cohesion through good communication is the objective of the newsletter distributed internally, to allow everyone to follow the progress of the group&#8217;s projects.<br \/>\nOur commitment to the environment also contributes to the improvement of our employees&#8217; well-being at work, particularly through the use of eco-certified products that are less harmful to health.<br \/>\nIn order to maximize organization and time management, we have implemented a HRIS (Human Resources Information System) software. Thus, certain tasks are automated and facilitated, such as updating employees&#8217; HR files, managing leave, etc. This system offers better employee monitoring, which improves team performance.<\/p>\n<p>Finally, when recruiting, we ensure inclusion and diversity within our teams. In particular, we integrate disabled workers and multicultural employees: a fundamental asset in a group with an international clientele.[\/vc_column_text][vc_empty_space]<figure class=\"vcex-image vcex-module wpex-text-center\"><div class=\"vcex-image-inner wpex-relative wpex-inline-block\"><img width=\"500\" height=\"500\" src=\"https:\/\/leboutiquehotelscollection.com\/wp-content\/uploads\/2023\/03\/2.png\" class=\"vcex-image-img wpex-align-middle\" alt=\"\" loading=\"lazy\" decoding=\"async\" srcset=\"https:\/\/leboutiquehotelscollection.com\/wp-content\/uploads\/2023\/03\/2.png 500w, https:\/\/leboutiquehotelscollection.com\/wp-content\/uploads\/2023\/03\/2-300x300.png 300w, https:\/\/leboutiquehotelscollection.com\/wp-content\/uploads\/2023\/03\/2-150x150.png 150w\" sizes=\"auto, (max-width: 500px) 100vw, 500px\" \/><\/div><\/figure>[\/vc_column][\/vc_row][vc_row][vc_column][\/vc_column][\/vc_row]\n<\/div>","protected":false},"excerpt":{"rendered":"<p>[vc_row][vc_column][vc_column_text] What is CSR ? [\/vc_column_text][vc_column_text] CSR aims to better integrate social issues and put sustainable development into practice at the company level. In concrete terms, it consists of making efforts to protect the environment and taking initiatives in the social field. [\/vc_column_text][\/vc_column][\/vc_row][vc_row][vc_column][vc_column_text] Our environmental policy [\/vc_column_text][vc_column_text css=&#8221;&#8221;] In 2026, the LBHC Group renewed the&hellip;<\/p>\n","protected":false},"author":1024,"featured_media":0,"parent":0,"menu_order":0,"comment_status":"closed","ping_status":"closed","template":"","meta":{"_acf_changed":false,"inline_featured_image":false,"footnotes":""},"class_list":["post-2933","page","type-page","status-publish","hentry","entry","no-media"],"acf":[],"yoast_head":"<!-- This site is optimized with the Yoast SEO plugin v27.1.1 - https:\/\/yoast.com\/product\/yoast-seo-wordpress\/ -->\n<title>Our CSR policy - Boutique H\u00f4tels Collection<\/title>\n<meta name=\"robots\" content=\"index, follow, max-snippet:-1, max-image-preview:large, max-video-preview:-1\" \/>\n<link rel=\"canonical\" href=\"https:\/\/leboutiquehotelscollection.com\/en\/our-csr-policy\/\" \/>\n<meta property=\"og:locale\" content=\"en_US\" \/>\n<meta property=\"og:type\" content=\"article\" \/>\n<meta property=\"og:title\" content=\"Our CSR policy - Boutique H\u00f4tels Collection\" \/>\n<meta property=\"og:description\" content=\"[vc_row][vc_column][vc_column_text] What is CSR ? [\/vc_column_text][vc_column_text] CSR aims to better integrate social issues and put sustainable development into practice at the company level. In concrete terms, it consists of making efforts to protect the environment and taking initiatives in the social field. [\/vc_column_text][\/vc_column][\/vc_row][vc_row][vc_column][vc_column_text] Our environmental policy [\/vc_column_text][vc_column_text css=&#8221;&#8221;] In 2026, the LBHC Group renewed the&hellip;\" \/>\n<meta property=\"og:url\" content=\"https:\/\/leboutiquehotelscollection.com\/en\/our-csr-policy\/\" \/>\n<meta property=\"og:site_name\" content=\"Boutique H\u00f4tels Collection\" \/>\n<meta property=\"article:modified_time\" content=\"2026-02-12T13:34:28+00:00\" \/>\n<meta name=\"twitter:card\" content=\"summary_large_image\" \/>\n<meta name=\"twitter:label1\" content=\"Est. reading time\" \/>\n\t<meta name=\"twitter:data1\" content=\"4 minutes\" \/>\n<script type=\"application\/ld+json\" class=\"yoast-schema-graph\">{\"@context\":\"https:\/\/schema.org\",\"@graph\":[{\"@type\":\"WebPage\",\"@id\":\"https:\/\/leboutiquehotelscollection.com\/en\/our-csr-policy\/\",\"url\":\"https:\/\/leboutiquehotelscollection.com\/en\/our-csr-policy\/\",\"name\":\"Our CSR policy - Boutique H\u00f4tels Collection\",\"isPartOf\":{\"@id\":\"https:\/\/leboutiquehotelscollection.com\/#website\"},\"datePublished\":\"2023-03-06T15:09:00+00:00\",\"dateModified\":\"2026-02-12T13:34:28+00:00\",\"breadcrumb\":{\"@id\":\"https:\/\/leboutiquehotelscollection.com\/en\/our-csr-policy\/#breadcrumb\"},\"inLanguage\":\"en-US\",\"potentialAction\":[{\"@type\":\"ReadAction\",\"target\":[\"https:\/\/leboutiquehotelscollection.com\/en\/our-csr-policy\/\"]}]},{\"@type\":\"BreadcrumbList\",\"@id\":\"https:\/\/leboutiquehotelscollection.com\/en\/our-csr-policy\/#breadcrumb\",\"itemListElement\":[{\"@type\":\"ListItem\",\"position\":1,\"name\":\"Accueil\",\"item\":\"https:\/\/leboutiquehotelscollection.com\/en\/\"},{\"@type\":\"ListItem\",\"position\":2,\"name\":\"Our CSR policy\"}]},{\"@type\":\"WebSite\",\"@id\":\"https:\/\/leboutiquehotelscollection.com\/#website\",\"url\":\"https:\/\/leboutiquehotelscollection.com\/\",\"name\":\"Boutique H\u00f4tels Collection\",\"description\":\"Exigez l&#039;exceptionnel\",\"publisher\":{\"@id\":\"https:\/\/leboutiquehotelscollection.com\/#organization\"},\"potentialAction\":[{\"@type\":\"SearchAction\",\"target\":{\"@type\":\"EntryPoint\",\"urlTemplate\":\"https:\/\/leboutiquehotelscollection.com\/?s={search_term_string}\"},\"query-input\":{\"@type\":\"PropertyValueSpecification\",\"valueRequired\":true,\"valueName\":\"search_term_string\"}}],\"inLanguage\":\"en-US\"},{\"@type\":\"Organization\",\"@id\":\"https:\/\/leboutiquehotelscollection.com\/#organization\",\"name\":\"Boutique H\u00f4tels Collection\",\"url\":\"https:\/\/leboutiquehotelscollection.com\/\",\"logo\":{\"@type\":\"ImageObject\",\"inLanguage\":\"en-US\",\"@id\":\"https:\/\/leboutiquehotelscollection.com\/#\/schema\/logo\/image\/\",\"url\":\"https:\/\/leboutiquehotelscollection.com\/wp-content\/uploads\/2021\/07\/boutique-hotels-collection-logo.svg\",\"contentUrl\":\"https:\/\/leboutiquehotelscollection.com\/wp-content\/uploads\/2021\/07\/boutique-hotels-collection-logo.svg\",\"caption\":\"Boutique H\u00f4tels Collection\"},\"image\":{\"@id\":\"https:\/\/leboutiquehotelscollection.com\/#\/schema\/logo\/image\/\"}}]}<\/script>\n<!-- \/ Yoast SEO plugin. -->","yoast_head_json":{"title":"Our CSR policy - Boutique H\u00f4tels Collection","robots":{"index":"index","follow":"follow","max-snippet":"max-snippet:-1","max-image-preview":"max-image-preview:large","max-video-preview":"max-video-preview:-1"},"canonical":"https:\/\/leboutiquehotelscollection.com\/en\/our-csr-policy\/","og_locale":"en_US","og_type":"article","og_title":"Our CSR policy - Boutique H\u00f4tels Collection","og_description":"[vc_row][vc_column][vc_column_text] What is CSR ? [\/vc_column_text][vc_column_text] CSR aims to better integrate social issues and put sustainable development into practice at the company level. In concrete terms, it consists of making efforts to protect the environment and taking initiatives in the social field. [\/vc_column_text][\/vc_column][\/vc_row][vc_row][vc_column][vc_column_text] Our environmental policy [\/vc_column_text][vc_column_text css=&#8221;&#8221;] In 2026, the LBHC Group renewed the&hellip;","og_url":"https:\/\/leboutiquehotelscollection.com\/en\/our-csr-policy\/","og_site_name":"Boutique H\u00f4tels Collection","article_modified_time":"2026-02-12T13:34:28+00:00","twitter_card":"summary_large_image","twitter_misc":{"Est. reading time":"4 minutes"},"schema":{"@context":"https:\/\/schema.org","@graph":[{"@type":"WebPage","@id":"https:\/\/leboutiquehotelscollection.com\/en\/our-csr-policy\/","url":"https:\/\/leboutiquehotelscollection.com\/en\/our-csr-policy\/","name":"Our CSR policy - Boutique H\u00f4tels Collection","isPartOf":{"@id":"https:\/\/leboutiquehotelscollection.com\/#website"},"datePublished":"2023-03-06T15:09:00+00:00","dateModified":"2026-02-12T13:34:28+00:00","breadcrumb":{"@id":"https:\/\/leboutiquehotelscollection.com\/en\/our-csr-policy\/#breadcrumb"},"inLanguage":"en-US","potentialAction":[{"@type":"ReadAction","target":["https:\/\/leboutiquehotelscollection.com\/en\/our-csr-policy\/"]}]},{"@type":"BreadcrumbList","@id":"https:\/\/leboutiquehotelscollection.com\/en\/our-csr-policy\/#breadcrumb","itemListElement":[{"@type":"ListItem","position":1,"name":"Accueil","item":"https:\/\/leboutiquehotelscollection.com\/en\/"},{"@type":"ListItem","position":2,"name":"Our CSR policy"}]},{"@type":"WebSite","@id":"https:\/\/leboutiquehotelscollection.com\/#website","url":"https:\/\/leboutiquehotelscollection.com\/","name":"Boutique H\u00f4tels Collection","description":"Exigez l&#039;exceptionnel","publisher":{"@id":"https:\/\/leboutiquehotelscollection.com\/#organization"},"potentialAction":[{"@type":"SearchAction","target":{"@type":"EntryPoint","urlTemplate":"https:\/\/leboutiquehotelscollection.com\/?s={search_term_string}"},"query-input":{"@type":"PropertyValueSpecification","valueRequired":true,"valueName":"search_term_string"}}],"inLanguage":"en-US"},{"@type":"Organization","@id":"https:\/\/leboutiquehotelscollection.com\/#organization","name":"Boutique H\u00f4tels Collection","url":"https:\/\/leboutiquehotelscollection.com\/","logo":{"@type":"ImageObject","inLanguage":"en-US","@id":"https:\/\/leboutiquehotelscollection.com\/#\/schema\/logo\/image\/","url":"https:\/\/leboutiquehotelscollection.com\/wp-content\/uploads\/2021\/07\/boutique-hotels-collection-logo.svg","contentUrl":"https:\/\/leboutiquehotelscollection.com\/wp-content\/uploads\/2021\/07\/boutique-hotels-collection-logo.svg","caption":"Boutique H\u00f4tels Collection"},"image":{"@id":"https:\/\/leboutiquehotelscollection.com\/#\/schema\/logo\/image\/"}}]}},"_links":{"self":[{"href":"https:\/\/leboutiquehotelscollection.com\/en\/wp-json\/wp\/v2\/pages\/2933","targetHints":{"allow":["GET"]}}],"collection":[{"href":"https:\/\/leboutiquehotelscollection.com\/en\/wp-json\/wp\/v2\/pages"}],"about":[{"href":"https:\/\/leboutiquehotelscollection.com\/en\/wp-json\/wp\/v2\/types\/page"}],"author":[{"embeddable":true,"href":"https:\/\/leboutiquehotelscollection.com\/en\/wp-json\/wp\/v2\/users\/1024"}],"replies":[{"embeddable":true,"href":"https:\/\/leboutiquehotelscollection.com\/en\/wp-json\/wp\/v2\/comments?post=2933"}],"version-history":[{"count":7,"href":"https:\/\/leboutiquehotelscollection.com\/en\/wp-json\/wp\/v2\/pages\/2933\/revisions"}],"predecessor-version":[{"id":4354,"href":"https:\/\/leboutiquehotelscollection.com\/en\/wp-json\/wp\/v2\/pages\/2933\/revisions\/4354"}],"wp:attachment":[{"href":"https:\/\/leboutiquehotelscollection.com\/en\/wp-json\/wp\/v2\/media?parent=2933"}],"curies":[{"name":"wp","href":"https:\/\/api.w.org\/{rel}","templated":true}]}}