{"id":2687,"date":"2022-04-06T10:24:46","date_gmt":"2022-04-06T08:24:46","guid":{"rendered":"https:\/\/leboutiquehotelscollection.com\/?page_id=2687"},"modified":"2023-09-21T10:46:49","modified_gmt":"2023-09-21T08:46:49","slug":"iledoleron","status":"publish","type":"page","link":"https:\/\/leboutiquehotelscollection.com\/en\/iledoleron\/","title":{"rendered":"\u00cele d&#8217;Ol\u00e9ron"},"content":{"rendered":"<div class=\"wpb-content-wrapper\">[vc_row][vc_column]<div class=\"templatera_shortcode\"><div class=\"vc_row wpb_row vc_row-fluid bannier-uptitle-title wpex-relative\"><div class=\"wpb_column vc_column_container vc_col-sm-12\"><div class=\"vc_column-inner\"><div class=\"wpb_wrapper\"><div class=\"vc_empty_space\"   style=\"height: 30px\"><span class=\"vc_empty_space_inner\"><\/span><\/div>\n\t<div style=\"text-align:center;\" class=\"wpb_text_column wpb_content_element\" >\n\t\t<div class=\"wpb_wrapper\">\n\t\t\t<h1>Our destinations<\/h1>\n\n\t\t<\/div>\n\t<\/div>\n<\/div><\/div><\/div><\/div><div class=\"vc_row wpb_row vc_row-fluid wpex-relative no-bottom-margins\"><div class=\"wpb_column vc_column_container vc_col-sm-12\"><div class=\"vc_column-inner\"><div class=\"wpb_wrapper\">\n\t<div class=\"wpb_text_column wpb_content_element intro intro-top-page\" >\n\t\t<div class=\"wpb_wrapper\">\n\t\t\t<p><em>From Bordeaux to Saint-Barth\u00e9lemy, with a detour through the C\u00f4te d'Azur, our establishments are located in a variety of destinations that are sure to fulfil your desires.<\/em><\/p>\n\n\t\t<\/div>\n\t<\/div>\n<\/div><\/div><\/div><\/div><div id=\"template-menu-page-destinations\" class=\"vc_row wpb_row vc_row-fluid wpex-vc-full-width-row wpex-vc-full-width-row--no-padding wpex-relative no-bottom-margins\"><div class=\"wpb_column vc_column_container vc_col-sm-12\"><div class=\"vc_column-inner\"><div class=\"wpb_wrapper\"><nav class=\"vcex-navbar vcex-module vcex-navbar-sticky wpex-transition-opacity wpex-duration-300 vcex-navbar-sticky-offset wpex-ls-offset align-center wpex-text-center\" data-sticky-endpoint=\"#footer-builder\"><div class=\"vcex-navbar-inner wpex-clr wpex-last-mr-0\"><a href=\"https:\/\/leboutiquehotelscollection.com\/en\/bordeaux\/\" class=\"vcex-navbar-link vcex-navbar-link--1196 wpex-inline-block wpex-mr-5 wpex-mb-5 theme-txt-link\"><span class=\"vcex-navbar-link-text\">Bordeaux<\/span><\/a><a href=\"https:\/\/leboutiquehotelscollection.com\/en\/arcachon\/\" class=\"vcex-navbar-link vcex-navbar-link--1195 wpex-inline-block wpex-mr-5 wpex-mb-5 theme-txt-link\"><span class=\"vcex-navbar-link-text\">Arcachon<\/span><\/a><a href=\"https:\/\/leboutiquehotelscollection.com\/en\/cap-ferret\/\" class=\"vcex-navbar-link vcex-navbar-link--1194 wpex-inline-block wpex-mr-5 wpex-mb-5 theme-txt-link\"><span class=\"vcex-navbar-link-text\">Cap-Ferret<\/span><\/a><a href=\"https:\/\/leboutiquehotelscollection.com\/en\/saint-raphael\/\" class=\"vcex-navbar-link vcex-navbar-link--1163 wpex-inline-block wpex-mr-5 wpex-mb-5 theme-txt-link\"><span class=\"vcex-navbar-link-text\">Saint-Rapha\u00ebl<\/span><\/a><a href=\"https:\/\/leboutiquehotelscollection.com\/en\/saint-barthelemy\/\" class=\"vcex-navbar-link vcex-navbar-link--1189 wpex-inline-block wpex-mr-5 wpex-mb-5 theme-txt-link\"><span class=\"vcex-navbar-link-text\">Saint-Barth\u00e9l\u00e9my<\/span><\/a><a href=\"https:\/\/leboutiquehotelscollection.com\/en\/iledoleron\/\" class=\"vcex-navbar-link vcex-navbar-link--2687 wpex-inline-block wpex-mr-5 wpex-mb-5 theme-txt-link\"><span class=\"vcex-navbar-link-text\">\u00cele d\u2019Ol\u00e9ron<\/span><\/a><\/div><\/nav><\/div><\/div><\/div><\/div><\/div>[\/vc_column][\/vc_row][vc_row content_placement=&#8221;middle&#8221; el_class=&#8221;page-destinations-bannier&#8221;][vc_column width=&#8221;2\/3&#8243; css=&#8221;.vc_custom_1649233146287{background-image: url(https:\/\/leboutiquehotelscollection.com\/wp-content\/uploads\/2022\/04\/Capture-decran-2022-04-06-a-10.16.56.png?id=2701) !important;background-position: center !important;background-repeat: no-repeat !important;background-size: cover !important;}&#8221;][\/vc_column][vc_column width=&#8221;1\/3&#8243;][vc_single_image image=&#8221;3488&#8243;][vc_column_text]\u00cele d&#8217;Ol\u00e9ron[\/vc_column_text][\/vc_column][\/vc_row][vc_row][vc_column css=&#8221;.vc_custom_1628849257141{margin-bottom: 0px !important;}&#8221;][vc_empty_space height=&#8221;30px&#8221;]<div class=\"templatera_shortcode\"><div id=\"template-bannier-actualites-title\" class=\"vc_row wpb_row vc_row-fluid bannier-uptitle-title wpex-relative\"><div class=\"wpb_column vc_column_container vc_col-sm-12\"><div class=\"vc_column-inner\"><div class=\"wpb_wrapper\">\n\t<div class=\"wpb_text_column wpb_content_element\" >\n\t\t<div class=\"wpb_wrapper\">\n\t\t\t<p>WORLD<\/p>\n\n\t\t<\/div>\n\t<\/div>\n\n\t<div style=\"text-align:center;\" class=\"wpb_text_column wpb_content_element\" >\n\t\t<div class=\"wpb_wrapper\">\n\t\t\t<h2>News<\/h2>\n\n\t\t<\/div>\n\t<\/div>\n<\/div><\/div><\/div><\/div><div id=\"template-bannier-actualites\" class=\"vc_row wpb_row vc_row-fluid wpex-relative\"><div class=\"wpb_column vc_column_container vc_col-sm-12\"><div class=\"vc_column-inner\"><div class=\"wpb_wrapper\"><div class=\"vcex-module vcex-post-type-grid-wrap wpex-clr\"><div class=\"wpex-row vcex-post-type-grid entries wpex-clr\"><div class=\"vcex-post-type-entry vcex-grid-item wpex-clr col span_1_of_3 col-1 entry post-3693 type-post has-media cat-5 translation_priority-72 translation_priority-73\"><div class=\"vcex-post-type-entry-inner entry-inner wpex-first-mt-0 wpex-last-mb-0 wpex-clr\"><div class=\"vcex-post-type-entry-media entry-media wpex-relative\"><a href=\"https:\/\/leboutiquehotelscollection.com\/en\/discover-les-vagues-hotel-spa-a-jewel-of-contemporary-elegance-on-the-shores-of-arcachon\/\" title=\"Discover Les Vagues H\u00f4tel &#038; Spa, a jewel of contemporary elegance on the shores of Arcachon\"><img width=\"1707\" height=\"2560\" src=\"https:\/\/leboutiquehotelscollection.com\/wp-content\/uploads\/2024\/03\/LesVagues-@foodiesbylouise-053-scaled.jpg\" class=\"vcex-blog-entry-img wpex-align-middle\" alt=\"\" loading=\"lazy\" decoding=\"async\" srcset=\"https:\/\/leboutiquehotelscollection.com\/wp-content\/uploads\/2024\/03\/LesVagues-@foodiesbylouise-053-scaled.jpg 1707w, https:\/\/leboutiquehotelscollection.com\/wp-content\/uploads\/2024\/03\/LesVagues-@foodiesbylouise-053-200x300.jpg 200w, https:\/\/leboutiquehotelscollection.com\/wp-content\/uploads\/2024\/03\/LesVagues-@foodiesbylouise-053-683x1024.jpg 683w, https:\/\/leboutiquehotelscollection.com\/wp-content\/uploads\/2024\/03\/LesVagues-@foodiesbylouise-053-768x1152.jpg 768w, https:\/\/leboutiquehotelscollection.com\/wp-content\/uploads\/2024\/03\/LesVagues-@foodiesbylouise-053-1024x1536.jpg 1024w, https:\/\/leboutiquehotelscollection.com\/wp-content\/uploads\/2024\/03\/LesVagues-@foodiesbylouise-053-1365x2048.jpg 1365w\" sizes=\"auto, (max-width: 1707px) 100vw, 1707px\" \/><\/a><\/div><div class=\"vcex-post-type-entry-details entry-details wpex-bordered wpex-first-mt-0 wpex-last-mb-0 wpex-clr\"><div class=\"vcex-post-type-entry-excerpt entry-excerpt wpex-my-15 wpex-text-pretty wpex-last-mb-0 wpex-clr\"><p><a class=\"custom_grid_excerpt\" href=\"https:\/\/leboutiquehotelscollection.com\/en\/discover-les-vagues-hotel-spa-a-jewel-of-contemporary-elegance-on-the-shores-of-arcachon\/\"><span>Enjoy a unique waterfront holiday in the heart of Arcachon<\/span>Discover Les Vagues H\u00f4tel &#038; Spa, a jewel of contemporary elegance on the shores of Arcachon<\/a><\/p><\/div><\/div><\/div><\/div><\/div><\/div><div class=\"theme-button-wrap textcenter wpex-clr\"><a href=\"https:\/\/leboutiquehotelscollection.com\/en\/news\/\" class=\"vcex-button theme-button align-center inline custom-button\"><span class=\"vcex-button-inner theme-button-inner wpex-flex wpex-flex-wrap wpex-items-center wpex-justify-center\">MORE NEWS<\/span><\/a><\/div> <\/div><\/div><\/div><\/div><\/div>[\/vc_column][\/vc_row]\n<\/div>","protected":false},"excerpt":{"rendered":"<p><a class=\"custom_grid_excerpt\" href=\"https:\/\/leboutiquehotelscollection.com\/en\/discover-les-vagues-hotel-spa-a-jewel-of-contemporary-elegance-on-the-shores-of-arcachon\/\"><span>Enjoy a unique waterfront holiday in the heart of Arcachon<\/span>Discover Les Vagues H\u00f4tel &#038; Spa, a jewel of contemporary elegance on the shores of Arcachon<\/a><\/p>\n","protected":false},"author":1024,"featured_media":0,"parent":0,"menu_order":0,"comment_status":"closed","ping_status":"closed","template":"","meta":{"_acf_changed":false,"inline_featured_image":false,"footnotes":""},"class_list":["post-2687","page","type-page","status-publish","hentry","entry","has-media"],"acf":[],"yoast_head":"<!-- This site is optimized with the Yoast SEO plugin v27.1.1 - https:\/\/yoast.com\/product\/yoast-seo-wordpress\/ -->\n<title>\u00cele d&#039;Ol\u00e9ron - Boutique H\u00f4tels Collection<\/title>\n<meta name=\"robots\" content=\"index, follow, max-snippet:-1, max-image-preview:large, max-video-preview:-1\" \/>\n<link rel=\"canonical\" href=\"https:\/\/leboutiquehotelscollection.com\/en\/iledoleron\/\" \/>\n<meta property=\"og:locale\" content=\"en_US\" \/>\n<meta property=\"og:type\" content=\"article\" \/>\n<meta property=\"og:title\" content=\"\u00cele d&#039;Ol\u00e9ron - Boutique H\u00f4tels Collection\" \/>\n<meta property=\"og:description\" content=\"Enjoy a unique waterfront holiday in the heart of ArcachonDiscover Les Vagues H\u00f4tel &#038; Spa, a jewel of contemporary elegance on the shores of Arcachon\" \/>\n<meta property=\"og:url\" content=\"https:\/\/leboutiquehotelscollection.com\/en\/iledoleron\/\" \/>\n<meta property=\"og:site_name\" content=\"Boutique H\u00f4tels Collection\" \/>\n<meta property=\"article:modified_time\" content=\"2023-09-21T08:46:49+00:00\" \/>\n<meta name=\"twitter:card\" content=\"summary_large_image\" \/>\n<meta name=\"twitter:label1\" content=\"Est. reading time\" \/>\n\t<meta name=\"twitter:data1\" content=\"1 minute\" \/>\n<script type=\"application\/ld+json\" class=\"yoast-schema-graph\">{\"@context\":\"https:\/\/schema.org\",\"@graph\":[{\"@type\":\"WebPage\",\"@id\":\"https:\/\/leboutiquehotelscollection.com\/en\/iledoleron\/\",\"url\":\"https:\/\/leboutiquehotelscollection.com\/en\/iledoleron\/\",\"name\":\"\u00cele d'Ol\u00e9ron - Boutique H\u00f4tels Collection\",\"isPartOf\":{\"@id\":\"https:\/\/leboutiquehotelscollection.com\/#website\"},\"datePublished\":\"2022-04-06T08:24:46+00:00\",\"dateModified\":\"2023-09-21T08:46:49+00:00\",\"breadcrumb\":{\"@id\":\"https:\/\/leboutiquehotelscollection.com\/en\/iledoleron\/#breadcrumb\"},\"inLanguage\":\"en-US\",\"potentialAction\":[{\"@type\":\"ReadAction\",\"target\":[\"https:\/\/leboutiquehotelscollection.com\/en\/iledoleron\/\"]}]},{\"@type\":\"BreadcrumbList\",\"@id\":\"https:\/\/leboutiquehotelscollection.com\/en\/iledoleron\/#breadcrumb\",\"itemListElement\":[{\"@type\":\"ListItem\",\"position\":1,\"name\":\"Accueil\",\"item\":\"https:\/\/leboutiquehotelscollection.com\/en\/\"},{\"@type\":\"ListItem\",\"position\":2,\"name\":\"\u00cele d&#8217;Ol\u00e9ron\"}]},{\"@type\":\"WebSite\",\"@id\":\"https:\/\/leboutiquehotelscollection.com\/#website\",\"url\":\"https:\/\/leboutiquehotelscollection.com\/\",\"name\":\"Boutique H\u00f4tels Collection\",\"description\":\"Exigez l&#039;exceptionnel\",\"publisher\":{\"@id\":\"https:\/\/leboutiquehotelscollection.com\/#organization\"},\"potentialAction\":[{\"@type\":\"SearchAction\",\"target\":{\"@type\":\"EntryPoint\",\"urlTemplate\":\"https:\/\/leboutiquehotelscollection.com\/?s={search_term_string}\"},\"query-input\":{\"@type\":\"PropertyValueSpecification\",\"valueRequired\":true,\"valueName\":\"search_term_string\"}}],\"inLanguage\":\"en-US\"},{\"@type\":\"Organization\",\"@id\":\"https:\/\/leboutiquehotelscollection.com\/#organization\",\"name\":\"Boutique H\u00f4tels Collection\",\"url\":\"https:\/\/leboutiquehotelscollection.com\/\",\"logo\":{\"@type\":\"ImageObject\",\"inLanguage\":\"en-US\",\"@id\":\"https:\/\/leboutiquehotelscollection.com\/#\/schema\/logo\/image\/\",\"url\":\"https:\/\/leboutiquehotelscollection.com\/wp-content\/uploads\/2021\/07\/boutique-hotels-collection-logo.svg\",\"contentUrl\":\"https:\/\/leboutiquehotelscollection.com\/wp-content\/uploads\/2021\/07\/boutique-hotels-collection-logo.svg\",\"caption\":\"Boutique H\u00f4tels Collection\"},\"image\":{\"@id\":\"https:\/\/leboutiquehotelscollection.com\/#\/schema\/logo\/image\/\"}}]}<\/script>\n<!-- \/ Yoast SEO plugin. -->","yoast_head_json":{"title":"\u00cele d'Ol\u00e9ron - Boutique H\u00f4tels Collection","robots":{"index":"index","follow":"follow","max-snippet":"max-snippet:-1","max-image-preview":"max-image-preview:large","max-video-preview":"max-video-preview:-1"},"canonical":"https:\/\/leboutiquehotelscollection.com\/en\/iledoleron\/","og_locale":"en_US","og_type":"article","og_title":"\u00cele d'Ol\u00e9ron - Boutique H\u00f4tels Collection","og_description":"Enjoy a unique waterfront holiday in the heart of ArcachonDiscover Les Vagues H\u00f4tel &#038; Spa, a jewel of contemporary elegance on the shores of Arcachon","og_url":"https:\/\/leboutiquehotelscollection.com\/en\/iledoleron\/","og_site_name":"Boutique H\u00f4tels Collection","article_modified_time":"2023-09-21T08:46:49+00:00","twitter_card":"summary_large_image","twitter_misc":{"Est. reading time":"1 minute"},"schema":{"@context":"https:\/\/schema.org","@graph":[{"@type":"WebPage","@id":"https:\/\/leboutiquehotelscollection.com\/en\/iledoleron\/","url":"https:\/\/leboutiquehotelscollection.com\/en\/iledoleron\/","name":"\u00cele d'Ol\u00e9ron - Boutique H\u00f4tels Collection","isPartOf":{"@id":"https:\/\/leboutiquehotelscollection.com\/#website"},"datePublished":"2022-04-06T08:24:46+00:00","dateModified":"2023-09-21T08:46:49+00:00","breadcrumb":{"@id":"https:\/\/leboutiquehotelscollection.com\/en\/iledoleron\/#breadcrumb"},"inLanguage":"en-US","potentialAction":[{"@type":"ReadAction","target":["https:\/\/leboutiquehotelscollection.com\/en\/iledoleron\/"]}]},{"@type":"BreadcrumbList","@id":"https:\/\/leboutiquehotelscollection.com\/en\/iledoleron\/#breadcrumb","itemListElement":[{"@type":"ListItem","position":1,"name":"Accueil","item":"https:\/\/leboutiquehotelscollection.com\/en\/"},{"@type":"ListItem","position":2,"name":"\u00cele d&#8217;Ol\u00e9ron"}]},{"@type":"WebSite","@id":"https:\/\/leboutiquehotelscollection.com\/#website","url":"https:\/\/leboutiquehotelscollection.com\/","name":"Boutique H\u00f4tels Collection","description":"Exigez l&#039;exceptionnel","publisher":{"@id":"https:\/\/leboutiquehotelscollection.com\/#organization"},"potentialAction":[{"@type":"SearchAction","target":{"@type":"EntryPoint","urlTemplate":"https:\/\/leboutiquehotelscollection.com\/?s={search_term_string}"},"query-input":{"@type":"PropertyValueSpecification","valueRequired":true,"valueName":"search_term_string"}}],"inLanguage":"en-US"},{"@type":"Organization","@id":"https:\/\/leboutiquehotelscollection.com\/#organization","name":"Boutique H\u00f4tels Collection","url":"https:\/\/leboutiquehotelscollection.com\/","logo":{"@type":"ImageObject","inLanguage":"en-US","@id":"https:\/\/leboutiquehotelscollection.com\/#\/schema\/logo\/image\/","url":"https:\/\/leboutiquehotelscollection.com\/wp-content\/uploads\/2021\/07\/boutique-hotels-collection-logo.svg","contentUrl":"https:\/\/leboutiquehotelscollection.com\/wp-content\/uploads\/2021\/07\/boutique-hotels-collection-logo.svg","caption":"Boutique H\u00f4tels Collection"},"image":{"@id":"https:\/\/leboutiquehotelscollection.com\/#\/schema\/logo\/image\/"}}]}},"_links":{"self":[{"href":"https:\/\/leboutiquehotelscollection.com\/en\/wp-json\/wp\/v2\/pages\/2687","targetHints":{"allow":["GET"]}}],"collection":[{"href":"https:\/\/leboutiquehotelscollection.com\/en\/wp-json\/wp\/v2\/pages"}],"about":[{"href":"https:\/\/leboutiquehotelscollection.com\/en\/wp-json\/wp\/v2\/types\/page"}],"author":[{"embeddable":true,"href":"https:\/\/leboutiquehotelscollection.com\/en\/wp-json\/wp\/v2\/users\/1024"}],"replies":[{"embeddable":true,"href":"https:\/\/leboutiquehotelscollection.com\/en\/wp-json\/wp\/v2\/comments?post=2687"}],"version-history":[{"count":2,"href":"https:\/\/leboutiquehotelscollection.com\/en\/wp-json\/wp\/v2\/pages\/2687\/revisions"}],"predecessor-version":[{"id":3492,"href":"https:\/\/leboutiquehotelscollection.com\/en\/wp-json\/wp\/v2\/pages\/2687\/revisions\/3492"}],"wp:attachment":[{"href":"https:\/\/leboutiquehotelscollection.com\/en\/wp-json\/wp\/v2\/media?parent=2687"}],"curies":[{"name":"wp","href":"https:\/\/api.w.org\/{rel}","templated":true}]}}