{"id":1211,"date":"2021-08-14T21:18:17","date_gmt":"2021-08-14T19:18:17","guid":{"rendered":"https:\/\/leboutiquehotelscollection.com\/lecole-hoteliere-de-la-cote-dazur\/"},"modified":"2023-04-19T10:16:17","modified_gmt":"2023-04-19T08:16:17","slug":"the-cote-dazur-hotel-school","status":"publish","type":"page","link":"https:\/\/leboutiquehotelscollection.com\/en\/the-cote-dazur-hotel-school\/","title":{"rendered":"The C\u00f4te d&#8217;Azur Hotel School, by EHL"},"content":{"rendered":"<div class=\"wpb-content-wrapper\">[vc_row full_width=&#8221;stretch_row&#8221; el_class=&#8221;bannier-top-image-big&#8221; css=&#8221;.vc_custom_1629384551477{background-image: url(https:\/\/leboutiquehotelscollection.com\/wp-content\/uploads\/2021\/08\/visuel-ecole-hotelier.jpg?id=679) !important;background-position: center !important;background-repeat: no-repeat !important;background-size: cover !important;}&#8221;][vc_column][\/vc_column][\/vc_row][vc_row el_class=&#8221;bannier-uptitle-title&#8221;][vc_column][vc_column_text text_align=&#8221;center&#8221;]\n<h1>The C\u00f4te d&#8217;Azur Hotel School, by EHL<\/h1>\n[\/vc_column_text][\/vc_column][\/vc_row][vc_row remove_bottom_col_margin=&#8221;true&#8221;][vc_column][vc_column_text el_class=&#8221;intro intro-top-page&#8221;]The C\u00f4te d&#8217;Azur Hotel School is the Boutique Hotels Collection&#8217;s flagship project for 2021.[\/vc_column_text][\/vc_column][\/vc_row][vc_row el_id=&#8221;page-ecole-hoteliere-bannier-content&#8221;][vc_column css_animation=&#8221;left-to-right&#8221; width=&#8221;1\/2&#8243;][vc_single_image image=&#8221;676&#8243;][\/vc_column][vc_column css_animation=&#8221;right-to-left&#8221; width=&#8221;1\/2&#8243; css_animation_delay=&#8221;0.3&#8243;][vc_column_text]\n<blockquote><p>Ongoing transmission of knowledge<\/p><\/blockquote>\n<p>Armed with its considerable know-how, and having observed a lack of technical training in the hospitality sector, the group has now decided to embark on the development of a hotel school, the EHCA, supported by major industry stakeholders such as the <strong>\u00c9cole H\u00f4teli\u00e8re de Lausanne<\/strong>. It will train young talent to enter the industry with the tools necessary to become the future leaders of hospitality.<\/p>\n<p>This innovative, ambitious project will come to fruition in 2025.<\/p>\n<blockquote><p>We will train the very best candidates to ensure that service quality remains high in our luxury hospitality industry, while embodying the values of the \u00c9cole H\u00f4teli\u00e8re de Lausanne by fostering bonds between today&#8217;s and tomorrow&#8217;s graduates.<\/p><\/blockquote>\n<p><em>Bastien Deschamps \u2013 Pr\u00e9sident<\/em><br \/>\n<em>Christophe San Jos\u00e9 &#8211; Co-founder<\/em>[\/vc_column_text]<div class=\"vcex-image-grid-wrap\"><div class=\"vcex-module vcex-image-grid grid-style-default wpex-row wpex-clr\"><div class=\"id-278 vcex-image-grid-entry vcex-grid-item wpex-text-center span_1_of_1 span_1_of_1_tl span_1_of_1_tp span_1_of_1_pl span_1_of_1_pp col col-1\"><figure class=\"vcex-image-grid-entry-figure wpex-last-mb-0 wpex-clr\"><div class=\"vcex-image-grid-entry-img entry-media wpex-relative wpex-mb-20\"><a href=\"mailto:contact@ehca.fr\" class=\"vcex-image-grid-entry-link\"><img width=\"1\" height=\"1\" src=\"https:\/\/leboutiquehotelscollection.com\/wp-content\/uploads\/2021\/08\/mail.svg\" class=\"wpex-align-middle\" alt=\"\" loading=\"lazy\" decoding=\"async\" \/><\/a><\/div><\/figure><\/div><\/div><\/div>[\/vc_column][\/vc_row][vc_row][vc_column css=&#8221;.vc_custom_1628968661048{margin-bottom: 0px !important;}&#8221;][vc_empty_space height=&#8221;60px&#8221;]<div class=\"templatera_shortcode\"><style type=\"text\/css\" data-type=\"vc_shortcodes-custom-css\">.vc_custom_1632728528635{margin-top: 30px !important;}<\/style><div class=\"vc_row wpb_row vc_row-fluid bannier-uptitle-title wpex-vc-full-width-row wpex-vc-full-width-row--no-padding wpex-relative\"><div class=\"wpb_column vc_column_container vc_col-sm-12\"><div class=\"vc_column-inner\"><div class=\"wpb_wrapper\">\n\t<div class=\"wpb_text_column wpb_content_element\" >\n\t\t<div class=\"wpb_wrapper\">\n\t\t\t<p>H\u00d4TELS - APPARTEMENTS - VILLAS<\/p>\n\n\t\t<\/div>\n\t<\/div>\n\n\t<div style=\"text-align:center;\" class=\"wpb_text_column wpb_content_element\" >\n\t\t<div class=\"wpb_wrapper\">\n\t\t\t<h2>Gallery<\/h2>\n\n\t\t<\/div>\n\t<\/div>\n<\/div><\/div><\/div><\/div><div id=\"template-bannier-galerie\" class=\"vc_row wpb_row vc_row-fluid wpex-vc-full-width-row wpex-vc-full-width-row--no-padding wpex-relative\"><div class=\"wpb_column vc_column_container vc_col-sm-12\"><div class=\"vc_column-inner\"><div class=\"wpb_wrapper\"><div class=\"theme-button-wrap textcenter wpex-clr\"><a href=\"https:\/\/leboutiquehotelscollection.com\/en\/gallery\/\" class=\"vcex-button theme-button align-center inline custom-button\"><span class=\"vcex-button-inner theme-button-inner wpex-flex wpex-flex-wrap wpex-items-center wpex-justify-center\">FULL GALLERY<\/span><\/a><\/div> \n\t<div  class=\"wpb_single_image wpb_content_element vc_align_center wpb_content_element vc_custom_1632728528635\">\n\t\t\n\t\t<figure class=\"wpb_wrapper vc_figure\">\n\t\t\t<div class=\"vc_single_image-wrapper   vc_box_border_grey\"><img width=\"1200\" height=\"739\" src=\"https:\/\/leboutiquehotelscollection.com\/wp-content\/uploads\/2021\/08\/boutique-hotel-collection-galerie-photos.jpg\" class=\"vc_single_image-img attachment-full\" alt=\"Boutique Hotel Collection : galerie photo\" title=\"Boutique Hotel Collection : galerie photo\" srcset=\"https:\/\/leboutiquehotelscollection.com\/wp-content\/uploads\/2021\/08\/boutique-hotel-collection-galerie-photos.jpg 1200w, https:\/\/leboutiquehotelscollection.com\/wp-content\/uploads\/2021\/08\/boutique-hotel-collection-galerie-photos-300x185.jpg 300w, https:\/\/leboutiquehotelscollection.com\/wp-content\/uploads\/2021\/08\/boutique-hotel-collection-galerie-photos-1024x631.jpg 1024w, https:\/\/leboutiquehotelscollection.com\/wp-content\/uploads\/2021\/08\/boutique-hotel-collection-galerie-photos-768x473.jpg 768w\" sizes=\"(max-width: 1200px) 100vw, 1200px\" \/><\/div>\n\t\t<\/figure>\n\t<\/div>\n<\/div><\/div><\/div><\/div><\/div>[\/vc_column][\/vc_row]\n<\/div>","protected":false},"excerpt":{"rendered":"","protected":false},"author":1024,"featured_media":0,"parent":0,"menu_order":0,"comment_status":"closed","ping_status":"closed","template":"","meta":{"_acf_changed":false,"inline_featured_image":false,"footnotes":""},"class_list":["post-1211","page","type-page","status-publish","hentry","entry","no-media"],"acf":[],"yoast_head":"<!-- This site is optimized with the Yoast SEO plugin v27.1.1 - https:\/\/yoast.com\/product\/yoast-seo-wordpress\/ -->\n<title>The C\u00f4te d&#039;Azur Hotel School, by EHL - Boutique H\u00f4tels Collection<\/title>\n<meta name=\"robots\" content=\"index, follow, max-snippet:-1, max-image-preview:large, max-video-preview:-1\" \/>\n<link rel=\"canonical\" href=\"https:\/\/leboutiquehotelscollection.com\/en\/the-cote-dazur-hotel-school\/\" \/>\n<meta property=\"og:locale\" content=\"en_US\" \/>\n<meta property=\"og:type\" content=\"article\" \/>\n<meta property=\"og:title\" content=\"The C\u00f4te d&#039;Azur Hotel School, by EHL - Boutique H\u00f4tels Collection\" \/>\n<meta property=\"og:url\" content=\"https:\/\/leboutiquehotelscollection.com\/en\/the-cote-dazur-hotel-school\/\" \/>\n<meta property=\"og:site_name\" content=\"Boutique H\u00f4tels Collection\" \/>\n<meta property=\"article:modified_time\" content=\"2023-04-19T08:16:17+00:00\" \/>\n<meta name=\"twitter:card\" content=\"summary_large_image\" \/>\n<meta name=\"twitter:label1\" content=\"Est. reading time\" \/>\n\t<meta name=\"twitter:data1\" content=\"1 minute\" \/>\n<script type=\"application\/ld+json\" class=\"yoast-schema-graph\">{\"@context\":\"https:\/\/schema.org\",\"@graph\":[{\"@type\":\"WebPage\",\"@id\":\"https:\/\/leboutiquehotelscollection.com\/en\/the-cote-dazur-hotel-school\/\",\"url\":\"https:\/\/leboutiquehotelscollection.com\/en\/the-cote-dazur-hotel-school\/\",\"name\":\"The C\u00f4te d'Azur Hotel School, by EHL - Boutique H\u00f4tels Collection\",\"isPartOf\":{\"@id\":\"https:\/\/leboutiquehotelscollection.com\/#website\"},\"datePublished\":\"2021-08-14T19:18:17+00:00\",\"dateModified\":\"2023-04-19T08:16:17+00:00\",\"breadcrumb\":{\"@id\":\"https:\/\/leboutiquehotelscollection.com\/en\/the-cote-dazur-hotel-school\/#breadcrumb\"},\"inLanguage\":\"en-US\",\"potentialAction\":[{\"@type\":\"ReadAction\",\"target\":[\"https:\/\/leboutiquehotelscollection.com\/en\/the-cote-dazur-hotel-school\/\"]}]},{\"@type\":\"BreadcrumbList\",\"@id\":\"https:\/\/leboutiquehotelscollection.com\/en\/the-cote-dazur-hotel-school\/#breadcrumb\",\"itemListElement\":[{\"@type\":\"ListItem\",\"position\":1,\"name\":\"Accueil\",\"item\":\"https:\/\/leboutiquehotelscollection.com\/en\/\"},{\"@type\":\"ListItem\",\"position\":2,\"name\":\"The C\u00f4te d&#8217;Azur Hotel School, by EHL\"}]},{\"@type\":\"WebSite\",\"@id\":\"https:\/\/leboutiquehotelscollection.com\/#website\",\"url\":\"https:\/\/leboutiquehotelscollection.com\/\",\"name\":\"Boutique H\u00f4tels Collection\",\"description\":\"Exigez l&#039;exceptionnel\",\"publisher\":{\"@id\":\"https:\/\/leboutiquehotelscollection.com\/#organization\"},\"potentialAction\":[{\"@type\":\"SearchAction\",\"target\":{\"@type\":\"EntryPoint\",\"urlTemplate\":\"https:\/\/leboutiquehotelscollection.com\/?s={search_term_string}\"},\"query-input\":{\"@type\":\"PropertyValueSpecification\",\"valueRequired\":true,\"valueName\":\"search_term_string\"}}],\"inLanguage\":\"en-US\"},{\"@type\":\"Organization\",\"@id\":\"https:\/\/leboutiquehotelscollection.com\/#organization\",\"name\":\"Boutique H\u00f4tels Collection\",\"url\":\"https:\/\/leboutiquehotelscollection.com\/\",\"logo\":{\"@type\":\"ImageObject\",\"inLanguage\":\"en-US\",\"@id\":\"https:\/\/leboutiquehotelscollection.com\/#\/schema\/logo\/image\/\",\"url\":\"https:\/\/leboutiquehotelscollection.com\/wp-content\/uploads\/2021\/07\/boutique-hotels-collection-logo.svg\",\"contentUrl\":\"https:\/\/leboutiquehotelscollection.com\/wp-content\/uploads\/2021\/07\/boutique-hotels-collection-logo.svg\",\"caption\":\"Boutique H\u00f4tels Collection\"},\"image\":{\"@id\":\"https:\/\/leboutiquehotelscollection.com\/#\/schema\/logo\/image\/\"}}]}<\/script>\n<!-- \/ Yoast SEO plugin. -->","yoast_head_json":{"title":"The C\u00f4te d'Azur Hotel School, by EHL - Boutique H\u00f4tels Collection","robots":{"index":"index","follow":"follow","max-snippet":"max-snippet:-1","max-image-preview":"max-image-preview:large","max-video-preview":"max-video-preview:-1"},"canonical":"https:\/\/leboutiquehotelscollection.com\/en\/the-cote-dazur-hotel-school\/","og_locale":"en_US","og_type":"article","og_title":"The C\u00f4te d'Azur Hotel School, by EHL - Boutique H\u00f4tels Collection","og_url":"https:\/\/leboutiquehotelscollection.com\/en\/the-cote-dazur-hotel-school\/","og_site_name":"Boutique H\u00f4tels Collection","article_modified_time":"2023-04-19T08:16:17+00:00","twitter_card":"summary_large_image","twitter_misc":{"Est. reading time":"1 minute"},"schema":{"@context":"https:\/\/schema.org","@graph":[{"@type":"WebPage","@id":"https:\/\/leboutiquehotelscollection.com\/en\/the-cote-dazur-hotel-school\/","url":"https:\/\/leboutiquehotelscollection.com\/en\/the-cote-dazur-hotel-school\/","name":"The C\u00f4te d'Azur Hotel School, by EHL - Boutique H\u00f4tels Collection","isPartOf":{"@id":"https:\/\/leboutiquehotelscollection.com\/#website"},"datePublished":"2021-08-14T19:18:17+00:00","dateModified":"2023-04-19T08:16:17+00:00","breadcrumb":{"@id":"https:\/\/leboutiquehotelscollection.com\/en\/the-cote-dazur-hotel-school\/#breadcrumb"},"inLanguage":"en-US","potentialAction":[{"@type":"ReadAction","target":["https:\/\/leboutiquehotelscollection.com\/en\/the-cote-dazur-hotel-school\/"]}]},{"@type":"BreadcrumbList","@id":"https:\/\/leboutiquehotelscollection.com\/en\/the-cote-dazur-hotel-school\/#breadcrumb","itemListElement":[{"@type":"ListItem","position":1,"name":"Accueil","item":"https:\/\/leboutiquehotelscollection.com\/en\/"},{"@type":"ListItem","position":2,"name":"The C\u00f4te d&#8217;Azur Hotel School, by EHL"}]},{"@type":"WebSite","@id":"https:\/\/leboutiquehotelscollection.com\/#website","url":"https:\/\/leboutiquehotelscollection.com\/","name":"Boutique H\u00f4tels Collection","description":"Exigez l&#039;exceptionnel","publisher":{"@id":"https:\/\/leboutiquehotelscollection.com\/#organization"},"potentialAction":[{"@type":"SearchAction","target":{"@type":"EntryPoint","urlTemplate":"https:\/\/leboutiquehotelscollection.com\/?s={search_term_string}"},"query-input":{"@type":"PropertyValueSpecification","valueRequired":true,"valueName":"search_term_string"}}],"inLanguage":"en-US"},{"@type":"Organization","@id":"https:\/\/leboutiquehotelscollection.com\/#organization","name":"Boutique H\u00f4tels Collection","url":"https:\/\/leboutiquehotelscollection.com\/","logo":{"@type":"ImageObject","inLanguage":"en-US","@id":"https:\/\/leboutiquehotelscollection.com\/#\/schema\/logo\/image\/","url":"https:\/\/leboutiquehotelscollection.com\/wp-content\/uploads\/2021\/07\/boutique-hotels-collection-logo.svg","contentUrl":"https:\/\/leboutiquehotelscollection.com\/wp-content\/uploads\/2021\/07\/boutique-hotels-collection-logo.svg","caption":"Boutique H\u00f4tels Collection"},"image":{"@id":"https:\/\/leboutiquehotelscollection.com\/#\/schema\/logo\/image\/"}}]}},"_links":{"self":[{"href":"https:\/\/leboutiquehotelscollection.com\/en\/wp-json\/wp\/v2\/pages\/1211","targetHints":{"allow":["GET"]}}],"collection":[{"href":"https:\/\/leboutiquehotelscollection.com\/en\/wp-json\/wp\/v2\/pages"}],"about":[{"href":"https:\/\/leboutiquehotelscollection.com\/en\/wp-json\/wp\/v2\/types\/page"}],"author":[{"embeddable":true,"href":"https:\/\/leboutiquehotelscollection.com\/en\/wp-json\/wp\/v2\/users\/1024"}],"replies":[{"embeddable":true,"href":"https:\/\/leboutiquehotelscollection.com\/en\/wp-json\/wp\/v2\/comments?post=1211"}],"version-history":[{"count":10,"href":"https:\/\/leboutiquehotelscollection.com\/en\/wp-json\/wp\/v2\/pages\/1211\/revisions"}],"predecessor-version":[{"id":3274,"href":"https:\/\/leboutiquehotelscollection.com\/en\/wp-json\/wp\/v2\/pages\/1211\/revisions\/3274"}],"wp:attachment":[{"href":"https:\/\/leboutiquehotelscollection.com\/en\/wp-json\/wp\/v2\/media?parent=1211"}],"curies":[{"name":"wp","href":"https:\/\/api.w.org\/{rel}","templated":true}]}}