{"id":1045,"date":"2021-08-13T15:58:55","date_gmt":"2021-08-13T13:58:55","guid":{"rendered":"https:\/\/leboutiquehotelscollection.com\/evenements-professionnels-prives\/"},"modified":"2025-12-05T09:32:49","modified_gmt":"2025-12-05T08:32:49","slug":"professional-private-events","status":"publish","type":"page","link":"https:\/\/leboutiquehotelscollection.com\/en\/professional-private-events\/","title":{"rendered":"Professional &#038; Private Events"},"content":{"rendered":"<div class=\"wpb-content-wrapper\">[vc_row full_width=&#8221;stretch_row&#8221; css=&#8221;.vc_custom_1632211269406{background-image: url(https:\/\/leboutiquehotelscollection.com\/wp-content\/uploads\/2021\/09\/visuel-evenements.jpg?id=1439) !important;background-position: center !important;background-repeat: no-repeat !important;background-size: cover !important;}&#8221; el_class=&#8221;bannier-top-image-big&#8221;][vc_column][\/vc_column][\/vc_row][vc_row el_class=&#8221;bannier-uptitle-title&#8221;][vc_column][vc_column_text]IN THE HEART OF OUR HOTELS[\/vc_column_text][vc_column_text text_align=&#8221;center&#8221;]\n<h1>Professional &amp; Private Events<\/h1>\n[\/vc_column_text][\/vc_column][\/vc_row][vc_row remove_bottom_col_margin=&#8221;true&#8221;][vc_column][vc_column_text el_class=&#8221;intro intro-top-page&#8221;]Hold your professional or private event in an exceptional, intimate setting in one of our hotels. For your cocktails, private brunches, business meetings or any other type of event, the Boutique Hotels Collection offers unique spaces tailored to your desires.[\/vc_column_text][\/vc_column][\/vc_row][vc_row][vc_column css=&#8221;.vc_custom_1630674560356{margin-bottom: 0px !important;}&#8221;][vc_empty_space height=&#8221;30px&#8221;]<div class=\"templatera_shortcode\"><div id=\"template-bannier-evenements\" class=\"vc_row wpb_row vc_row-fluid wpex-relative\"><div class=\"wpb_column vc_column_container vc_col-sm-12\"><div class=\"vc_column-inner\"><div class=\"wpb_wrapper\"><div class=\"vcex-module vcex-post-type-grid-wrap wpex-clr\"><div class=\"wpex-row vcex-post-type-grid entries wpex-clr vcex-isotope-grid wpex-overflow-hidden vcex-no-margin-grid match-height-grid\"><div class=\"vcex-post-type-entry vcex-grid-item wpex-clr col span_1_of_3 vcex-isotope-entry vcex-no-margin-entry col-1 entry post-1028 type-evenements has-media\"><div class=\"vcex-post-type-entry-inner entry-inner wpex-first-mt-0 wpex-last-mb-0 wpex-clr\"><div class=\"vcex-post-type-entry-media entry-media wpex-relative\"><img width=\"400\" height=\"400\" src=\"https:\/\/leboutiquehotelscollection.com\/wp-content\/uploads\/2021\/08\/salon-vert.jpg\" class=\"vcex-blog-entry-img wpex-align-middle skip-lazy\" alt=\"Le Salon Rouge, Palais Gallien Bordeaux\" data-no-lazy=\"1\" srcset=\"https:\/\/leboutiquehotelscollection.com\/wp-content\/uploads\/2021\/08\/salon-vert.jpg 400w, https:\/\/leboutiquehotelscollection.com\/wp-content\/uploads\/2021\/08\/salon-vert-300x300.jpg 300w, https:\/\/leboutiquehotelscollection.com\/wp-content\/uploads\/2021\/08\/salon-vert-150x150.jpg 150w\" sizes=\"(max-width: 400px) 100vw, 400px\" \/><\/div><div class=\"vcex-post-type-entry-details entry-details wpex-bordered wpex-first-mt-0 wpex-last-mb-0 wpex-clr\"><div class=\"match-height-content\"><div class=\"vcex-post-type-entry-excerpt entry-excerpt wpex-my-15 wpex-text-pretty wpex-last-mb-0 wpex-clr\"><div class=\"wpb-content-wrapper\"><div class=\"vc_row wpb_row vc_row-fluid wpex-relative\"><div class=\"wpb_column vc_column_container vc_col-sm-12\"><div class=\"vc_column-inner\"><div class=\"wpb_wrapper\">\n\t<div class=\"wpb_text_column wpb_content_element\" >\n\t\t<div class=\"wpb_wrapper\">\n\t\t\t<h2>Salon Vert<\/h2>\n<h3>Le Palais Gallien &#8211; Bordeaux<\/h3>\n<p>12 people in U-shaped seating<br \/>\n25 people with theatre-style seating<br \/>\n30 people for a cocktail event<\/p>\n\n\t\t<\/div>\n\t<\/div>\n\n\t<div  class=\"wpb_single_image wpb_content_element vc_align_ wpb_content_element\">\n\t\t\n\t\t<figure class=\"wpb_wrapper vc_figure\">\n\t\t\t<a href=\"mailto:events@palais-gallien.com\" target=\"_self\" class=\"vc_single_image-wrapper   vc_box_border_grey\"><img width=\"1\" height=\"1\" src=\"https:\/\/leboutiquehotelscollection.com\/wp-content\/uploads\/2021\/08\/mail.svg\" class=\"vc_single_image-img attachment-full\" alt=\"\" title=\"mail\" \/><\/a>\n\t\t<\/figure>\n\t<\/div>\n<\/div><\/div><\/div><\/div>\n<\/div><\/div><\/div><\/div><\/div><\/div><div class=\"vcex-post-type-entry vcex-grid-item wpex-clr col span_1_of_3 vcex-isotope-entry vcex-no-margin-entry col-2 entry post-1029 type-evenements has-media\"><div class=\"vcex-post-type-entry-inner entry-inner wpex-first-mt-0 wpex-last-mb-0 wpex-clr\"><div class=\"vcex-post-type-entry-media entry-media wpex-relative\"><img width=\"400\" height=\"400\" src=\"https:\/\/leboutiquehotelscollection.com\/wp-content\/uploads\/2021\/08\/salon-rouge.jpg\" class=\"vcex-blog-entry-img wpex-align-middle skip-lazy\" alt=\"Le Salon Rouge, Palais Gallien Bordeaux\" data-no-lazy=\"1\" srcset=\"https:\/\/leboutiquehotelscollection.com\/wp-content\/uploads\/2021\/08\/salon-rouge.jpg 400w, https:\/\/leboutiquehotelscollection.com\/wp-content\/uploads\/2021\/08\/salon-rouge-300x300.jpg 300w, https:\/\/leboutiquehotelscollection.com\/wp-content\/uploads\/2021\/08\/salon-rouge-150x150.jpg 150w\" sizes=\"(max-width: 400px) 100vw, 400px\" \/><\/div><div class=\"vcex-post-type-entry-details entry-details wpex-bordered wpex-first-mt-0 wpex-last-mb-0 wpex-clr\"><div class=\"match-height-content\"><div class=\"vcex-post-type-entry-excerpt entry-excerpt wpex-my-15 wpex-text-pretty wpex-last-mb-0 wpex-clr\"><div class=\"wpb-content-wrapper\"><div class=\"vc_row wpb_row vc_row-fluid wpex-relative\"><div class=\"wpb_column vc_column_container vc_col-sm-12\"><div class=\"vc_column-inner\"><div class=\"wpb_wrapper\">\n\t<div class=\"wpb_text_column wpb_content_element\" >\n\t\t<div class=\"wpb_wrapper\">\n\t\t\t<h2>Salon Rouge<\/h2>\n<h3>Le Palais Gallien &#8211; Bordeaux<\/h3>\n<p>10 people in U-shaped seating<br \/>\n15 people with theatre-style seating<br \/>\n20 people for a cocktail event<\/p>\n\n\t\t<\/div>\n\t<\/div>\n\n\t<div  class=\"wpb_single_image wpb_content_element vc_align_ wpb_content_element\">\n\t\t\n\t\t<figure class=\"wpb_wrapper vc_figure\">\n\t\t\t<a href=\"mailto:events@palais-gallien.com\" target=\"_self\" class=\"vc_single_image-wrapper   vc_box_border_grey\"><img width=\"1\" height=\"1\" src=\"https:\/\/leboutiquehotelscollection.com\/wp-content\/uploads\/2021\/08\/mail.svg\" class=\"vc_single_image-img attachment-full\" alt=\"\" title=\"mail\" \/><\/a>\n\t\t<\/figure>\n\t<\/div>\n<\/div><\/div><\/div><\/div>\n<\/div><\/div><\/div><\/div><\/div><\/div><div class=\"vcex-post-type-entry vcex-grid-item wpex-clr col span_1_of_3 vcex-isotope-entry vcex-no-margin-entry col-3 entry post-1030 type-evenements has-media\"><div class=\"vcex-post-type-entry-inner entry-inner wpex-first-mt-0 wpex-last-mb-0 wpex-clr\"><div class=\"vcex-post-type-entry-media entry-media wpex-relative\"><img width=\"400\" height=\"400\" src=\"https:\/\/leboutiquehotelscollection.com\/wp-content\/uploads\/2021\/08\/E525AoJE.jpg\" class=\"vcex-blog-entry-img wpex-align-middle skip-lazy\" alt=\"\" data-no-lazy=\"1\" srcset=\"https:\/\/leboutiquehotelscollection.com\/wp-content\/uploads\/2021\/08\/E525AoJE.jpg 400w, https:\/\/leboutiquehotelscollection.com\/wp-content\/uploads\/2021\/08\/E525AoJE-300x300.jpg 300w, https:\/\/leboutiquehotelscollection.com\/wp-content\/uploads\/2021\/08\/E525AoJE-150x150.jpg 150w\" sizes=\"(max-width: 400px) 100vw, 400px\" \/><\/div><div class=\"vcex-post-type-entry-details entry-details wpex-bordered wpex-first-mt-0 wpex-last-mb-0 wpex-clr\"><div class=\"match-height-content\"><div class=\"vcex-post-type-entry-excerpt entry-excerpt wpex-my-15 wpex-text-pretty wpex-last-mb-0 wpex-clr\"><div class=\"wpb-content-wrapper\"><div class=\"vc_row wpb_row vc_row-fluid wpex-relative\"><div class=\"wpb_column vc_column_container vc_col-sm-12\"><div class=\"vc_column-inner\"><div class=\"wpb_wrapper\">\n\t<div class=\"wpb_text_column wpb_content_element\" >\n\t\t<div class=\"wpb_wrapper\">\n\t\t\t<h2>Salon Turenne &amp; its terrace<\/h2>\n<h3>LePalais Gallien &#8211; Bordeaux<\/h3>\n<p>18 people with U-shaped seating<br \/>\n20 people with theatre-style seating<br \/>\n30 people for a cocktail event<\/p>\n\n\t\t<\/div>\n\t<\/div>\n\n\t<div  class=\"wpb_single_image wpb_content_element vc_align_ wpb_content_element\">\n\t\t\n\t\t<figure class=\"wpb_wrapper vc_figure\">\n\t\t\t<a href=\"mailto:events@palais-gallien.com\" target=\"_self\" class=\"vc_single_image-wrapper   vc_box_border_grey\"><img width=\"1\" height=\"1\" src=\"https:\/\/leboutiquehotelscollection.com\/wp-content\/uploads\/2021\/08\/mail.svg\" class=\"vc_single_image-img attachment-full\" alt=\"\" title=\"mail\" \/><\/a>\n\t\t<\/figure>\n\t<\/div>\n<\/div><\/div><\/div><\/div>\n<\/div><\/div><\/div><\/div><\/div><\/div><div class=\"vcex-post-type-entry vcex-grid-item wpex-clr col span_1_of_3 vcex-isotope-entry vcex-no-margin-entry col-1 entry post-1031 type-evenements has-media\"><div class=\"vcex-post-type-entry-inner entry-inner wpex-first-mt-0 wpex-last-mb-0 wpex-clr\"><div class=\"vcex-post-type-entry-media entry-media wpex-relative\"><img width=\"400\" height=\"400\" src=\"https:\/\/leboutiquehotelscollection.com\/wp-content\/uploads\/2021\/08\/bibliotheque-saint-emilion.jpg\" class=\"vcex-blog-entry-img wpex-align-middle skip-lazy\" alt=\"Biblioth\u00e8que Saint \u00c9milion, Boutique H\u00f4tel Bordeaux\" data-no-lazy=\"1\" srcset=\"https:\/\/leboutiquehotelscollection.com\/wp-content\/uploads\/2021\/08\/bibliotheque-saint-emilion.jpg 400w, https:\/\/leboutiquehotelscollection.com\/wp-content\/uploads\/2021\/08\/bibliotheque-saint-emilion-300x300.jpg 300w, https:\/\/leboutiquehotelscollection.com\/wp-content\/uploads\/2021\/08\/bibliotheque-saint-emilion-150x150.jpg 150w\" sizes=\"(max-width: 400px) 100vw, 400px\" \/><\/div><div class=\"vcex-post-type-entry-details entry-details wpex-bordered wpex-first-mt-0 wpex-last-mb-0 wpex-clr\"><div class=\"match-height-content\"><div class=\"vcex-post-type-entry-excerpt entry-excerpt wpex-my-15 wpex-text-pretty wpex-last-mb-0 wpex-clr\"><div class=\"wpb-content-wrapper\"><div class=\"vc_row wpb_row vc_row-fluid wpex-relative\"><div class=\"wpb_column vc_column_container vc_col-sm-12\"><div class=\"vc_column-inner\"><div class=\"wpb_wrapper\">\n\t<div class=\"wpb_text_column wpb_content_element\" >\n\t\t<div class=\"wpb_wrapper\">\n\t\t\t<h2>La Verri\u00e8re &amp; son jardin<\/h2>\n<h3>Boutique Hotel Bordeaux<\/h3>\n<p>25 people with U-shaped seating<br \/>\n15 people with theatre-style seating<br \/>\n70 people for a cocktail event<\/p>\n\n\t\t<\/div>\n\t<\/div>\n\n\t<div  class=\"wpb_single_image wpb_content_element vc_align_ wpb_content_element\">\n\t\t\n\t\t<figure class=\"wpb_wrapper vc_figure\">\n\t\t\t<a href=\"mailto:events@lebhb.com\" target=\"_self\" class=\"vc_single_image-wrapper   vc_box_border_grey\"><img width=\"1\" height=\"1\" src=\"https:\/\/leboutiquehotelscollection.com\/wp-content\/uploads\/2021\/08\/mail.svg\" class=\"vc_single_image-img attachment-full\" alt=\"\" title=\"mail\" \/><\/a>\n\t\t<\/figure>\n\t<\/div>\n<\/div><\/div><\/div><\/div>\n<\/div><\/div><\/div><\/div><\/div><\/div><div class=\"vcex-post-type-entry vcex-grid-item wpex-clr col span_1_of_3 vcex-isotope-entry vcex-no-margin-entry col-2 entry post-1032 type-evenements has-media\"><div class=\"vcex-post-type-entry-inner entry-inner wpex-first-mt-0 wpex-last-mb-0 wpex-clr\"><div class=\"vcex-post-type-entry-media entry-media wpex-relative\"><img width=\"400\" height=\"400\" src=\"https:\/\/leboutiquehotelscollection.com\/wp-content\/uploads\/2021\/08\/jardin-villa-mauresque02.jpg\" class=\"vcex-blog-entry-img wpex-align-middle skip-lazy\" alt=\"Les Jardins de la villa Mauresque &amp; son restaurant, Le Bougainvillier\" data-no-lazy=\"1\" srcset=\"https:\/\/leboutiquehotelscollection.com\/wp-content\/uploads\/2021\/08\/jardin-villa-mauresque02.jpg 400w, https:\/\/leboutiquehotelscollection.com\/wp-content\/uploads\/2021\/08\/jardin-villa-mauresque02-300x300.jpg 300w, https:\/\/leboutiquehotelscollection.com\/wp-content\/uploads\/2021\/08\/jardin-villa-mauresque02-150x150.jpg 150w\" sizes=\"(max-width: 400px) 100vw, 400px\" \/><\/div><div class=\"vcex-post-type-entry-details entry-details wpex-bordered wpex-first-mt-0 wpex-last-mb-0 wpex-clr\"><div class=\"match-height-content\"><div class=\"vcex-post-type-entry-excerpt entry-excerpt wpex-my-15 wpex-text-pretty wpex-last-mb-0 wpex-clr\"><div class=\"wpb-content-wrapper\"><div class=\"vc_row wpb_row vc_row-fluid wpex-relative\"><div class=\"wpb_column vc_column_container vc_col-sm-12\"><div class=\"vc_column-inner\"><div class=\"wpb_wrapper\">\n\t<div class=\"wpb_text_column wpb_content_element\" >\n\t\t<div class=\"wpb_wrapper\">\n\t\t\t<h2>The Gardens of the Villa Mauresque and its restaurant, Le Bougainvillier<\/h2>\n<h3>Saint-Rapha\u00ebl<\/h3>\n<p>Layout options available upon request.<\/p>\n\n\t\t<\/div>\n\t<\/div>\n\n\t<div  class=\"wpb_single_image wpb_content_element vc_align_ wpb_content_element\">\n\t\t\n\t\t<figure class=\"wpb_wrapper vc_figure\">\n\t\t\t<a href=\"mailto:events@villa-mauresque.com\" target=\"_self\" class=\"vc_single_image-wrapper   vc_box_border_grey\"><img width=\"1\" height=\"1\" src=\"https:\/\/leboutiquehotelscollection.com\/wp-content\/uploads\/2021\/08\/mail.svg\" class=\"vc_single_image-img attachment-full\" alt=\"\" title=\"mail\" \/><\/a>\n\t\t<\/figure>\n\t<\/div>\n<\/div><\/div><\/div><\/div>\n<\/div><\/div><\/div><\/div><\/div><\/div><div class=\"vcex-post-type-entry vcex-grid-item wpex-clr col span_1_of_3 vcex-isotope-entry vcex-no-margin-entry col-3 entry post-4301 type-evenements has-media\"><div class=\"vcex-post-type-entry-inner entry-inner wpex-first-mt-0 wpex-last-mb-0 wpex-clr\"><div class=\"vcex-post-type-entry-media entry-media wpex-relative\"><img width=\"400\" height=\"400\" src=\"https:\/\/leboutiquehotelscollection.com\/wp-content\/uploads\/2025\/12\/boutique-hotel-collection-seminaires.jpg\" class=\"vcex-blog-entry-img wpex-align-middle skip-lazy\" alt=\"\" data-no-lazy=\"1\" srcset=\"https:\/\/leboutiquehotelscollection.com\/wp-content\/uploads\/2025\/12\/boutique-hotel-collection-seminaires.jpg 400w, https:\/\/leboutiquehotelscollection.com\/wp-content\/uploads\/2025\/12\/boutique-hotel-collection-seminaires-300x300.jpg 300w, https:\/\/leboutiquehotelscollection.com\/wp-content\/uploads\/2025\/12\/boutique-hotel-collection-seminaires-150x150.jpg 150w\" sizes=\"(max-width: 400px) 100vw, 400px\" \/><\/div><div class=\"vcex-post-type-entry-details entry-details wpex-bordered wpex-first-mt-0 wpex-last-mb-0 wpex-clr\"><div class=\"match-height-content\"><div class=\"vcex-post-type-entry-excerpt entry-excerpt wpex-my-15 wpex-text-pretty wpex-last-mb-0 wpex-clr\"><div class=\"wpb-content-wrapper\"><div class=\"vc_row wpb_row vc_row-fluid wpex-relative\"><div class=\"wpb_column vc_column_container vc_col-sm-12\"><div class=\"vc_column-inner\"><div class=\"wpb_wrapper\">\n\t<div class=\"wpb_text_column wpb_content_element\" >\n\t\t<div class=\"wpb_wrapper\">\n\t\t\t<h2>Salle de s\u00e9minaire<\/h2>\n<h3>Les Vagues H\u00f4tel &amp; Spa<\/h3>\n<p>30 personnes en disposition th\u00e9\u00e2tre<br \/>\n15 personnes en disposition U<br \/>\n70 personnes en disposition cocktail<\/p>\n\n\t\t<\/div>\n\t<\/div>\n\n\t<div  class=\"wpb_single_image wpb_content_element vc_align_ wpb_content_element\">\n\t\t\n\t\t<figure class=\"wpb_wrapper vc_figure\">\n\t\t\t<a href=\"mailto:events@lesvagues.fr\" target=\"_self\" class=\"vc_single_image-wrapper   vc_box_border_grey\"><img width=\"1\" height=\"1\" src=\"https:\/\/leboutiquehotelscollection.com\/wp-content\/uploads\/2021\/08\/mail.svg\" class=\"vc_single_image-img attachment-full\" alt=\"\" title=\"mail\" \/><\/a>\n\t\t<\/figure>\n\t<\/div>\n<\/div><\/div><\/div><\/div>\n<\/div><\/div><\/div><\/div><\/div><\/div><\/div><\/div><\/div><\/div><\/div><\/div><\/div>[vc_column_text css=&#8221;&#8221; text_align=&#8221;center&#8221;]Il est tout \u00e0 fait possible d\u2019organiser vos \u00e9v\u00e9nements priv\u00e9s ou professionnels dans nos villas.<br \/>\nDans tous nos h\u00f4tels, l\u2019ensemble du mat\u00e9riel n\u00e9cessaire \u00e0 votre r\u00e9union vous est fourni.<br \/>\n<strong>Pour toute demande ou r\u00e9servation, contactez nous<br \/>\n<\/strong><a href=\"mailto:villas@groupeatlas.fr\">villas@groupeatlas.fr<\/a>\u00a0\/ <a href=\"tel:+33649728718\">06 49 72 87 18<\/a>[\/vc_column_text][vc_empty_space height=&#8221;30px&#8221;][\/vc_column][\/vc_row][vc_row][vc_column css=&#8221;.vc_custom_1628957662741{margin-bottom: 0px !important;}&#8221;]<div class=\"templatera_shortcode\"><style type=\"text\/css\" data-type=\"vc_shortcodes-custom-css\">.vc_custom_1632728528635{margin-top: 30px !important;}<\/style><div class=\"vc_row wpb_row vc_row-fluid bannier-uptitle-title wpex-vc-full-width-row wpex-vc-full-width-row--no-padding wpex-relative\"><div class=\"wpb_column vc_column_container vc_col-sm-12\"><div class=\"vc_column-inner\"><div class=\"wpb_wrapper\">\n\t<div class=\"wpb_text_column wpb_content_element\" >\n\t\t<div class=\"wpb_wrapper\">\n\t\t\t<p>H\u00d4TELS - APPARTEMENTS - VILLAS<\/p>\n\n\t\t<\/div>\n\t<\/div>\n\n\t<div style=\"text-align:center;\" class=\"wpb_text_column wpb_content_element\" >\n\t\t<div class=\"wpb_wrapper\">\n\t\t\t<h2>Gallery<\/h2>\n\n\t\t<\/div>\n\t<\/div>\n<\/div><\/div><\/div><\/div><div id=\"template-bannier-galerie\" class=\"vc_row wpb_row vc_row-fluid wpex-vc-full-width-row wpex-vc-full-width-row--no-padding wpex-relative\"><div class=\"wpb_column vc_column_container vc_col-sm-12\"><div class=\"vc_column-inner\"><div class=\"wpb_wrapper\"><div class=\"theme-button-wrap textcenter wpex-clr\"><a href=\"https:\/\/leboutiquehotelscollection.com\/en\/gallery\/\" class=\"vcex-button theme-button align-center inline custom-button\"><span class=\"vcex-button-inner theme-button-inner wpex-flex wpex-flex-wrap wpex-items-center wpex-justify-center\">FULL GALLERY<\/span><\/a><\/div> \n\t<div  class=\"wpb_single_image wpb_content_element vc_align_center wpb_content_element vc_custom_1632728528635\">\n\t\t\n\t\t<figure class=\"wpb_wrapper vc_figure\">\n\t\t\t<div class=\"vc_single_image-wrapper   vc_box_border_grey\"><img width=\"1200\" height=\"739\" src=\"https:\/\/leboutiquehotelscollection.com\/wp-content\/uploads\/2021\/08\/boutique-hotel-collection-galerie-photos.jpg\" class=\"vc_single_image-img attachment-full\" alt=\"Boutique Hotel Collection : galerie photo\" title=\"Boutique Hotel Collection : galerie photo\" srcset=\"https:\/\/leboutiquehotelscollection.com\/wp-content\/uploads\/2021\/08\/boutique-hotel-collection-galerie-photos.jpg 1200w, https:\/\/leboutiquehotelscollection.com\/wp-content\/uploads\/2021\/08\/boutique-hotel-collection-galerie-photos-300x185.jpg 300w, https:\/\/leboutiquehotelscollection.com\/wp-content\/uploads\/2021\/08\/boutique-hotel-collection-galerie-photos-1024x631.jpg 1024w, https:\/\/leboutiquehotelscollection.com\/wp-content\/uploads\/2021\/08\/boutique-hotel-collection-galerie-photos-768x473.jpg 768w\" sizes=\"(max-width: 1200px) 100vw, 1200px\" \/><\/div>\n\t\t<\/figure>\n\t<\/div>\n<\/div><\/div><\/div><\/div><\/div>[\/vc_column][\/vc_row]\n<\/div>","protected":false},"excerpt":{"rendered":"Salle de s\u00e9minaire Les Vagues H\u00f4tel &amp; Spa 30 personnes en disposition th\u00e9\u00e2tre 15 personnes en disposition U 70 personnes en disposition cocktail","protected":false},"author":1024,"featured_media":0,"parent":0,"menu_order":0,"comment_status":"closed","ping_status":"closed","template":"","meta":{"_acf_changed":false,"inline_featured_image":false,"footnotes":""},"class_list":["post-1045","page","type-page","status-publish","hentry","entry","has-media"],"acf":[],"yoast_head":"<!-- This site is optimized with the Yoast SEO plugin v27.1.1 - https:\/\/yoast.com\/product\/yoast-seo-wordpress\/ -->\n<title>Professional &amp; Private Events - Boutique H\u00f4tels Collection<\/title>\n<meta name=\"robots\" content=\"index, follow, max-snippet:-1, max-image-preview:large, max-video-preview:-1\" \/>\n<link rel=\"canonical\" href=\"https:\/\/leboutiquehotelscollection.com\/en\/professional-private-events\/\" \/>\n<meta property=\"og:locale\" content=\"en_US\" \/>\n<meta property=\"og:type\" content=\"article\" \/>\n<meta property=\"og:title\" content=\"Professional &amp; Private Events - Boutique H\u00f4tels Collection\" \/>\n<meta property=\"og:url\" content=\"https:\/\/leboutiquehotelscollection.com\/en\/professional-private-events\/\" \/>\n<meta property=\"og:site_name\" content=\"Boutique H\u00f4tels Collection\" \/>\n<meta property=\"article:modified_time\" content=\"2025-12-05T08:32:49+00:00\" \/>\n<meta name=\"twitter:card\" content=\"summary_large_image\" \/>\n<meta name=\"twitter:label1\" content=\"Est. reading time\" \/>\n\t<meta name=\"twitter:data1\" content=\"1 minute\" \/>\n<script type=\"application\/ld+json\" class=\"yoast-schema-graph\">{\"@context\":\"https:\/\/schema.org\",\"@graph\":[{\"@type\":\"WebPage\",\"@id\":\"https:\/\/leboutiquehotelscollection.com\/en\/professional-private-events\/\",\"url\":\"https:\/\/leboutiquehotelscollection.com\/en\/professional-private-events\/\",\"name\":\"Professional & Private Events - Boutique H\u00f4tels Collection\",\"isPartOf\":{\"@id\":\"https:\/\/leboutiquehotelscollection.com\/#website\"},\"datePublished\":\"2021-08-13T13:58:55+00:00\",\"dateModified\":\"2025-12-05T08:32:49+00:00\",\"breadcrumb\":{\"@id\":\"https:\/\/leboutiquehotelscollection.com\/en\/professional-private-events\/#breadcrumb\"},\"inLanguage\":\"en-US\",\"potentialAction\":[{\"@type\":\"ReadAction\",\"target\":[\"https:\/\/leboutiquehotelscollection.com\/en\/professional-private-events\/\"]}]},{\"@type\":\"BreadcrumbList\",\"@id\":\"https:\/\/leboutiquehotelscollection.com\/en\/professional-private-events\/#breadcrumb\",\"itemListElement\":[{\"@type\":\"ListItem\",\"position\":1,\"name\":\"Accueil\",\"item\":\"https:\/\/leboutiquehotelscollection.com\/en\/\"},{\"@type\":\"ListItem\",\"position\":2,\"name\":\"Professional &#038; Private Events\"}]},{\"@type\":\"WebSite\",\"@id\":\"https:\/\/leboutiquehotelscollection.com\/#website\",\"url\":\"https:\/\/leboutiquehotelscollection.com\/\",\"name\":\"Boutique H\u00f4tels Collection\",\"description\":\"Exigez l&#039;exceptionnel\",\"publisher\":{\"@id\":\"https:\/\/leboutiquehotelscollection.com\/#organization\"},\"potentialAction\":[{\"@type\":\"SearchAction\",\"target\":{\"@type\":\"EntryPoint\",\"urlTemplate\":\"https:\/\/leboutiquehotelscollection.com\/?s={search_term_string}\"},\"query-input\":{\"@type\":\"PropertyValueSpecification\",\"valueRequired\":true,\"valueName\":\"search_term_string\"}}],\"inLanguage\":\"en-US\"},{\"@type\":\"Organization\",\"@id\":\"https:\/\/leboutiquehotelscollection.com\/#organization\",\"name\":\"Boutique H\u00f4tels Collection\",\"url\":\"https:\/\/leboutiquehotelscollection.com\/\",\"logo\":{\"@type\":\"ImageObject\",\"inLanguage\":\"en-US\",\"@id\":\"https:\/\/leboutiquehotelscollection.com\/#\/schema\/logo\/image\/\",\"url\":\"https:\/\/leboutiquehotelscollection.com\/wp-content\/uploads\/2021\/07\/boutique-hotels-collection-logo.svg\",\"contentUrl\":\"https:\/\/leboutiquehotelscollection.com\/wp-content\/uploads\/2021\/07\/boutique-hotels-collection-logo.svg\",\"caption\":\"Boutique H\u00f4tels Collection\"},\"image\":{\"@id\":\"https:\/\/leboutiquehotelscollection.com\/#\/schema\/logo\/image\/\"}}]}<\/script>\n<!-- \/ Yoast SEO plugin. -->","yoast_head_json":{"title":"Professional & Private Events - Boutique H\u00f4tels Collection","robots":{"index":"index","follow":"follow","max-snippet":"max-snippet:-1","max-image-preview":"max-image-preview:large","max-video-preview":"max-video-preview:-1"},"canonical":"https:\/\/leboutiquehotelscollection.com\/en\/professional-private-events\/","og_locale":"en_US","og_type":"article","og_title":"Professional & Private Events - Boutique H\u00f4tels Collection","og_url":"https:\/\/leboutiquehotelscollection.com\/en\/professional-private-events\/","og_site_name":"Boutique H\u00f4tels Collection","article_modified_time":"2025-12-05T08:32:49+00:00","twitter_card":"summary_large_image","twitter_misc":{"Est. reading time":"1 minute"},"schema":{"@context":"https:\/\/schema.org","@graph":[{"@type":"WebPage","@id":"https:\/\/leboutiquehotelscollection.com\/en\/professional-private-events\/","url":"https:\/\/leboutiquehotelscollection.com\/en\/professional-private-events\/","name":"Professional & Private Events - Boutique H\u00f4tels Collection","isPartOf":{"@id":"https:\/\/leboutiquehotelscollection.com\/#website"},"datePublished":"2021-08-13T13:58:55+00:00","dateModified":"2025-12-05T08:32:49+00:00","breadcrumb":{"@id":"https:\/\/leboutiquehotelscollection.com\/en\/professional-private-events\/#breadcrumb"},"inLanguage":"en-US","potentialAction":[{"@type":"ReadAction","target":["https:\/\/leboutiquehotelscollection.com\/en\/professional-private-events\/"]}]},{"@type":"BreadcrumbList","@id":"https:\/\/leboutiquehotelscollection.com\/en\/professional-private-events\/#breadcrumb","itemListElement":[{"@type":"ListItem","position":1,"name":"Accueil","item":"https:\/\/leboutiquehotelscollection.com\/en\/"},{"@type":"ListItem","position":2,"name":"Professional &#038; Private Events"}]},{"@type":"WebSite","@id":"https:\/\/leboutiquehotelscollection.com\/#website","url":"https:\/\/leboutiquehotelscollection.com\/","name":"Boutique H\u00f4tels Collection","description":"Exigez l&#039;exceptionnel","publisher":{"@id":"https:\/\/leboutiquehotelscollection.com\/#organization"},"potentialAction":[{"@type":"SearchAction","target":{"@type":"EntryPoint","urlTemplate":"https:\/\/leboutiquehotelscollection.com\/?s={search_term_string}"},"query-input":{"@type":"PropertyValueSpecification","valueRequired":true,"valueName":"search_term_string"}}],"inLanguage":"en-US"},{"@type":"Organization","@id":"https:\/\/leboutiquehotelscollection.com\/#organization","name":"Boutique H\u00f4tels Collection","url":"https:\/\/leboutiquehotelscollection.com\/","logo":{"@type":"ImageObject","inLanguage":"en-US","@id":"https:\/\/leboutiquehotelscollection.com\/#\/schema\/logo\/image\/","url":"https:\/\/leboutiquehotelscollection.com\/wp-content\/uploads\/2021\/07\/boutique-hotels-collection-logo.svg","contentUrl":"https:\/\/leboutiquehotelscollection.com\/wp-content\/uploads\/2021\/07\/boutique-hotels-collection-logo.svg","caption":"Boutique H\u00f4tels Collection"},"image":{"@id":"https:\/\/leboutiquehotelscollection.com\/#\/schema\/logo\/image\/"}}]}},"_links":{"self":[{"href":"https:\/\/leboutiquehotelscollection.com\/en\/wp-json\/wp\/v2\/pages\/1045","targetHints":{"allow":["GET"]}}],"collection":[{"href":"https:\/\/leboutiquehotelscollection.com\/en\/wp-json\/wp\/v2\/pages"}],"about":[{"href":"https:\/\/leboutiquehotelscollection.com\/en\/wp-json\/wp\/v2\/types\/page"}],"author":[{"embeddable":true,"href":"https:\/\/leboutiquehotelscollection.com\/en\/wp-json\/wp\/v2\/users\/1024"}],"replies":[{"embeddable":true,"href":"https:\/\/leboutiquehotelscollection.com\/en\/wp-json\/wp\/v2\/comments?post=1045"}],"version-history":[{"count":7,"href":"https:\/\/leboutiquehotelscollection.com\/en\/wp-json\/wp\/v2\/pages\/1045\/revisions"}],"predecessor-version":[{"id":4313,"href":"https:\/\/leboutiquehotelscollection.com\/en\/wp-json\/wp\/v2\/pages\/1045\/revisions\/4313"}],"wp:attachment":[{"href":"https:\/\/leboutiquehotelscollection.com\/en\/wp-json\/wp\/v2\/media?parent=1045"}],"curies":[{"name":"wp","href":"https:\/\/api.w.org\/{rel}","templated":true}]}}