{"id":2932,"date":"2023-03-06T16:15:35","date_gmt":"2023-03-06T15:15:35","guid":{"rendered":"https:\/\/leboutiquehotelscollection.com\/?page_id=2932"},"modified":"2026-02-12T14:35:17","modified_gmt":"2026-02-12T13:35:17","slug":"unsere-csr-politik","status":"publish","type":"page","link":"https:\/\/leboutiquehotelscollection.com\/de\/unsere-csr-politik\/","title":{"rendered":"Unsere CSR-Politik"},"content":{"rendered":"<div class=\"wpb-content-wrapper\">[vc_row][vc_column][vc_column_text]\n<h2 style=\"text-align: center;\">Was ist CSR ?<\/h2>\n[\/vc_column_text][vc_column_text]\n<p style=\"text-align: center;\">CSR hat zum Ziel, soziale Belange besser zu integrieren und die nachhaltige Entwicklung auf Unternehmensebene umzusetzen.<br \/>\nKonkret bedeutet dies, sich um den Schutz der Umwelt zu bem\u00fchen und Initiativen im sozialen Bereich zu ergreifen.<\/p>\n[\/vc_column_text][\/vc_column][\/vc_row][vc_row][vc_column][vc_column_text]\n<h2>Unsere Umweltpolitik<\/h2>\n[\/vc_column_text][vc_column_text css=&#8220;&#8220;]\n<p data-start=\"0\" data-end=\"187\">Im Jahr 2026 hat die LBHC-Gruppe die Green-Key-Zertifizierung f\u00fcr das Palais Gallien H\u00f4tel &amp; Spa, das Boutique H\u00f4tel &amp; Spa, das Grand Large H\u00f4tel &amp; Spa sowie die Villa Mauresque erneuert.<\/p>\n<p data-start=\"189\" data-end=\"296\">Das Green-Key-Label ist die f\u00fchrende Umweltzertifizierung, die Ma\u00dfnahmen zum Schutz der Umwelt auszeichnet.<\/p>\n<p data-start=\"298\" data-end=\"346\">Unsere wichtigsten Ma\u00dfnahmen sind die folgenden:<\/p>\n<p data-start=\"348\" data-end=\"678\"><strong data-start=\"348\" data-end=\"403\">Nachhaltige und verantwortungsbewusste Beschaffung:<\/strong> Zus\u00e4tzlich zu energieeffizienten Elektroger\u00e4ten haben wir unsere Hotels mit Trockendampf-Reinigungs- und Desinfektionsger\u00e4ten ausgestattet. Diese tragen dazu bei, chemische Reinigungsmittel zu vermeiden und die k\u00f6rperliche Belastung unserer Housekeeping-Teams zu reduzieren.<\/p>\n<p data-start=\"680\" data-end=\"940\"><strong data-start=\"680\" data-end=\"718\">Einsparung von Wasser und Energie:<\/strong> Wir haben Zeitschaltuhren f\u00fcr die Beleuchtung sowie Wassersparsysteme installiert. Zudem sensibilisieren wir unsere G\u00e4ste f\u00fcr umweltfreundliches Verhalten und ermutigen sie, ihren Wasser- und Stromverbrauch zu reduzieren.<\/p>\n<p data-start=\"942\" data-end=\"1194\"><strong data-start=\"942\" data-end=\"977\">Sensibilisierung des Personals:<\/strong> Green-Key-Beauftragte wurden ernannt und zu den Themen der nachhaltigen Entwicklung geschult. Alle Mitarbeitenden erhalten j\u00e4hrlich eine Informationsmitteilung \u00fcber die im Betrieb umgesetzte Nachhaltigkeitsstrategie.<\/p>\n<p data-start=\"1196\" data-end=\"1519\" data-is-last-node=\"\" data-is-only-node=\"\"><strong data-start=\"1196\" data-end=\"1217\">Abfallmanagement:<\/strong> Im Boutique H\u00f4tel &amp; Spa arbeiten wir mit innovativen Partnern zusammen, um nicht konsumierte Lebensmittel weiterzugeben und so Lebensmittelverschwendung zu bek\u00e4mpfen. In all unseren Betrieben achten wir auf eine konsequente M\u00fclltrennung und messen das Abfallvolumen mit dem Ziel, dieses zu reduzieren.<\/p>\n[\/vc_column_text][vc_empty_space][\/vc_column][\/vc_row][vc_row][vc_column][vc_column_text]\n<h2>Unsere Gesellschaftspolitik<\/h2>\n[\/vc_column_text][vc_column_text]Wir bekennen uns zu Werten wie Teilen, Engagement, Weitergabe und Gro\u00dfz\u00fcgigkeit. Das Teilen unseres Know-hows und unserer Kompetenzen, die Weitergabe unserer Ideen und unseres Wissens f\u00f6rdern ein Vertrauensverh\u00e4ltnis und erm\u00f6glichen es, jedes Projekt zum Erfolg zu f\u00fchren. Die Werte, die wir verk\u00f6rpern, tragen zu einem pers\u00f6nlichen Empfang unserer G\u00e4ste bei, wozu auch eine gewisse N\u00e4he zu ihnen geh\u00f6rt, die eine echte Signatur der Gruppe darstellt.<\/p>\n<p>LBHC ist auch eine expandierende Unternehmensgruppe, die ihren Mitarbeitern interne und geografische Entwicklungsm\u00f6glichkeiten bietet. Unsere Teams k\u00fcmmern sich t\u00e4glich um die Ausbildung von Auszubildenden und Praktikanten, um ihnen alle Werkzeuge in die Hand zu geben, mit der M\u00f6glichkeit einer anschlie\u00dfenden Anstellung.<br \/>\nUnser neues Projekt, die Er\u00f6ffnung der EHCA-Hotelfachschule an der C\u00f4te d&#8217;Azur, spiegelt unsere Werte wider: die Kompetenzen junger Talente in den Vordergrund zu stellen und sie zur Entwicklung unserer Projekte beitragen zu lassen.<\/p>\n<p>Um auf unsere Mitarbeiter und ihre Integration zu achten, f\u00fchren wir Veranstaltungen und Teambuildings durch, die den Teamzusammenhalt f\u00f6rdern. Die St\u00e4rkung des Zusammenhalts durch eine gute Kommunikation ist auch das Ziel des intern verbreiteten Newsletters, der es jedem erm\u00f6glicht, den Fortschritt der Projekte der Gruppe zu verfolgen.<br \/>\nUnser Engagement f\u00fcr die Umwelt tr\u00e4gt ebenfalls dazu bei, das Wohlbefinden unserer Mitarbeiter am Arbeitsplatz zu verbessern, insbesondere durch die Verwendung von \u00f6kozertifizierten Produkten, die weniger gesundheitssch\u00e4dlich sind.<br \/>\nUm die Organisation und das Zeitmanagement zu optimieren, haben wir eine HRIS-Software (Human Resources Information System) eingef\u00fchrt. Damit werden bestimmte Aufgaben automatisiert und erleichtert, z. B. die Aktualisierung der HR-Akten der Mitarbeiter, die Verwaltung von Urlaub usw. Dieses System bietet eine bessere Betreuung der Mitarbeiter, wodurch die Leistung der Teams verbessert wird.<\/p>\n<p>Schlie\u00dflich achten wir bei der Einstellung von Mitarbeitern auf Inklusion und Vielfalt innerhalb unserer Teams. Dies ist ein wesentlicher Vorteil in einem Konzern mit internationaler Kundschaft.[\/vc_column_text][vc_empty_space]<figure class=\"vcex-image vcex-module wpex-text-center\"><div class=\"vcex-image-inner wpex-relative wpex-inline-block\"><img width=\"500\" height=\"500\" src=\"https:\/\/leboutiquehotelscollection.com\/wp-content\/uploads\/2023\/03\/2.png\" class=\"vcex-image-img wpex-align-middle\" alt=\"\" loading=\"lazy\" decoding=\"async\" srcset=\"https:\/\/leboutiquehotelscollection.com\/wp-content\/uploads\/2023\/03\/2.png 500w, https:\/\/leboutiquehotelscollection.com\/wp-content\/uploads\/2023\/03\/2-300x300.png 300w, https:\/\/leboutiquehotelscollection.com\/wp-content\/uploads\/2023\/03\/2-150x150.png 150w\" sizes=\"auto, (max-width: 500px) 100vw, 500px\" \/><\/div><\/figure>[\/vc_column][\/vc_row]\n<\/div>","protected":false},"excerpt":{"rendered":"<p>[vc_row][vc_column][vc_column_text] Was ist CSR ? [\/vc_column_text][vc_column_text] CSR hat zum Ziel, soziale Belange besser zu integrieren und die nachhaltige Entwicklung auf Unternehmensebene umzusetzen. Konkret bedeutet dies, sich um den Schutz der Umwelt zu bem\u00fchen und Initiativen im sozialen Bereich zu ergreifen. [\/vc_column_text][\/vc_column][\/vc_row][vc_row][vc_column][vc_column_text] Unsere Umweltpolitik [\/vc_column_text][vc_column_text css=&#8220;&#8220;] Im Jahr 2026 hat die LBHC-Gruppe die Green-Key-Zertifizierung f\u00fcr das&hellip;<\/p>\n","protected":false},"author":1024,"featured_media":0,"parent":0,"menu_order":0,"comment_status":"closed","ping_status":"closed","template":"","meta":{"_acf_changed":false,"inline_featured_image":false,"footnotes":""},"class_list":["post-2932","page","type-page","status-publish","hentry","entry","no-media"],"acf":[],"yoast_head":"<!-- This site is optimized with the Yoast SEO plugin v27.1.1 - https:\/\/yoast.com\/product\/yoast-seo-wordpress\/ -->\n<title>Unsere CSR-Politik - Boutique H\u00f4tels Collection<\/title>\n<meta name=\"robots\" content=\"index, follow, max-snippet:-1, max-image-preview:large, max-video-preview:-1\" \/>\n<link rel=\"canonical\" href=\"https:\/\/leboutiquehotelscollection.com\/de\/unsere-csr-politik\/\" \/>\n<meta property=\"og:locale\" content=\"de_DE\" \/>\n<meta property=\"og:type\" content=\"article\" \/>\n<meta property=\"og:title\" content=\"Unsere CSR-Politik - Boutique H\u00f4tels Collection\" \/>\n<meta property=\"og:description\" content=\"[vc_row][vc_column][vc_column_text] Was ist CSR ? [\/vc_column_text][vc_column_text] CSR hat zum Ziel, soziale Belange besser zu integrieren und die nachhaltige Entwicklung auf Unternehmensebene umzusetzen. Konkret bedeutet dies, sich um den Schutz der Umwelt zu bem\u00fchen und Initiativen im sozialen Bereich zu ergreifen. [\/vc_column_text][\/vc_column][\/vc_row][vc_row][vc_column][vc_column_text] Unsere Umweltpolitik [\/vc_column_text][vc_column_text css=&#8220;&#8220;] Im Jahr 2026 hat die LBHC-Gruppe die Green-Key-Zertifizierung f\u00fcr das&hellip;\" \/>\n<meta property=\"og:url\" content=\"https:\/\/leboutiquehotelscollection.com\/de\/unsere-csr-politik\/\" \/>\n<meta property=\"og:site_name\" content=\"Boutique H\u00f4tels Collection\" \/>\n<meta property=\"article:modified_time\" content=\"2026-02-12T13:35:17+00:00\" \/>\n<meta name=\"twitter:card\" content=\"summary_large_image\" \/>\n<meta name=\"twitter:label1\" content=\"Gesch\u00e4tzte Lesezeit\" \/>\n\t<meta name=\"twitter:data1\" content=\"3\u00a0Minuten\" \/>\n<script type=\"application\/ld+json\" class=\"yoast-schema-graph\">{\"@context\":\"https:\/\/schema.org\",\"@graph\":[{\"@type\":\"WebPage\",\"@id\":\"https:\/\/leboutiquehotelscollection.com\/de\/unsere-csr-politik\/\",\"url\":\"https:\/\/leboutiquehotelscollection.com\/de\/unsere-csr-politik\/\",\"name\":\"Unsere CSR-Politik - Boutique H\u00f4tels Collection\",\"isPartOf\":{\"@id\":\"https:\/\/leboutiquehotelscollection.com\/#website\"},\"datePublished\":\"2023-03-06T15:15:35+00:00\",\"dateModified\":\"2026-02-12T13:35:17+00:00\",\"breadcrumb\":{\"@id\":\"https:\/\/leboutiquehotelscollection.com\/de\/unsere-csr-politik\/#breadcrumb\"},\"inLanguage\":\"de\",\"potentialAction\":[{\"@type\":\"ReadAction\",\"target\":[\"https:\/\/leboutiquehotelscollection.com\/de\/unsere-csr-politik\/\"]}]},{\"@type\":\"BreadcrumbList\",\"@id\":\"https:\/\/leboutiquehotelscollection.com\/de\/unsere-csr-politik\/#breadcrumb\",\"itemListElement\":[{\"@type\":\"ListItem\",\"position\":1,\"name\":\"Accueil\",\"item\":\"https:\/\/leboutiquehotelscollection.com\/de\/\"},{\"@type\":\"ListItem\",\"position\":2,\"name\":\"Unsere CSR-Politik\"}]},{\"@type\":\"WebSite\",\"@id\":\"https:\/\/leboutiquehotelscollection.com\/#website\",\"url\":\"https:\/\/leboutiquehotelscollection.com\/\",\"name\":\"Boutique H\u00f4tels Collection\",\"description\":\"Exigez l&#039;exceptionnel\",\"publisher\":{\"@id\":\"https:\/\/leboutiquehotelscollection.com\/#organization\"},\"potentialAction\":[{\"@type\":\"SearchAction\",\"target\":{\"@type\":\"EntryPoint\",\"urlTemplate\":\"https:\/\/leboutiquehotelscollection.com\/?s={search_term_string}\"},\"query-input\":{\"@type\":\"PropertyValueSpecification\",\"valueRequired\":true,\"valueName\":\"search_term_string\"}}],\"inLanguage\":\"de\"},{\"@type\":\"Organization\",\"@id\":\"https:\/\/leboutiquehotelscollection.com\/#organization\",\"name\":\"Boutique H\u00f4tels Collection\",\"url\":\"https:\/\/leboutiquehotelscollection.com\/\",\"logo\":{\"@type\":\"ImageObject\",\"inLanguage\":\"de\",\"@id\":\"https:\/\/leboutiquehotelscollection.com\/#\/schema\/logo\/image\/\",\"url\":\"https:\/\/leboutiquehotelscollection.com\/wp-content\/uploads\/2021\/07\/boutique-hotels-collection-logo.svg\",\"contentUrl\":\"https:\/\/leboutiquehotelscollection.com\/wp-content\/uploads\/2021\/07\/boutique-hotels-collection-logo.svg\",\"caption\":\"Boutique H\u00f4tels Collection\"},\"image\":{\"@id\":\"https:\/\/leboutiquehotelscollection.com\/#\/schema\/logo\/image\/\"}}]}<\/script>\n<!-- \/ Yoast SEO plugin. -->","yoast_head_json":{"title":"Unsere CSR-Politik - Boutique H\u00f4tels Collection","robots":{"index":"index","follow":"follow","max-snippet":"max-snippet:-1","max-image-preview":"max-image-preview:large","max-video-preview":"max-video-preview:-1"},"canonical":"https:\/\/leboutiquehotelscollection.com\/de\/unsere-csr-politik\/","og_locale":"de_DE","og_type":"article","og_title":"Unsere CSR-Politik - Boutique H\u00f4tels Collection","og_description":"[vc_row][vc_column][vc_column_text] Was ist CSR ? [\/vc_column_text][vc_column_text] CSR hat zum Ziel, soziale Belange besser zu integrieren und die nachhaltige Entwicklung auf Unternehmensebene umzusetzen. Konkret bedeutet dies, sich um den Schutz der Umwelt zu bem\u00fchen und Initiativen im sozialen Bereich zu ergreifen. [\/vc_column_text][\/vc_column][\/vc_row][vc_row][vc_column][vc_column_text] Unsere Umweltpolitik [\/vc_column_text][vc_column_text css=&#8220;&#8220;] Im Jahr 2026 hat die LBHC-Gruppe die Green-Key-Zertifizierung f\u00fcr das&hellip;","og_url":"https:\/\/leboutiquehotelscollection.com\/de\/unsere-csr-politik\/","og_site_name":"Boutique H\u00f4tels Collection","article_modified_time":"2026-02-12T13:35:17+00:00","twitter_card":"summary_large_image","twitter_misc":{"Gesch\u00e4tzte Lesezeit":"3\u00a0Minuten"},"schema":{"@context":"https:\/\/schema.org","@graph":[{"@type":"WebPage","@id":"https:\/\/leboutiquehotelscollection.com\/de\/unsere-csr-politik\/","url":"https:\/\/leboutiquehotelscollection.com\/de\/unsere-csr-politik\/","name":"Unsere CSR-Politik - Boutique H\u00f4tels Collection","isPartOf":{"@id":"https:\/\/leboutiquehotelscollection.com\/#website"},"datePublished":"2023-03-06T15:15:35+00:00","dateModified":"2026-02-12T13:35:17+00:00","breadcrumb":{"@id":"https:\/\/leboutiquehotelscollection.com\/de\/unsere-csr-politik\/#breadcrumb"},"inLanguage":"de","potentialAction":[{"@type":"ReadAction","target":["https:\/\/leboutiquehotelscollection.com\/de\/unsere-csr-politik\/"]}]},{"@type":"BreadcrumbList","@id":"https:\/\/leboutiquehotelscollection.com\/de\/unsere-csr-politik\/#breadcrumb","itemListElement":[{"@type":"ListItem","position":1,"name":"Accueil","item":"https:\/\/leboutiquehotelscollection.com\/de\/"},{"@type":"ListItem","position":2,"name":"Unsere CSR-Politik"}]},{"@type":"WebSite","@id":"https:\/\/leboutiquehotelscollection.com\/#website","url":"https:\/\/leboutiquehotelscollection.com\/","name":"Boutique H\u00f4tels Collection","description":"Exigez l&#039;exceptionnel","publisher":{"@id":"https:\/\/leboutiquehotelscollection.com\/#organization"},"potentialAction":[{"@type":"SearchAction","target":{"@type":"EntryPoint","urlTemplate":"https:\/\/leboutiquehotelscollection.com\/?s={search_term_string}"},"query-input":{"@type":"PropertyValueSpecification","valueRequired":true,"valueName":"search_term_string"}}],"inLanguage":"de"},{"@type":"Organization","@id":"https:\/\/leboutiquehotelscollection.com\/#organization","name":"Boutique H\u00f4tels Collection","url":"https:\/\/leboutiquehotelscollection.com\/","logo":{"@type":"ImageObject","inLanguage":"de","@id":"https:\/\/leboutiquehotelscollection.com\/#\/schema\/logo\/image\/","url":"https:\/\/leboutiquehotelscollection.com\/wp-content\/uploads\/2021\/07\/boutique-hotels-collection-logo.svg","contentUrl":"https:\/\/leboutiquehotelscollection.com\/wp-content\/uploads\/2021\/07\/boutique-hotels-collection-logo.svg","caption":"Boutique H\u00f4tels Collection"},"image":{"@id":"https:\/\/leboutiquehotelscollection.com\/#\/schema\/logo\/image\/"}}]}},"_links":{"self":[{"href":"https:\/\/leboutiquehotelscollection.com\/de\/wp-json\/wp\/v2\/pages\/2932","targetHints":{"allow":["GET"]}}],"collection":[{"href":"https:\/\/leboutiquehotelscollection.com\/de\/wp-json\/wp\/v2\/pages"}],"about":[{"href":"https:\/\/leboutiquehotelscollection.com\/de\/wp-json\/wp\/v2\/types\/page"}],"author":[{"embeddable":true,"href":"https:\/\/leboutiquehotelscollection.com\/de\/wp-json\/wp\/v2\/users\/1024"}],"replies":[{"embeddable":true,"href":"https:\/\/leboutiquehotelscollection.com\/de\/wp-json\/wp\/v2\/comments?post=2932"}],"version-history":[{"count":7,"href":"https:\/\/leboutiquehotelscollection.com\/de\/wp-json\/wp\/v2\/pages\/2932\/revisions"}],"predecessor-version":[{"id":4355,"href":"https:\/\/leboutiquehotelscollection.com\/de\/wp-json\/wp\/v2\/pages\/2932\/revisions\/4355"}],"wp:attachment":[{"href":"https:\/\/leboutiquehotelscollection.com\/de\/wp-json\/wp\/v2\/media?parent=2932"}],"curies":[{"name":"wp","href":"https:\/\/api.w.org\/{rel}","templated":true}]}}