{"id":1800,"date":"2021-09-08T11:01:34","date_gmt":"2021-09-08T09:01:34","guid":{"rendered":"https:\/\/leboutiquehotelscollection.com\/actualites\/"},"modified":"2021-10-05T17:30:13","modified_gmt":"2021-10-05T15:30:13","slug":"aktualitaeten","status":"publish","type":"page","link":"https:\/\/leboutiquehotelscollection.com\/de\/aktualitaeten\/","title":{"rendered":"Aktualit\u00e4ten"},"content":{"rendered":"<div class=\"wpb-content-wrapper\">[vc_row el_class=&#8220;bannier-uptitle-title&#8220;][vc_column][vc_empty_space height=&#8220;30px&#8220;][vc_column_text text_align=&#8220;center&#8220;]\n<h1>Aktualit\u00e4ten<\/h1>\n[\/vc_column_text][\/vc_column][\/vc_row][vc_row remove_bottom_col_margin=&#8220;true&#8220;][vc_column][vc_empty_space height=&#8220;30px&#8220;][\/vc_column][\/vc_row][vc_row][vc_column]<div class=\"templatera_shortcode\"><div id=\"template-bannier-actualites\" class=\"vc_row wpb_row vc_row-fluid wpex-relative\"><div class=\"wpb_column vc_column_container vc_col-sm-12\"><div class=\"vc_column-inner\"><div class=\"wpb_wrapper\"><div class=\"vcex-module vcex-post-type-grid-wrap wpex-clr\"><div class=\"wpex-row vcex-post-type-grid entries wpex-clr\"><div class=\"vcex-post-type-entry vcex-grid-item wpex-clr col span_1_of_3 col-1 entry post-3692 type-post has-media cat-43 cat-41 translation_priority-72 translation_priority-74\"><div class=\"vcex-post-type-entry-inner entry-inner wpex-first-mt-0 wpex-last-mb-0 wpex-clr\"><div class=\"vcex-post-type-entry-media entry-media wpex-relative\"><a href=\"https:\/\/leboutiquehotelscollection.com\/de\/entdecken-sie-les-vagues-hotel-spa-ein-juwel-zeitgenoessischer-eleganz-an-den-ufern-von-arcachon\/\" title=\"Entdecken Sie Les Vagues H\u00f4tel &#038; Spa, ein Juwel zeitgen\u00f6ssischer Eleganz an den Ufern von Arcachon.\"><img width=\"1707\" height=\"2560\" src=\"https:\/\/leboutiquehotelscollection.com\/wp-content\/uploads\/2024\/03\/LesVagues-@foodiesbylouise-053-scaled.jpg\" class=\"vcex-blog-entry-img wpex-align-middle\" alt=\"\" loading=\"lazy\" decoding=\"async\" srcset=\"https:\/\/leboutiquehotelscollection.com\/wp-content\/uploads\/2024\/03\/LesVagues-@foodiesbylouise-053-scaled.jpg 1707w, https:\/\/leboutiquehotelscollection.com\/wp-content\/uploads\/2024\/03\/LesVagues-@foodiesbylouise-053-200x300.jpg 200w, https:\/\/leboutiquehotelscollection.com\/wp-content\/uploads\/2024\/03\/LesVagues-@foodiesbylouise-053-683x1024.jpg 683w, https:\/\/leboutiquehotelscollection.com\/wp-content\/uploads\/2024\/03\/LesVagues-@foodiesbylouise-053-768x1152.jpg 768w, https:\/\/leboutiquehotelscollection.com\/wp-content\/uploads\/2024\/03\/LesVagues-@foodiesbylouise-053-1024x1536.jpg 1024w, https:\/\/leboutiquehotelscollection.com\/wp-content\/uploads\/2024\/03\/LesVagues-@foodiesbylouise-053-1365x2048.jpg 1365w\" sizes=\"auto, (max-width: 1707px) 100vw, 1707px\" \/><\/a><\/div><div class=\"vcex-post-type-entry-details entry-details wpex-bordered wpex-first-mt-0 wpex-last-mb-0 wpex-clr\"><div class=\"vcex-post-type-entry-excerpt entry-excerpt wpex-my-15 wpex-text-pretty wpex-last-mb-0 wpex-clr\"><p><a class=\"custom_grid_excerpt\" href=\"https:\/\/leboutiquehotelscollection.com\/de\/entdecken-sie-les-vagues-hotel-spa-ein-juwel-zeitgenoessischer-eleganz-an-den-ufern-von-arcachon\/\"><span>Erleben Sie einen einzigartigen Aufenthalt mit den F\u00fc\u00dfen im Wasser im Herzen der Stadt Arcachon.<\/span>Entdecken Sie Les Vagues H\u00f4tel &#038; Spa, ein Juwel zeitgen\u00f6ssischer Eleganz an den Ufern von Arcachon.<\/a><\/p><\/div><\/div><\/div><\/div><\/div><\/div><\/div><\/div><\/div><\/div><\/div>[\/vc_column][\/vc_row]\n<\/div>","protected":false},"excerpt":{"rendered":"<p><a class=\"custom_grid_excerpt\" href=\"https:\/\/leboutiquehotelscollection.com\/de\/entdecken-sie-les-vagues-hotel-spa-ein-juwel-zeitgenoessischer-eleganz-an-den-ufern-von-arcachon\/\"><span>Erleben Sie einen einzigartigen Aufenthalt mit den F\u00fc\u00dfen im Wasser im Herzen der Stadt Arcachon.<\/span>Entdecken Sie Les Vagues H\u00f4tel &#038; Spa, ein Juwel zeitgen\u00f6ssischer Eleganz an den Ufern von Arcachon.<\/a><\/p>\n","protected":false},"author":1024,"featured_media":0,"parent":0,"menu_order":0,"comment_status":"closed","ping_status":"closed","template":"","meta":{"_acf_changed":false,"inline_featured_image":false,"footnotes":""},"class_list":["post-1800","page","type-page","status-publish","hentry","entry","has-media"],"acf":[],"yoast_head":"<!-- This site is optimized with the Yoast SEO plugin v27.1.1 - https:\/\/yoast.com\/product\/yoast-seo-wordpress\/ -->\n<title>Aktualit\u00e4ten - Boutique H\u00f4tels Collection<\/title>\n<meta name=\"robots\" content=\"index, follow, max-snippet:-1, max-image-preview:large, max-video-preview:-1\" \/>\n<link rel=\"canonical\" href=\"https:\/\/leboutiquehotelscollection.com\/de\/aktualitaeten\/\" \/>\n<meta property=\"og:locale\" content=\"de_DE\" \/>\n<meta property=\"og:type\" content=\"article\" \/>\n<meta property=\"og:title\" content=\"Aktualit\u00e4ten - Boutique H\u00f4tels Collection\" \/>\n<meta property=\"og:description\" content=\"Erleben Sie einen einzigartigen Aufenthalt mit den F\u00fc\u00dfen im Wasser im Herzen der Stadt Arcachon.Entdecken Sie Les Vagues H\u00f4tel &#038; Spa, ein Juwel zeitgen\u00f6ssischer Eleganz an den Ufern von Arcachon.\" \/>\n<meta property=\"og:url\" content=\"https:\/\/leboutiquehotelscollection.com\/de\/aktualitaeten\/\" \/>\n<meta property=\"og:site_name\" content=\"Boutique H\u00f4tels Collection\" \/>\n<meta property=\"article:modified_time\" content=\"2021-10-05T15:30:13+00:00\" \/>\n<meta name=\"twitter:card\" content=\"summary_large_image\" \/>\n<meta name=\"twitter:label1\" content=\"Gesch\u00e4tzte Lesezeit\" \/>\n\t<meta name=\"twitter:data1\" content=\"1\u00a0Minute\" \/>\n<script type=\"application\/ld+json\" class=\"yoast-schema-graph\">{\"@context\":\"https:\/\/schema.org\",\"@graph\":[{\"@type\":\"WebPage\",\"@id\":\"https:\/\/leboutiquehotelscollection.com\/de\/aktualitaeten\/\",\"url\":\"https:\/\/leboutiquehotelscollection.com\/de\/aktualitaeten\/\",\"name\":\"Aktualit\u00e4ten - Boutique H\u00f4tels Collection\",\"isPartOf\":{\"@id\":\"https:\/\/leboutiquehotelscollection.com\/#website\"},\"datePublished\":\"2021-09-08T09:01:34+00:00\",\"dateModified\":\"2021-10-05T15:30:13+00:00\",\"breadcrumb\":{\"@id\":\"https:\/\/leboutiquehotelscollection.com\/de\/aktualitaeten\/#breadcrumb\"},\"inLanguage\":\"de\",\"potentialAction\":[{\"@type\":\"ReadAction\",\"target\":[\"https:\/\/leboutiquehotelscollection.com\/de\/aktualitaeten\/\"]}]},{\"@type\":\"BreadcrumbList\",\"@id\":\"https:\/\/leboutiquehotelscollection.com\/de\/aktualitaeten\/#breadcrumb\",\"itemListElement\":[{\"@type\":\"ListItem\",\"position\":1,\"name\":\"Accueil\",\"item\":\"https:\/\/leboutiquehotelscollection.com\/de\/\"},{\"@type\":\"ListItem\",\"position\":2,\"name\":\"Aktualit\u00e4ten\"}]},{\"@type\":\"WebSite\",\"@id\":\"https:\/\/leboutiquehotelscollection.com\/#website\",\"url\":\"https:\/\/leboutiquehotelscollection.com\/\",\"name\":\"Boutique H\u00f4tels Collection\",\"description\":\"Exigez l&#039;exceptionnel\",\"publisher\":{\"@id\":\"https:\/\/leboutiquehotelscollection.com\/#organization\"},\"potentialAction\":[{\"@type\":\"SearchAction\",\"target\":{\"@type\":\"EntryPoint\",\"urlTemplate\":\"https:\/\/leboutiquehotelscollection.com\/?s={search_term_string}\"},\"query-input\":{\"@type\":\"PropertyValueSpecification\",\"valueRequired\":true,\"valueName\":\"search_term_string\"}}],\"inLanguage\":\"de\"},{\"@type\":\"Organization\",\"@id\":\"https:\/\/leboutiquehotelscollection.com\/#organization\",\"name\":\"Boutique H\u00f4tels Collection\",\"url\":\"https:\/\/leboutiquehotelscollection.com\/\",\"logo\":{\"@type\":\"ImageObject\",\"inLanguage\":\"de\",\"@id\":\"https:\/\/leboutiquehotelscollection.com\/#\/schema\/logo\/image\/\",\"url\":\"https:\/\/leboutiquehotelscollection.com\/wp-content\/uploads\/2021\/07\/boutique-hotels-collection-logo.svg\",\"contentUrl\":\"https:\/\/leboutiquehotelscollection.com\/wp-content\/uploads\/2021\/07\/boutique-hotels-collection-logo.svg\",\"caption\":\"Boutique H\u00f4tels Collection\"},\"image\":{\"@id\":\"https:\/\/leboutiquehotelscollection.com\/#\/schema\/logo\/image\/\"}}]}<\/script>\n<!-- \/ Yoast SEO plugin. -->","yoast_head_json":{"title":"Aktualit\u00e4ten - Boutique H\u00f4tels Collection","robots":{"index":"index","follow":"follow","max-snippet":"max-snippet:-1","max-image-preview":"max-image-preview:large","max-video-preview":"max-video-preview:-1"},"canonical":"https:\/\/leboutiquehotelscollection.com\/de\/aktualitaeten\/","og_locale":"de_DE","og_type":"article","og_title":"Aktualit\u00e4ten - Boutique H\u00f4tels Collection","og_description":"Erleben Sie einen einzigartigen Aufenthalt mit den F\u00fc\u00dfen im Wasser im Herzen der Stadt Arcachon.Entdecken Sie Les Vagues H\u00f4tel &#038; Spa, ein Juwel zeitgen\u00f6ssischer Eleganz an den Ufern von Arcachon.","og_url":"https:\/\/leboutiquehotelscollection.com\/de\/aktualitaeten\/","og_site_name":"Boutique H\u00f4tels Collection","article_modified_time":"2021-10-05T15:30:13+00:00","twitter_card":"summary_large_image","twitter_misc":{"Gesch\u00e4tzte Lesezeit":"1\u00a0Minute"},"schema":{"@context":"https:\/\/schema.org","@graph":[{"@type":"WebPage","@id":"https:\/\/leboutiquehotelscollection.com\/de\/aktualitaeten\/","url":"https:\/\/leboutiquehotelscollection.com\/de\/aktualitaeten\/","name":"Aktualit\u00e4ten - Boutique H\u00f4tels Collection","isPartOf":{"@id":"https:\/\/leboutiquehotelscollection.com\/#website"},"datePublished":"2021-09-08T09:01:34+00:00","dateModified":"2021-10-05T15:30:13+00:00","breadcrumb":{"@id":"https:\/\/leboutiquehotelscollection.com\/de\/aktualitaeten\/#breadcrumb"},"inLanguage":"de","potentialAction":[{"@type":"ReadAction","target":["https:\/\/leboutiquehotelscollection.com\/de\/aktualitaeten\/"]}]},{"@type":"BreadcrumbList","@id":"https:\/\/leboutiquehotelscollection.com\/de\/aktualitaeten\/#breadcrumb","itemListElement":[{"@type":"ListItem","position":1,"name":"Accueil","item":"https:\/\/leboutiquehotelscollection.com\/de\/"},{"@type":"ListItem","position":2,"name":"Aktualit\u00e4ten"}]},{"@type":"WebSite","@id":"https:\/\/leboutiquehotelscollection.com\/#website","url":"https:\/\/leboutiquehotelscollection.com\/","name":"Boutique H\u00f4tels Collection","description":"Exigez l&#039;exceptionnel","publisher":{"@id":"https:\/\/leboutiquehotelscollection.com\/#organization"},"potentialAction":[{"@type":"SearchAction","target":{"@type":"EntryPoint","urlTemplate":"https:\/\/leboutiquehotelscollection.com\/?s={search_term_string}"},"query-input":{"@type":"PropertyValueSpecification","valueRequired":true,"valueName":"search_term_string"}}],"inLanguage":"de"},{"@type":"Organization","@id":"https:\/\/leboutiquehotelscollection.com\/#organization","name":"Boutique H\u00f4tels Collection","url":"https:\/\/leboutiquehotelscollection.com\/","logo":{"@type":"ImageObject","inLanguage":"de","@id":"https:\/\/leboutiquehotelscollection.com\/#\/schema\/logo\/image\/","url":"https:\/\/leboutiquehotelscollection.com\/wp-content\/uploads\/2021\/07\/boutique-hotels-collection-logo.svg","contentUrl":"https:\/\/leboutiquehotelscollection.com\/wp-content\/uploads\/2021\/07\/boutique-hotels-collection-logo.svg","caption":"Boutique H\u00f4tels Collection"},"image":{"@id":"https:\/\/leboutiquehotelscollection.com\/#\/schema\/logo\/image\/"}}]}},"_links":{"self":[{"href":"https:\/\/leboutiquehotelscollection.com\/de\/wp-json\/wp\/v2\/pages\/1800","targetHints":{"allow":["GET"]}}],"collection":[{"href":"https:\/\/leboutiquehotelscollection.com\/de\/wp-json\/wp\/v2\/pages"}],"about":[{"href":"https:\/\/leboutiquehotelscollection.com\/de\/wp-json\/wp\/v2\/types\/page"}],"author":[{"embeddable":true,"href":"https:\/\/leboutiquehotelscollection.com\/de\/wp-json\/wp\/v2\/users\/1024"}],"replies":[{"embeddable":true,"href":"https:\/\/leboutiquehotelscollection.com\/de\/wp-json\/wp\/v2\/comments?post=1800"}],"version-history":[{"count":2,"href":"https:\/\/leboutiquehotelscollection.com\/de\/wp-json\/wp\/v2\/pages\/1800\/revisions"}],"predecessor-version":[{"id":2412,"href":"https:\/\/leboutiquehotelscollection.com\/de\/wp-json\/wp\/v2\/pages\/1800\/revisions\/2412"}],"wp:attachment":[{"href":"https:\/\/leboutiquehotelscollection.com\/de\/wp-json\/wp\/v2\/media?parent=1800"}],"curies":[{"name":"wp","href":"https:\/\/api.w.org\/{rel}","templated":true}]}}