{"id":1688,"date":"2021-08-13T10:18:13","date_gmt":"2021-08-13T08:18:13","guid":{"rendered":"https:\/\/leboutiquehotelscollection.com\/nos-projets\/"},"modified":"2021-10-05T17:47:05","modified_gmt":"2021-10-05T15:47:05","slug":"unsere-projekte","status":"publish","type":"page","link":"https:\/\/leboutiquehotelscollection.com\/de\/unsere-projekte\/","title":{"rendered":"Unsere Projekte"},"content":{"rendered":"<div class=\"wpb-content-wrapper\">[vc_row full_width=&#8220;stretch_row&#8220; css=&#8220;.vc_custom_1628843436939{background-image: url(https:\/\/leboutiquehotelscollection.com\/wp-content\/uploads\/2021\/08\/visuel-nosprojets.jpg?id=427) !important;background-position: center !important;background-repeat: no-repeat !important;background-size: cover !important;}&#8220; el_class=&#8220;bannier-top-image-small&#8220;][vc_column][\/vc_column][\/vc_row][vc_row el_class=&#8220;bannier-uptitle-title&#8220;][vc_column][vc_column_text text_align=&#8220;center&#8220;]\n<h1>Unsere projekte<\/h1>\n[\/vc_column_text][\/vc_column][\/vc_row][vc_row remove_bottom_col_margin=&#8220;true&#8220; el_id=&#8220;page-projets-bannier-content&#8220;][vc_column]<div class=\"vcex-module vcex-post-type-grid-wrap wpex-clr\"><div class=\"wpex-row vcex-post-type-grid entries wpex-clr\"><div class=\"vcex-post-type-entry vcex-grid-item wpex-clr col span_1_of_3 col-1 entry post-3197 type-projets has-media\"><div class=\"vcex-post-type-entry-inner entry-inner wpex-first-mt-0 wpex-last-mb-0 wpex-clr\"><div class=\"vcex-post-type-entry-media entry-media wpex-relative\"><img width=\"1080\" height=\"1080\" src=\"https:\/\/leboutiquehotelscollection.com\/wp-content\/uploads\/2023\/03\/Sans-titre-6.png\" class=\"vcex-blog-entry-img wpex-align-middle\" alt=\"\" loading=\"lazy\" decoding=\"async\" srcset=\"https:\/\/leboutiquehotelscollection.com\/wp-content\/uploads\/2023\/03\/Sans-titre-6.png 1080w, https:\/\/leboutiquehotelscollection.com\/wp-content\/uploads\/2023\/03\/Sans-titre-6-300x300.png 300w, https:\/\/leboutiquehotelscollection.com\/wp-content\/uploads\/2023\/03\/Sans-titre-6-1024x1024.png 1024w, https:\/\/leboutiquehotelscollection.com\/wp-content\/uploads\/2023\/03\/Sans-titre-6-150x150.png 150w, https:\/\/leboutiquehotelscollection.com\/wp-content\/uploads\/2023\/03\/Sans-titre-6-768x768.png 768w\" sizes=\"auto, (max-width: 1080px) 100vw, 1080px\" \/><\/div><div class=\"vcex-post-type-entry-details entry-details wpex-bordered wpex-first-mt-0 wpex-last-mb-0 wpex-clr\"><h2 class=\"vcex-post-type-entry-title entry-title wpex-mb-5\">H\u00f4tel Saint-Lary<\/h2 ><div class=\"vcex-post-type-entry-excerpt entry-excerpt wpex-my-15 wpex-text-pretty wpex-last-mb-0 wpex-clr\"><div class=\"wpb-content-wrapper\">[vc_row][vc_column][vc_column_text]\n<h3>SAINT-LARY, PYR\u00c9N\u00c9ES<\/h3>\n[\/vc_column_text][vc_empty_space height=&#8220;15px&#8220;][vc_column_text]Das Dorf Saint-Lary-Soulan liegt im Aure-Tal im Hochgebirge.<\/p>\n<p>Es profitiert von einer idealen Lage auf dem Jakobsweg, vor den Toren des Pyren\u00e4enparks und nur wenige Kilometer von Spanien entfernt.<\/p>\n<p>Dieses ehemalige Hotel der CCAS Le Sporting wird das erste 5-Sterne-Hotel in der Gemeinde sein. Es wird aus 36 Zimmern, einem 1000 m2 gro\u00dfen Spa und einem Restaurant bestehen.[\/vc_column_text][vc_empty_space height=&#8220;15px&#8220;][vc_column_text css=&#8220;&#8220; text_align=&#8220;center&#8220; color=&#8220;accent&#8220; font_weight=&#8220;bold&#8220;]BALDIGE ER\u00d6FFNUNG<\/p>\n<p>IM JAHR 2026[\/vc_column_text][\/vc_column][\/vc_row]\n<\/div><\/div><\/div><\/div><\/div><\/div><\/div>[\/vc_column][\/vc_row][vc_row][vc_column css=&#8220;.vc_custom_1628845372273{margin-bottom: 0px !important;}&#8220;]<div class=\"templatera_shortcode\"><div id=\"template-bannier-actualites-title\" class=\"vc_row wpb_row vc_row-fluid bannier-uptitle-title wpex-relative\"><div class=\"wpb_column vc_column_container vc_col-sm-12\"><div class=\"vc_column-inner\"><div class=\"wpb_wrapper\">\n\t<div class=\"wpb_text_column wpb_content_element\" >\n\t\t<div class=\"wpb_wrapper\">\n\t\t\t<p>WELT<\/p>\n\n\t\t<\/div>\n\t<\/div>\n\n\t<div style=\"text-align:center;\" class=\"wpb_text_column wpb_content_element\" >\n\t\t<div class=\"wpb_wrapper\">\n\t\t\t<h2>Unsere Nachrichten<\/h2>\n\n\t\t<\/div>\n\t<\/div>\n<\/div><\/div><\/div><\/div><div id=\"template-bannier-actualites\" class=\"vc_row wpb_row vc_row-fluid wpex-relative\"><div class=\"wpb_column vc_column_container vc_col-sm-12\"><div class=\"vc_column-inner\"><div class=\"wpb_wrapper\"><div class=\"vcex-module vcex-post-type-grid-wrap wpex-clr\"><div class=\"wpex-row vcex-post-type-grid entries wpex-clr\"><div class=\"vcex-post-type-entry vcex-grid-item wpex-clr col span_1_of_3 col-1 entry post-3692 type-post has-media cat-43 cat-41 translation_priority-72 translation_priority-74\"><div class=\"vcex-post-type-entry-inner entry-inner wpex-first-mt-0 wpex-last-mb-0 wpex-clr\"><div class=\"vcex-post-type-entry-media entry-media wpex-relative\"><a href=\"https:\/\/leboutiquehotelscollection.com\/de\/entdecken-sie-les-vagues-hotel-spa-ein-juwel-zeitgenoessischer-eleganz-an-den-ufern-von-arcachon\/\" title=\"Entdecken Sie Les Vagues H\u00f4tel &#038; Spa, ein Juwel zeitgen\u00f6ssischer Eleganz an den Ufern von Arcachon.\"><img width=\"1707\" height=\"2560\" src=\"https:\/\/leboutiquehotelscollection.com\/wp-content\/uploads\/2024\/03\/LesVagues-@foodiesbylouise-053-scaled.jpg\" class=\"vcex-blog-entry-img wpex-align-middle\" alt=\"\" loading=\"lazy\" decoding=\"async\" srcset=\"https:\/\/leboutiquehotelscollection.com\/wp-content\/uploads\/2024\/03\/LesVagues-@foodiesbylouise-053-scaled.jpg 1707w, https:\/\/leboutiquehotelscollection.com\/wp-content\/uploads\/2024\/03\/LesVagues-@foodiesbylouise-053-200x300.jpg 200w, https:\/\/leboutiquehotelscollection.com\/wp-content\/uploads\/2024\/03\/LesVagues-@foodiesbylouise-053-683x1024.jpg 683w, https:\/\/leboutiquehotelscollection.com\/wp-content\/uploads\/2024\/03\/LesVagues-@foodiesbylouise-053-768x1152.jpg 768w, https:\/\/leboutiquehotelscollection.com\/wp-content\/uploads\/2024\/03\/LesVagues-@foodiesbylouise-053-1024x1536.jpg 1024w, https:\/\/leboutiquehotelscollection.com\/wp-content\/uploads\/2024\/03\/LesVagues-@foodiesbylouise-053-1365x2048.jpg 1365w\" sizes=\"auto, (max-width: 1707px) 100vw, 1707px\" \/><\/a><\/div><div class=\"vcex-post-type-entry-details entry-details wpex-bordered wpex-first-mt-0 wpex-last-mb-0 wpex-clr\"><div class=\"vcex-post-type-entry-excerpt entry-excerpt wpex-my-15 wpex-text-pretty wpex-last-mb-0 wpex-clr\"><p><a class=\"custom_grid_excerpt\" href=\"https:\/\/leboutiquehotelscollection.com\/de\/entdecken-sie-les-vagues-hotel-spa-ein-juwel-zeitgenoessischer-eleganz-an-den-ufern-von-arcachon\/\"><span>Erleben Sie einen einzigartigen Aufenthalt mit den F\u00fc\u00dfen im Wasser im Herzen der Stadt Arcachon.<\/span>Entdecken Sie Les Vagues H\u00f4tel &#038; Spa, ein Juwel zeitgen\u00f6ssischer Eleganz an den Ufern von Arcachon.<\/a><\/p><\/div><\/div><\/div><\/div><\/div><\/div><div class=\"theme-button-wrap textcenter wpex-clr\"><a href=\"https:\/\/leboutiquehotelscollection.com\/de\/aktualitaeten\/\" class=\"vcex-button theme-button align-center inline custom-button\"><span class=\"vcex-button-inner theme-button-inner wpex-flex wpex-flex-wrap wpex-items-center wpex-justify-center\">+ NACHRICHTEN<\/span><\/a><\/div> <\/div><\/div><\/div><\/div><\/div>[\/vc_column][\/vc_row]\n<\/div>","protected":false},"excerpt":{"rendered":"<p><a class=\"custom_grid_excerpt\" href=\"https:\/\/leboutiquehotelscollection.com\/de\/entdecken-sie-les-vagues-hotel-spa-ein-juwel-zeitgenoessischer-eleganz-an-den-ufern-von-arcachon\/\"><span>Erleben Sie einen einzigartigen Aufenthalt mit den F\u00fc\u00dfen im Wasser im Herzen der Stadt Arcachon.<\/span>Entdecken Sie Les Vagues H\u00f4tel &#038; Spa, ein Juwel zeitgen\u00f6ssischer Eleganz an den Ufern von Arcachon.<\/a><\/p>\n","protected":false},"author":1024,"featured_media":0,"parent":0,"menu_order":0,"comment_status":"closed","ping_status":"closed","template":"","meta":{"_acf_changed":false,"inline_featured_image":false,"footnotes":""},"class_list":["post-1688","page","type-page","status-publish","hentry","entry","has-media"],"acf":[],"yoast_head":"<!-- This site is optimized with the Yoast SEO plugin v27.1.1 - https:\/\/yoast.com\/product\/yoast-seo-wordpress\/ -->\n<title>Unsere Projekte - Boutique H\u00f4tels Collection<\/title>\n<meta name=\"robots\" content=\"index, follow, max-snippet:-1, max-image-preview:large, max-video-preview:-1\" \/>\n<link rel=\"canonical\" href=\"https:\/\/leboutiquehotelscollection.com\/de\/unsere-projekte\/\" \/>\n<meta property=\"og:locale\" content=\"de_DE\" \/>\n<meta property=\"og:type\" content=\"article\" \/>\n<meta property=\"og:title\" content=\"Unsere Projekte - Boutique H\u00f4tels Collection\" \/>\n<meta property=\"og:description\" content=\"Erleben Sie einen einzigartigen Aufenthalt mit den F\u00fc\u00dfen im Wasser im Herzen der Stadt Arcachon.Entdecken Sie Les Vagues H\u00f4tel &#038; Spa, ein Juwel zeitgen\u00f6ssischer Eleganz an den Ufern von Arcachon.\" \/>\n<meta property=\"og:url\" content=\"https:\/\/leboutiquehotelscollection.com\/de\/unsere-projekte\/\" \/>\n<meta property=\"og:site_name\" content=\"Boutique H\u00f4tels Collection\" \/>\n<meta property=\"article:modified_time\" content=\"2021-10-05T15:47:05+00:00\" \/>\n<meta name=\"twitter:card\" content=\"summary_large_image\" \/>\n<meta name=\"twitter:label1\" content=\"Gesch\u00e4tzte Lesezeit\" \/>\n\t<meta name=\"twitter:data1\" content=\"1\u00a0Minute\" \/>\n<script type=\"application\/ld+json\" class=\"yoast-schema-graph\">{\"@context\":\"https:\/\/schema.org\",\"@graph\":[{\"@type\":\"WebPage\",\"@id\":\"https:\/\/leboutiquehotelscollection.com\/de\/unsere-projekte\/\",\"url\":\"https:\/\/leboutiquehotelscollection.com\/de\/unsere-projekte\/\",\"name\":\"Unsere Projekte - Boutique H\u00f4tels Collection\",\"isPartOf\":{\"@id\":\"https:\/\/leboutiquehotelscollection.com\/#website\"},\"datePublished\":\"2021-08-13T08:18:13+00:00\",\"dateModified\":\"2021-10-05T15:47:05+00:00\",\"breadcrumb\":{\"@id\":\"https:\/\/leboutiquehotelscollection.com\/de\/unsere-projekte\/#breadcrumb\"},\"inLanguage\":\"de\",\"potentialAction\":[{\"@type\":\"ReadAction\",\"target\":[\"https:\/\/leboutiquehotelscollection.com\/de\/unsere-projekte\/\"]}]},{\"@type\":\"BreadcrumbList\",\"@id\":\"https:\/\/leboutiquehotelscollection.com\/de\/unsere-projekte\/#breadcrumb\",\"itemListElement\":[{\"@type\":\"ListItem\",\"position\":1,\"name\":\"Accueil\",\"item\":\"https:\/\/leboutiquehotelscollection.com\/de\/\"},{\"@type\":\"ListItem\",\"position\":2,\"name\":\"Unsere Projekte\"}]},{\"@type\":\"WebSite\",\"@id\":\"https:\/\/leboutiquehotelscollection.com\/#website\",\"url\":\"https:\/\/leboutiquehotelscollection.com\/\",\"name\":\"Boutique H\u00f4tels Collection\",\"description\":\"Exigez l&#039;exceptionnel\",\"publisher\":{\"@id\":\"https:\/\/leboutiquehotelscollection.com\/#organization\"},\"potentialAction\":[{\"@type\":\"SearchAction\",\"target\":{\"@type\":\"EntryPoint\",\"urlTemplate\":\"https:\/\/leboutiquehotelscollection.com\/?s={search_term_string}\"},\"query-input\":{\"@type\":\"PropertyValueSpecification\",\"valueRequired\":true,\"valueName\":\"search_term_string\"}}],\"inLanguage\":\"de\"},{\"@type\":\"Organization\",\"@id\":\"https:\/\/leboutiquehotelscollection.com\/#organization\",\"name\":\"Boutique H\u00f4tels Collection\",\"url\":\"https:\/\/leboutiquehotelscollection.com\/\",\"logo\":{\"@type\":\"ImageObject\",\"inLanguage\":\"de\",\"@id\":\"https:\/\/leboutiquehotelscollection.com\/#\/schema\/logo\/image\/\",\"url\":\"https:\/\/leboutiquehotelscollection.com\/wp-content\/uploads\/2021\/07\/boutique-hotels-collection-logo.svg\",\"contentUrl\":\"https:\/\/leboutiquehotelscollection.com\/wp-content\/uploads\/2021\/07\/boutique-hotels-collection-logo.svg\",\"caption\":\"Boutique H\u00f4tels Collection\"},\"image\":{\"@id\":\"https:\/\/leboutiquehotelscollection.com\/#\/schema\/logo\/image\/\"}}]}<\/script>\n<!-- \/ Yoast SEO plugin. -->","yoast_head_json":{"title":"Unsere Projekte - Boutique H\u00f4tels Collection","robots":{"index":"index","follow":"follow","max-snippet":"max-snippet:-1","max-image-preview":"max-image-preview:large","max-video-preview":"max-video-preview:-1"},"canonical":"https:\/\/leboutiquehotelscollection.com\/de\/unsere-projekte\/","og_locale":"de_DE","og_type":"article","og_title":"Unsere Projekte - Boutique H\u00f4tels Collection","og_description":"Erleben Sie einen einzigartigen Aufenthalt mit den F\u00fc\u00dfen im Wasser im Herzen der Stadt Arcachon.Entdecken Sie Les Vagues H\u00f4tel &#038; Spa, ein Juwel zeitgen\u00f6ssischer Eleganz an den Ufern von Arcachon.","og_url":"https:\/\/leboutiquehotelscollection.com\/de\/unsere-projekte\/","og_site_name":"Boutique H\u00f4tels Collection","article_modified_time":"2021-10-05T15:47:05+00:00","twitter_card":"summary_large_image","twitter_misc":{"Gesch\u00e4tzte Lesezeit":"1\u00a0Minute"},"schema":{"@context":"https:\/\/schema.org","@graph":[{"@type":"WebPage","@id":"https:\/\/leboutiquehotelscollection.com\/de\/unsere-projekte\/","url":"https:\/\/leboutiquehotelscollection.com\/de\/unsere-projekte\/","name":"Unsere Projekte - Boutique H\u00f4tels Collection","isPartOf":{"@id":"https:\/\/leboutiquehotelscollection.com\/#website"},"datePublished":"2021-08-13T08:18:13+00:00","dateModified":"2021-10-05T15:47:05+00:00","breadcrumb":{"@id":"https:\/\/leboutiquehotelscollection.com\/de\/unsere-projekte\/#breadcrumb"},"inLanguage":"de","potentialAction":[{"@type":"ReadAction","target":["https:\/\/leboutiquehotelscollection.com\/de\/unsere-projekte\/"]}]},{"@type":"BreadcrumbList","@id":"https:\/\/leboutiquehotelscollection.com\/de\/unsere-projekte\/#breadcrumb","itemListElement":[{"@type":"ListItem","position":1,"name":"Accueil","item":"https:\/\/leboutiquehotelscollection.com\/de\/"},{"@type":"ListItem","position":2,"name":"Unsere Projekte"}]},{"@type":"WebSite","@id":"https:\/\/leboutiquehotelscollection.com\/#website","url":"https:\/\/leboutiquehotelscollection.com\/","name":"Boutique H\u00f4tels Collection","description":"Exigez l&#039;exceptionnel","publisher":{"@id":"https:\/\/leboutiquehotelscollection.com\/#organization"},"potentialAction":[{"@type":"SearchAction","target":{"@type":"EntryPoint","urlTemplate":"https:\/\/leboutiquehotelscollection.com\/?s={search_term_string}"},"query-input":{"@type":"PropertyValueSpecification","valueRequired":true,"valueName":"search_term_string"}}],"inLanguage":"de"},{"@type":"Organization","@id":"https:\/\/leboutiquehotelscollection.com\/#organization","name":"Boutique H\u00f4tels Collection","url":"https:\/\/leboutiquehotelscollection.com\/","logo":{"@type":"ImageObject","inLanguage":"de","@id":"https:\/\/leboutiquehotelscollection.com\/#\/schema\/logo\/image\/","url":"https:\/\/leboutiquehotelscollection.com\/wp-content\/uploads\/2021\/07\/boutique-hotels-collection-logo.svg","contentUrl":"https:\/\/leboutiquehotelscollection.com\/wp-content\/uploads\/2021\/07\/boutique-hotels-collection-logo.svg","caption":"Boutique H\u00f4tels Collection"},"image":{"@id":"https:\/\/leboutiquehotelscollection.com\/#\/schema\/logo\/image\/"}}]}},"_links":{"self":[{"href":"https:\/\/leboutiquehotelscollection.com\/de\/wp-json\/wp\/v2\/pages\/1688","targetHints":{"allow":["GET"]}}],"collection":[{"href":"https:\/\/leboutiquehotelscollection.com\/de\/wp-json\/wp\/v2\/pages"}],"about":[{"href":"https:\/\/leboutiquehotelscollection.com\/de\/wp-json\/wp\/v2\/types\/page"}],"author":[{"embeddable":true,"href":"https:\/\/leboutiquehotelscollection.com\/de\/wp-json\/wp\/v2\/users\/1024"}],"replies":[{"embeddable":true,"href":"https:\/\/leboutiquehotelscollection.com\/de\/wp-json\/wp\/v2\/comments?post=1688"}],"version-history":[{"count":2,"href":"https:\/\/leboutiquehotelscollection.com\/de\/wp-json\/wp\/v2\/pages\/1688\/revisions"}],"predecessor-version":[{"id":2430,"href":"https:\/\/leboutiquehotelscollection.com\/de\/wp-json\/wp\/v2\/pages\/1688\/revisions\/2430"}],"wp:attachment":[{"href":"https:\/\/leboutiquehotelscollection.com\/de\/wp-json\/wp\/v2\/media?parent=1688"}],"curies":[{"name":"wp","href":"https:\/\/api.w.org\/{rel}","templated":true}]}}