{"id":1651,"date":"2021-06-13T11:13:21","date_gmt":"2021-06-13T09:13:21","guid":{"rendered":"https:\/\/leboutiquehotelscollection.com\/politique-de-confidentialite\/"},"modified":"2021-10-01T16:20:42","modified_gmt":"2021-10-01T14:20:42","slug":"datenschutzbestimmungen","status":"publish","type":"page","link":"https:\/\/leboutiquehotelscollection.com\/de\/datenschutzbestimmungen\/","title":{"rendered":"Datenschutz-Bestimmungen"},"content":{"rendered":"<div>\n<h2><b><span lang=\"DE\">Wer sind wir?<\/span><\/b><\/h2>\n<\/div>\n<div>\n<p><strong><span lang=\"DE\">\u00a0<\/span><\/strong><span lang=\"DE\">Die Adresse unserer Webseite ist: http:\/\/leboutiquehotelscollection.com\u00a0<\/span><\/p>\n<\/div>\n<div>\n<h2><b><span lang=\"DE\">Kommentare<\/span><\/b><\/h2>\n<\/div>\n<div>\n<p><span lang=\"DE\">Wenn Sie einen Kommentar auf unserer Webseite hinterlassen, werden nicht nur die in das Kommentarformular eingegebenen Daten, sondern auch Ihre IP-Adresse und Ihr Browser-Benutzer-Agent erfasst, damit wir unerw\u00fcnschte Kommentare erkennen k\u00f6nnen.<\/span><\/p>\n<\/div>\n<div>\n<p><span lang=\"DE\">Eine anonymisierte Zeichenfolge, die ab Ihrer E-Mail-Adresse erstellt wird (auch als \u201aHash\u2018 bekannt), kann an den Gravatar-Dienst gesendet werden, um zu \u00fcberpr\u00fcfen, ob Sie den Dienst nutzen. Die Datenschutzbestimmungen des Gravatar-Dienstes finden Sie hier: https:\/\/automattic.com\/privacy\/. Nachdem Ihr Kommentar angenommen wurde, wird Ihr Profilbild neben Ihrem Kommentar \u00f6ffentlich sichtbar sein.<\/span><\/p>\n<\/div>\n<div>\n<h2><b><span lang=\"DE\">Medien<\/span><\/b><\/h2>\n<\/div>\n<div>\n<p><span lang=\"DE\">Wenn Sie Bilder auf die Webseite hochladen, raten wir Ihnen, keine Bilder hochzuladen, die EXIF-Daten von GPS-Koordinaten enthalten. Personen, die Ihre Webseite besuchen, k\u00f6nnen diese Bilder herunterladen und Standortdaten daraus extrahieren.<\/span><\/p>\n<\/div>\n<div>\n<h2><b><span lang=\"DE\">Cookies<\/span><\/b><\/h2>\n<\/div>\n<div>\n<p><strong><span lang=\"DE\">\u00a0<\/span><\/strong><span lang=\"DE\">Wenn Sie einen Kommentar auf unserer Webseite hinterlassen, werden Sie aufgefordert, Ihren Namen, Ihre E-Mail-Adresse und Ihren Standort in Cookies zu speichern. Dies dient ausschlie\u00dflich Ihrer Bequemlichkeit, damit Sie diese Informationen nicht erneut eingeben m\u00fcssen, wenn Sie zu einem sp\u00e4teren Zeitpunkt einen weiteren Kommentar hinterlassen. Diese Cookies verfallen nach einem Jahr.<\/span><\/p>\n<\/div>\n<div>\n<p><span lang=\"DE\">Wenn Sie die Anmeldeseite aufrufen, wird ein tempor\u00e4res Cookie gesetzt, um festzustellen, ob Ihr Browser die Cookies annimmt. Dieser enth\u00e4lt keine pers\u00f6nlichen Daten und wird automatisch beim Schlie\u00dfen Ihres Browsers gel\u00f6scht.<\/span><\/p>\n<\/div>\n<div>\n<p><span lang=\"DE\">Wenn Sie sich anmelden, werden wir eine Reihe von Cookies setzen, um Ihre Anmeldeinformationen und Bildschirmeinstellungen zu speichern. Die Lebensdauer eines Anmelde-Cookies betr\u00e4gt zwei Tage, die Lebensdauer eines Cookies f\u00fcr Bildschirmoptionen ein Jahr. Wenn Sie \u201eAngemeldet bleiben\u201c ankreuzen, bleibt Ihr Login-Cookie zwei Wochen lang gespeichert. Das Anmelde-Cookie wird gel\u00f6scht, wenn Sie sich von Ihrem Konto abmelden.<\/span><\/p>\n<\/div>\n<div>\n<p><span lang=\"DE\">Wenn Sie einen Beitrag bearbeiten oder ver\u00f6ffentlichen, wird ein zus\u00e4tzliches Cookie in Ihrem Browser gespeichert. Dieses Cookie enth\u00e4lt keine personenbezogenen Daten. Es gibt einfach die ID der Ver\u00f6ffentlichung an, die Sie gerade bearbeitet haben. Es verf\u00e4llt nach einem Tag.<\/span><\/p>\n<\/div>\n<div>\n<h2><b><span lang=\"DE\">Eingebettete Inhalte von anderen Webseiten<\/span><\/b><\/h2>\n<\/div>\n<div>\n<p><strong><span lang=\"DE\">\u00a0<\/span><\/strong><span lang=\"DE\">Die Artikel auf dieser Webseite k\u00f6nnen eingebettete Inhalte enthalten (z.B. Videos, Bilder, Artikel&#8230;). Eingebettete Inhalte von anderen Webseiten verhalten sich so, als ob sich der Besucher auf dieser anderen Webseite befinden w\u00fcrde.<\/span><\/p>\n<\/div>\n<div>\n<p><span lang=\"DE\">Diese Webseiten k\u00f6nnen Daten \u00fcber Sie sammeln, Cookies verwenden, \u00dcberwachungsinstrumente von Drittanbietern einbetten und Ihre Interaktionen mit diesen eingebetteten Inhalten verfolgen, wenn Sie ein Konto auf ihrer Webseite angemeldet haben.<\/span><\/p>\n<\/div>\n<div>\n<h2><b><span lang=\"DE\">Verwendung und \u00dcbertragung Ihrer personenbezogenen Daten<\/span><\/b><\/h2>\n<\/div>\n<div>\n<p><strong><span lang=\"DE\">\u00a0<\/span><\/strong><span lang=\"DE\">Wenn Sie ein neues Passwort anfordern, wird Ihre IP-Adresse in der E-Mail mit dem neuen Passwort angegeben.<\/span><\/p>\n<\/div>\n<div>\n<h2><b><span lang=\"DE\">Speicherdauer Ihrer Daten<\/span><\/b><\/h2>\n<\/div>\n<div>\n<p><span lang=\"DE\">Wenn Sie einen Kommentar hinterlassen, werden der Kommentar sowie seine Metadaten auf unbestimmte Zeit gespeichert. Dies erm\u00f6glicht es uns, nachfolgende Kommentare automatisch zu erkennen und diese zu genehmigen, anstatt sie in der Moderationswarteschlange zu belassen.<\/span><\/p>\n<\/div>\n<div>\n<p><span lang=\"DE\">F\u00fcr Konten, die sich (gegebenenfalls) auf unserer Webseite registrieren, speichern wir auch die in ihrem Profil angegebenen pers\u00f6nlichen Daten. Alle Konten k\u00f6nnen ihre pers\u00f6nlichen Daten jederzeit einsehen, bearbeiten oder l\u00f6schen (mit Ausnahme ihrer Benutzerkennung). Auch Standortleiter k\u00f6nnen diese Informationen einsehen und bearbeiten.<\/span><\/p>\n<\/div>\n<div>\n<h2><b><span lang=\"DE\">Ihre Rechte in Bezug auf Ihre Daten<\/span><\/b><\/h2>\n<\/div>\n<div>\n<p><span lang=\"DE\">Wenn Sie \u00fcber ein Konto verf\u00fcgen oder Kommentare auf der Webseite hinterlassen haben, k\u00f6nnen Sie eine Datei mit allen personenbezogenen Daten anfordern, die wir \u00fcber Sie gespeichert haben, einschlie\u00dflich der Daten, die Sie uns zur Verf\u00fcgung gestellt haben. Sie k\u00f6nnen auch die L\u00f6schung Ihrer personenbezogenen Daten beantragen. Dies gilt allerdings nicht f\u00fcr Daten, die zu Verwaltungszwecken gespeichert werden.<\/span><\/p>\n<\/div>\n<div>\n<h2><b><span lang=\"DE\">\u00dcbertragung Ihrer personenbezogenen Daten<\/span><\/b><\/h2>\n<\/div>\n<div>\n<p><span lang=\"DE\">Die Kommentare der Besucher k\u00f6nnen mit Hilfe eines automatischen Spam-Erkennungsdienstes \u00fcberpr\u00fcft werden.<\/span><\/p>\n<\/div>\n","protected":false},"excerpt":{"rendered":"<p>Wer sind wir? \u00a0Die Adresse unserer Webseite ist: http:\/\/leboutiquehotelscollection.com\u00a0 Kommentare Wenn Sie einen Kommentar auf unserer Webseite hinterlassen, werden nicht nur die in das Kommentarformular eingegebenen Daten, sondern auch Ihre IP-Adresse und Ihr Browser-Benutzer-Agent erfasst, damit wir unerw\u00fcnschte Kommentare erkennen k\u00f6nnen. Eine anonymisierte Zeichenfolge, die ab Ihrer E-Mail-Adresse erstellt wird (auch als \u201aHash\u2018 bekannt), kann&hellip;<\/p>\n","protected":false},"author":1024,"featured_media":0,"parent":0,"menu_order":0,"comment_status":"closed","ping_status":"closed","template":"","meta":{"_acf_changed":false,"inline_featured_image":false,"footnotes":""},"class_list":["post-1651","page","type-page","status-publish","hentry","entry","no-media"],"acf":[],"yoast_head":"<!-- This site is optimized with the Yoast SEO plugin v27.1.1 - https:\/\/yoast.com\/product\/yoast-seo-wordpress\/ -->\n<title>Datenschutz-Bestimmungen - Boutique H\u00f4tels Collection<\/title>\n<meta name=\"robots\" content=\"index, follow, max-snippet:-1, max-image-preview:large, max-video-preview:-1\" \/>\n<link rel=\"canonical\" href=\"https:\/\/leboutiquehotelscollection.com\/de\/datenschutzbestimmungen\/\" \/>\n<meta property=\"og:locale\" content=\"de_DE\" \/>\n<meta property=\"og:type\" content=\"article\" \/>\n<meta property=\"og:title\" content=\"Datenschutz-Bestimmungen - Boutique H\u00f4tels Collection\" \/>\n<meta property=\"og:description\" content=\"Wer sind wir? \u00a0Die Adresse unserer Webseite ist: http:\/\/leboutiquehotelscollection.com\u00a0 Kommentare Wenn Sie einen Kommentar auf unserer Webseite hinterlassen, werden nicht nur die in das Kommentarformular eingegebenen Daten, sondern auch Ihre IP-Adresse und Ihr Browser-Benutzer-Agent erfasst, damit wir unerw\u00fcnschte Kommentare erkennen k\u00f6nnen. Eine anonymisierte Zeichenfolge, die ab Ihrer E-Mail-Adresse erstellt wird (auch als \u201aHash\u2018 bekannt), kann&hellip;\" \/>\n<meta property=\"og:url\" content=\"https:\/\/leboutiquehotelscollection.com\/de\/datenschutzbestimmungen\/\" \/>\n<meta property=\"og:site_name\" content=\"Boutique H\u00f4tels Collection\" \/>\n<meta property=\"article:modified_time\" content=\"2021-10-01T14:20:42+00:00\" \/>\n<meta name=\"twitter:card\" content=\"summary_large_image\" \/>\n<meta name=\"twitter:label1\" content=\"Gesch\u00e4tzte Lesezeit\" \/>\n\t<meta name=\"twitter:data1\" content=\"3\u00a0Minuten\" \/>\n<script type=\"application\/ld+json\" class=\"yoast-schema-graph\">{\"@context\":\"https:\/\/schema.org\",\"@graph\":[{\"@type\":\"WebPage\",\"@id\":\"https:\/\/leboutiquehotelscollection.com\/de\/datenschutzbestimmungen\/\",\"url\":\"https:\/\/leboutiquehotelscollection.com\/de\/datenschutzbestimmungen\/\",\"name\":\"Datenschutz-Bestimmungen - Boutique H\u00f4tels Collection\",\"isPartOf\":{\"@id\":\"https:\/\/leboutiquehotelscollection.com\/#website\"},\"datePublished\":\"2021-06-13T09:13:21+00:00\",\"dateModified\":\"2021-10-01T14:20:42+00:00\",\"breadcrumb\":{\"@id\":\"https:\/\/leboutiquehotelscollection.com\/de\/datenschutzbestimmungen\/#breadcrumb\"},\"inLanguage\":\"de\",\"potentialAction\":[{\"@type\":\"ReadAction\",\"target\":[\"https:\/\/leboutiquehotelscollection.com\/de\/datenschutzbestimmungen\/\"]}]},{\"@type\":\"BreadcrumbList\",\"@id\":\"https:\/\/leboutiquehotelscollection.com\/de\/datenschutzbestimmungen\/#breadcrumb\",\"itemListElement\":[{\"@type\":\"ListItem\",\"position\":1,\"name\":\"Accueil\",\"item\":\"https:\/\/leboutiquehotelscollection.com\/de\/\"},{\"@type\":\"ListItem\",\"position\":2,\"name\":\"Datenschutz-Bestimmungen\"}]},{\"@type\":\"WebSite\",\"@id\":\"https:\/\/leboutiquehotelscollection.com\/#website\",\"url\":\"https:\/\/leboutiquehotelscollection.com\/\",\"name\":\"Boutique H\u00f4tels Collection\",\"description\":\"Exigez l&#039;exceptionnel\",\"publisher\":{\"@id\":\"https:\/\/leboutiquehotelscollection.com\/#organization\"},\"potentialAction\":[{\"@type\":\"SearchAction\",\"target\":{\"@type\":\"EntryPoint\",\"urlTemplate\":\"https:\/\/leboutiquehotelscollection.com\/?s={search_term_string}\"},\"query-input\":{\"@type\":\"PropertyValueSpecification\",\"valueRequired\":true,\"valueName\":\"search_term_string\"}}],\"inLanguage\":\"de\"},{\"@type\":\"Organization\",\"@id\":\"https:\/\/leboutiquehotelscollection.com\/#organization\",\"name\":\"Boutique H\u00f4tels Collection\",\"url\":\"https:\/\/leboutiquehotelscollection.com\/\",\"logo\":{\"@type\":\"ImageObject\",\"inLanguage\":\"de\",\"@id\":\"https:\/\/leboutiquehotelscollection.com\/#\/schema\/logo\/image\/\",\"url\":\"https:\/\/leboutiquehotelscollection.com\/wp-content\/uploads\/2021\/07\/boutique-hotels-collection-logo.svg\",\"contentUrl\":\"https:\/\/leboutiquehotelscollection.com\/wp-content\/uploads\/2021\/07\/boutique-hotels-collection-logo.svg\",\"caption\":\"Boutique H\u00f4tels Collection\"},\"image\":{\"@id\":\"https:\/\/leboutiquehotelscollection.com\/#\/schema\/logo\/image\/\"}}]}<\/script>\n<!-- \/ Yoast SEO plugin. -->","yoast_head_json":{"title":"Datenschutz-Bestimmungen - Boutique H\u00f4tels Collection","robots":{"index":"index","follow":"follow","max-snippet":"max-snippet:-1","max-image-preview":"max-image-preview:large","max-video-preview":"max-video-preview:-1"},"canonical":"https:\/\/leboutiquehotelscollection.com\/de\/datenschutzbestimmungen\/","og_locale":"de_DE","og_type":"article","og_title":"Datenschutz-Bestimmungen - Boutique H\u00f4tels Collection","og_description":"Wer sind wir? \u00a0Die Adresse unserer Webseite ist: http:\/\/leboutiquehotelscollection.com\u00a0 Kommentare Wenn Sie einen Kommentar auf unserer Webseite hinterlassen, werden nicht nur die in das Kommentarformular eingegebenen Daten, sondern auch Ihre IP-Adresse und Ihr Browser-Benutzer-Agent erfasst, damit wir unerw\u00fcnschte Kommentare erkennen k\u00f6nnen. Eine anonymisierte Zeichenfolge, die ab Ihrer E-Mail-Adresse erstellt wird (auch als \u201aHash\u2018 bekannt), kann&hellip;","og_url":"https:\/\/leboutiquehotelscollection.com\/de\/datenschutzbestimmungen\/","og_site_name":"Boutique H\u00f4tels Collection","article_modified_time":"2021-10-01T14:20:42+00:00","twitter_card":"summary_large_image","twitter_misc":{"Gesch\u00e4tzte Lesezeit":"3\u00a0Minuten"},"schema":{"@context":"https:\/\/schema.org","@graph":[{"@type":"WebPage","@id":"https:\/\/leboutiquehotelscollection.com\/de\/datenschutzbestimmungen\/","url":"https:\/\/leboutiquehotelscollection.com\/de\/datenschutzbestimmungen\/","name":"Datenschutz-Bestimmungen - Boutique H\u00f4tels Collection","isPartOf":{"@id":"https:\/\/leboutiquehotelscollection.com\/#website"},"datePublished":"2021-06-13T09:13:21+00:00","dateModified":"2021-10-01T14:20:42+00:00","breadcrumb":{"@id":"https:\/\/leboutiquehotelscollection.com\/de\/datenschutzbestimmungen\/#breadcrumb"},"inLanguage":"de","potentialAction":[{"@type":"ReadAction","target":["https:\/\/leboutiquehotelscollection.com\/de\/datenschutzbestimmungen\/"]}]},{"@type":"BreadcrumbList","@id":"https:\/\/leboutiquehotelscollection.com\/de\/datenschutzbestimmungen\/#breadcrumb","itemListElement":[{"@type":"ListItem","position":1,"name":"Accueil","item":"https:\/\/leboutiquehotelscollection.com\/de\/"},{"@type":"ListItem","position":2,"name":"Datenschutz-Bestimmungen"}]},{"@type":"WebSite","@id":"https:\/\/leboutiquehotelscollection.com\/#website","url":"https:\/\/leboutiquehotelscollection.com\/","name":"Boutique H\u00f4tels Collection","description":"Exigez l&#039;exceptionnel","publisher":{"@id":"https:\/\/leboutiquehotelscollection.com\/#organization"},"potentialAction":[{"@type":"SearchAction","target":{"@type":"EntryPoint","urlTemplate":"https:\/\/leboutiquehotelscollection.com\/?s={search_term_string}"},"query-input":{"@type":"PropertyValueSpecification","valueRequired":true,"valueName":"search_term_string"}}],"inLanguage":"de"},{"@type":"Organization","@id":"https:\/\/leboutiquehotelscollection.com\/#organization","name":"Boutique H\u00f4tels Collection","url":"https:\/\/leboutiquehotelscollection.com\/","logo":{"@type":"ImageObject","inLanguage":"de","@id":"https:\/\/leboutiquehotelscollection.com\/#\/schema\/logo\/image\/","url":"https:\/\/leboutiquehotelscollection.com\/wp-content\/uploads\/2021\/07\/boutique-hotels-collection-logo.svg","contentUrl":"https:\/\/leboutiquehotelscollection.com\/wp-content\/uploads\/2021\/07\/boutique-hotels-collection-logo.svg","caption":"Boutique H\u00f4tels Collection"},"image":{"@id":"https:\/\/leboutiquehotelscollection.com\/#\/schema\/logo\/image\/"}}]}},"_links":{"self":[{"href":"https:\/\/leboutiquehotelscollection.com\/de\/wp-json\/wp\/v2\/pages\/1651","targetHints":{"allow":["GET"]}}],"collection":[{"href":"https:\/\/leboutiquehotelscollection.com\/de\/wp-json\/wp\/v2\/pages"}],"about":[{"href":"https:\/\/leboutiquehotelscollection.com\/de\/wp-json\/wp\/v2\/types\/page"}],"author":[{"embeddable":true,"href":"https:\/\/leboutiquehotelscollection.com\/de\/wp-json\/wp\/v2\/users\/1024"}],"replies":[{"embeddable":true,"href":"https:\/\/leboutiquehotelscollection.com\/de\/wp-json\/wp\/v2\/comments?post=1651"}],"version-history":[{"count":3,"href":"https:\/\/leboutiquehotelscollection.com\/de\/wp-json\/wp\/v2\/pages\/1651\/revisions"}],"predecessor-version":[{"id":1663,"href":"https:\/\/leboutiquehotelscollection.com\/de\/wp-json\/wp\/v2\/pages\/1651\/revisions\/1663"}],"wp:attachment":[{"href":"https:\/\/leboutiquehotelscollection.com\/de\/wp-json\/wp\/v2\/media?parent=1651"}],"curies":[{"name":"wp","href":"https:\/\/api.w.org\/{rel}","templated":true}]}}