{"id":1644,"date":"2021-08-10T10:52:51","date_gmt":"2021-08-10T08:52:51","guid":{"rendered":"https:\/\/leboutiquehotelscollection.com\/mentions-legales\/"},"modified":"2021-10-01T16:20:08","modified_gmt":"2021-10-01T14:20:08","slug":"impressum","status":"publish","type":"page","link":"https:\/\/leboutiquehotelscollection.com\/de\/impressum\/","title":{"rendered":"Impressum"},"content":{"rendered":"<div>\n<p>Gem\u00e4\u00df den Bestimmungen der Artikel 6-III und 19 des Gesetzes Nr. 2004-575 vom 21. Juni 2004 \u00fcber das Vertrauen in die digitale Wirtschaft, bekannt als L.C.E.N., werden die Nutzer der Webseite \u201aLe Boutique Hotels Collection\u2018 \u00fcber die vorliegenden rechtlichen Hinweise informiert.<\/p>\n<p>Die Verbindung mit der Webseite (Name der Webseite angeben) und das Navigieren auf dieser Webseite durch den Nutzer setzt die vollst\u00e4ndige und uneingeschr\u00e4nkte Annahme dieser rechtlichen Hinweise voraus.<\/p>\n<p>Diese sind auf der Webseite unter der Rubrik \u201eRechtliche Hinweise\u201c zu finden.<\/p>\n<p><strong>ARTIKEL 1: Der Herausgeber<\/strong><\/p>\n<p>Die Webseite \u201aLe Boutique Hotels Collection\u2018 wird von der Gesellschaft SASU Boutique Hotels Collection mit einem Kapital von 5.000 Euro herausgegeben, die im Handels- und Gesellschaftsregister von Bordeaux unter der Nummer 893477141 eingetragen ist und ihren Sitz in der 14 Rue Emile Fourcand hat, Telefonnummer 0556488040, E-Mail-Adresse: contact@le-bhc.com.<\/p>\n<p>Innergemeinschaftliche Mehrwertsteuernummer FR74893477141<\/p>\n<p>Der Verlagsleiter ist Herr Christophe San Jos\u00e9.<\/p>\n<p><strong>ARTIKEL 2: Der Host<\/strong><\/p>\n<p>Der Host der Webseite Le Boutique Hotels Collection ist die in Roubaix angesiedelte Gesellschaft OVH CLOUD.<\/p>\n<p><strong>ARTIKEL 3: Zugang zur Webseite<\/strong><\/p>\n<p>Die Webseite ist von jedem Ort aus zug\u00e4nglich, 7 Tage die Woche, 24 Stunden am Tag, au\u00dfer im Falle h\u00f6herer Gewalt, geplanter oder ungeplanter Unterbrechungen, die sich aus der Notwendigkeit von Wartungsarbeiten ergeben k\u00f6nnen.<\/p>\n<p>Im Falle einer \u00c4nderung, Unterbrechung oder Aussetzung der Dienstleistungen kann Le Boutique Hotels Collection nicht haftbar daf\u00fcr gemacht werden.<\/p>\n<p><strong>ARTIKEL 4: Datenerhebung:<\/strong><\/p>\n<p>Die Webseite ist von der Meldepflicht gegen\u00fcber der nationalen Kommission f\u00fcr Informatik und Freiheit (Commission Nationale Informatique et Libert\u00e9s (CNIL)) ausgenommen, da sie keinerlei Daten \u00fcber die Benutzer sammelt.<\/p>\n<p><strong>ARTIKEL 5: Cookies<\/strong><\/p>\n<p>Der Benutzer wird dar\u00fcber informiert, dass bei seinen Besuchen auf der Webseite automatisch ein Cookie in seinem Browser installiert werden kann.<\/p>\n<p>Wenn er die Webseite besucht, akzeptiert er diese.<\/p>\n<p>Ein Cookie ist ein Element, mit dem der Benutzer nicht identifiziert werden kann, der aber dazu dient, Informationen \u00fcber die Navigation des Benutzers auf der Webseite aufzuzeichnen. Der Nutzer kann dieses Cookie \u00fcber die Einstellungen in seinem Internet-Browser deaktivieren.<\/p>\n<p><strong>ARTIKEL 6: Geistiges Eigentum<\/strong><\/p>\n<p>Jegliche Nutzung, Vervielf\u00e4ltigung, Verbreitung, Vermarktung oder Ver\u00e4nderung der gesamten oder eines Teils der Webseite von Le Boutique Hotels Collection ohne die Genehmigung des Herausgebers ist verboten und kann gem\u00e4\u00df dem Gesetz \u00fcber das geistige Eigentum und dem Zivilgesetzbuch strafrechtlich verfolgt werden.<\/p>\n<p>Weitere Informationen finden Sie in den Allgemeinen Gesch\u00e4ftsbedingungen (AGB\u2018s) der Webseite von Le Boutique Hotels Collection, die Sie unter der Rubrik \u201eAGB\u2018s\u201c aufrufen k\u00f6nnen.<\/p>\n<p><strong>ARTIKEL 7: Ombudsmann f\u00fcr Verbraucher<\/strong><\/p>\n<p>Der im Falle einer Reklamation oder Streitigkeit zust\u00e4ndige Ombudsmann f\u00fcr Verbraucher:<\/p>\n<p><em>Siehe Artikel L.612-1 und Artikel R.616-1 des franz\u00f6sischen Verbrauchergesetzbuches.<\/em><\/p>\n<ul>\n<li>Beilegung von Online-Streitigkeiten:<\/li>\n<\/ul>\n<p><a href=\"https:\/\/webgate.ec.europa.eu\/odr\/main\/index.cfm?event=main.home.show&amp;lng=FR\">https:\/\/webgate.ec.europa.eu\/odr\/main\/index.cfm?event=main.home.show&amp;lng=FR<\/a><\/p>\n<p><em>Siehe Artikel L.616-2 des franz\u00f6sischen Verbrauchergesetzbuches und Artikel 14 der Verordnung Nr. 524\/2013 des Europ\u00e4ischen Parlaments und des Rates vom 21. Mai 2013.<\/em><\/p>\n<ul>\n<li>Recht auf Widerspruch gegen Telefonmarketing<\/li>\n<\/ul>\n<p>Gem\u00e4\u00df\u00a0<em>Artikel L.223-2 des franz\u00f6sischen Verbrauchergesetzbuches<\/em>, hat jeder Verbraucher, der einem Gewerbetreibenden seine Telefondaten mitgeteilt hat, das Recht, sich in die Liste der Opposition gegen Telefonmarketing eintragen zu lassen.<\/p>\n<\/div>\n<div>\n<div>\n<p>&nbsp;<\/p>\n<\/div>\n<\/div>\n","protected":false},"excerpt":{"rendered":"<p>Gem\u00e4\u00df den Bestimmungen der Artikel 6-III und 19 des Gesetzes Nr. 2004-575 vom 21. Juni 2004 \u00fcber das Vertrauen in die digitale Wirtschaft, bekannt als L.C.E.N., werden die Nutzer der Webseite \u201aLe Boutique Hotels Collection\u2018 \u00fcber die vorliegenden rechtlichen Hinweise informiert. Die Verbindung mit der Webseite (Name der Webseite angeben) und das Navigieren auf dieser&hellip;<\/p>\n","protected":false},"author":1024,"featured_media":0,"parent":0,"menu_order":0,"comment_status":"closed","ping_status":"closed","template":"","meta":{"_acf_changed":false,"inline_featured_image":false,"footnotes":""},"class_list":["post-1644","page","type-page","status-publish","hentry","entry","no-media"],"acf":[],"yoast_head":"<!-- This site is optimized with the Yoast SEO plugin v27.1.1 - https:\/\/yoast.com\/product\/yoast-seo-wordpress\/ -->\n<title>Impressum - Boutique H\u00f4tels Collection<\/title>\n<meta name=\"robots\" content=\"index, follow, max-snippet:-1, max-image-preview:large, max-video-preview:-1\" \/>\n<link rel=\"canonical\" href=\"https:\/\/leboutiquehotelscollection.com\/de\/impressum\/\" \/>\n<meta property=\"og:locale\" content=\"de_DE\" \/>\n<meta property=\"og:type\" content=\"article\" \/>\n<meta property=\"og:title\" content=\"Impressum - Boutique H\u00f4tels Collection\" \/>\n<meta property=\"og:description\" content=\"Gem\u00e4\u00df den Bestimmungen der Artikel 6-III und 19 des Gesetzes Nr. 2004-575 vom 21. Juni 2004 \u00fcber das Vertrauen in die digitale Wirtschaft, bekannt als L.C.E.N., werden die Nutzer der Webseite \u201aLe Boutique Hotels Collection\u2018 \u00fcber die vorliegenden rechtlichen Hinweise informiert. Die Verbindung mit der Webseite (Name der Webseite angeben) und das Navigieren auf dieser&hellip;\" \/>\n<meta property=\"og:url\" content=\"https:\/\/leboutiquehotelscollection.com\/de\/impressum\/\" \/>\n<meta property=\"og:site_name\" content=\"Boutique H\u00f4tels Collection\" \/>\n<meta property=\"article:modified_time\" content=\"2021-10-01T14:20:08+00:00\" \/>\n<meta name=\"twitter:card\" content=\"summary_large_image\" \/>\n<meta name=\"twitter:label1\" content=\"Gesch\u00e4tzte Lesezeit\" \/>\n\t<meta name=\"twitter:data1\" content=\"3\u00a0Minuten\" \/>\n<script type=\"application\/ld+json\" class=\"yoast-schema-graph\">{\"@context\":\"https:\/\/schema.org\",\"@graph\":[{\"@type\":\"WebPage\",\"@id\":\"https:\/\/leboutiquehotelscollection.com\/de\/impressum\/\",\"url\":\"https:\/\/leboutiquehotelscollection.com\/de\/impressum\/\",\"name\":\"Impressum - Boutique H\u00f4tels Collection\",\"isPartOf\":{\"@id\":\"https:\/\/leboutiquehotelscollection.com\/#website\"},\"datePublished\":\"2021-08-10T08:52:51+00:00\",\"dateModified\":\"2021-10-01T14:20:08+00:00\",\"breadcrumb\":{\"@id\":\"https:\/\/leboutiquehotelscollection.com\/de\/impressum\/#breadcrumb\"},\"inLanguage\":\"de\",\"potentialAction\":[{\"@type\":\"ReadAction\",\"target\":[\"https:\/\/leboutiquehotelscollection.com\/de\/impressum\/\"]}]},{\"@type\":\"BreadcrumbList\",\"@id\":\"https:\/\/leboutiquehotelscollection.com\/de\/impressum\/#breadcrumb\",\"itemListElement\":[{\"@type\":\"ListItem\",\"position\":1,\"name\":\"Accueil\",\"item\":\"https:\/\/leboutiquehotelscollection.com\/de\/\"},{\"@type\":\"ListItem\",\"position\":2,\"name\":\"Impressum\"}]},{\"@type\":\"WebSite\",\"@id\":\"https:\/\/leboutiquehotelscollection.com\/#website\",\"url\":\"https:\/\/leboutiquehotelscollection.com\/\",\"name\":\"Boutique H\u00f4tels Collection\",\"description\":\"Exigez l&#039;exceptionnel\",\"publisher\":{\"@id\":\"https:\/\/leboutiquehotelscollection.com\/#organization\"},\"potentialAction\":[{\"@type\":\"SearchAction\",\"target\":{\"@type\":\"EntryPoint\",\"urlTemplate\":\"https:\/\/leboutiquehotelscollection.com\/?s={search_term_string}\"},\"query-input\":{\"@type\":\"PropertyValueSpecification\",\"valueRequired\":true,\"valueName\":\"search_term_string\"}}],\"inLanguage\":\"de\"},{\"@type\":\"Organization\",\"@id\":\"https:\/\/leboutiquehotelscollection.com\/#organization\",\"name\":\"Boutique H\u00f4tels Collection\",\"url\":\"https:\/\/leboutiquehotelscollection.com\/\",\"logo\":{\"@type\":\"ImageObject\",\"inLanguage\":\"de\",\"@id\":\"https:\/\/leboutiquehotelscollection.com\/#\/schema\/logo\/image\/\",\"url\":\"https:\/\/leboutiquehotelscollection.com\/wp-content\/uploads\/2021\/07\/boutique-hotels-collection-logo.svg\",\"contentUrl\":\"https:\/\/leboutiquehotelscollection.com\/wp-content\/uploads\/2021\/07\/boutique-hotels-collection-logo.svg\",\"caption\":\"Boutique H\u00f4tels Collection\"},\"image\":{\"@id\":\"https:\/\/leboutiquehotelscollection.com\/#\/schema\/logo\/image\/\"}}]}<\/script>\n<!-- \/ Yoast SEO plugin. -->","yoast_head_json":{"title":"Impressum - Boutique H\u00f4tels Collection","robots":{"index":"index","follow":"follow","max-snippet":"max-snippet:-1","max-image-preview":"max-image-preview:large","max-video-preview":"max-video-preview:-1"},"canonical":"https:\/\/leboutiquehotelscollection.com\/de\/impressum\/","og_locale":"de_DE","og_type":"article","og_title":"Impressum - Boutique H\u00f4tels Collection","og_description":"Gem\u00e4\u00df den Bestimmungen der Artikel 6-III und 19 des Gesetzes Nr. 2004-575 vom 21. Juni 2004 \u00fcber das Vertrauen in die digitale Wirtschaft, bekannt als L.C.E.N., werden die Nutzer der Webseite \u201aLe Boutique Hotels Collection\u2018 \u00fcber die vorliegenden rechtlichen Hinweise informiert. Die Verbindung mit der Webseite (Name der Webseite angeben) und das Navigieren auf dieser&hellip;","og_url":"https:\/\/leboutiquehotelscollection.com\/de\/impressum\/","og_site_name":"Boutique H\u00f4tels Collection","article_modified_time":"2021-10-01T14:20:08+00:00","twitter_card":"summary_large_image","twitter_misc":{"Gesch\u00e4tzte Lesezeit":"3\u00a0Minuten"},"schema":{"@context":"https:\/\/schema.org","@graph":[{"@type":"WebPage","@id":"https:\/\/leboutiquehotelscollection.com\/de\/impressum\/","url":"https:\/\/leboutiquehotelscollection.com\/de\/impressum\/","name":"Impressum - Boutique H\u00f4tels Collection","isPartOf":{"@id":"https:\/\/leboutiquehotelscollection.com\/#website"},"datePublished":"2021-08-10T08:52:51+00:00","dateModified":"2021-10-01T14:20:08+00:00","breadcrumb":{"@id":"https:\/\/leboutiquehotelscollection.com\/de\/impressum\/#breadcrumb"},"inLanguage":"de","potentialAction":[{"@type":"ReadAction","target":["https:\/\/leboutiquehotelscollection.com\/de\/impressum\/"]}]},{"@type":"BreadcrumbList","@id":"https:\/\/leboutiquehotelscollection.com\/de\/impressum\/#breadcrumb","itemListElement":[{"@type":"ListItem","position":1,"name":"Accueil","item":"https:\/\/leboutiquehotelscollection.com\/de\/"},{"@type":"ListItem","position":2,"name":"Impressum"}]},{"@type":"WebSite","@id":"https:\/\/leboutiquehotelscollection.com\/#website","url":"https:\/\/leboutiquehotelscollection.com\/","name":"Boutique H\u00f4tels Collection","description":"Exigez l&#039;exceptionnel","publisher":{"@id":"https:\/\/leboutiquehotelscollection.com\/#organization"},"potentialAction":[{"@type":"SearchAction","target":{"@type":"EntryPoint","urlTemplate":"https:\/\/leboutiquehotelscollection.com\/?s={search_term_string}"},"query-input":{"@type":"PropertyValueSpecification","valueRequired":true,"valueName":"search_term_string"}}],"inLanguage":"de"},{"@type":"Organization","@id":"https:\/\/leboutiquehotelscollection.com\/#organization","name":"Boutique H\u00f4tels Collection","url":"https:\/\/leboutiquehotelscollection.com\/","logo":{"@type":"ImageObject","inLanguage":"de","@id":"https:\/\/leboutiquehotelscollection.com\/#\/schema\/logo\/image\/","url":"https:\/\/leboutiquehotelscollection.com\/wp-content\/uploads\/2021\/07\/boutique-hotels-collection-logo.svg","contentUrl":"https:\/\/leboutiquehotelscollection.com\/wp-content\/uploads\/2021\/07\/boutique-hotels-collection-logo.svg","caption":"Boutique H\u00f4tels Collection"},"image":{"@id":"https:\/\/leboutiquehotelscollection.com\/#\/schema\/logo\/image\/"}}]}},"_links":{"self":[{"href":"https:\/\/leboutiquehotelscollection.com\/de\/wp-json\/wp\/v2\/pages\/1644","targetHints":{"allow":["GET"]}}],"collection":[{"href":"https:\/\/leboutiquehotelscollection.com\/de\/wp-json\/wp\/v2\/pages"}],"about":[{"href":"https:\/\/leboutiquehotelscollection.com\/de\/wp-json\/wp\/v2\/types\/page"}],"author":[{"embeddable":true,"href":"https:\/\/leboutiquehotelscollection.com\/de\/wp-json\/wp\/v2\/users\/1024"}],"replies":[{"embeddable":true,"href":"https:\/\/leboutiquehotelscollection.com\/de\/wp-json\/wp\/v2\/comments?post=1644"}],"version-history":[{"count":3,"href":"https:\/\/leboutiquehotelscollection.com\/de\/wp-json\/wp\/v2\/pages\/1644\/revisions"}],"predecessor-version":[{"id":1649,"href":"https:\/\/leboutiquehotelscollection.com\/de\/wp-json\/wp\/v2\/pages\/1644\/revisions\/1649"}],"wp:attachment":[{"href":"https:\/\/leboutiquehotelscollection.com\/de\/wp-json\/wp\/v2\/media?parent=1644"}],"curies":[{"name":"wp","href":"https:\/\/api.w.org\/{rel}","templated":true}]}}